{"id":95,"date":"2017-02-11T15:14:43","date_gmt":"2017-02-11T14:14:43","guid":{"rendered":"http:\/\/wordpress.avepharma.eu\/?page_id=95"},"modified":"2021-02-09T17:55:37","modified_gmt":"2021-02-09T16:55:37","slug":"elimax","status":"publish","type":"page","link":"https:\/\/avepharma.eu\/en\/elimax\/","title":{"rendered":"ELIMAX"},"content":{"rendered":"[vc_row full_width=&#8221;stretch_row_content&#8221;][vc_column][vc_single_image image=&#8221;867&#8243; img_size=&#8221;full&#8221; alignment=&#8221;center&#8221;][\/vc_column][\/vc_row][vc_row css=&#8221;.vc_custom_1508370326989{margin-bottom: 0px !important;border-bottom-width: 0px !important;padding-bottom: 0px !important;}&#8221;][vc_column][vc_column_text]\n<p style=\"text-align: justify;\">Is unique preparation againsT lice, that doesn\u2019t only annihilates lice and nits, but also contains safety factor, which repulses the new ones. Behind the product range Elimax stands Oystershell Laboratories company, established in 1979. Today the company is a leader in natural OTC products and pharmaceutical preparations based on inovative technologies.<\/p>\n[\/vc_column_text][mk_fancy_title size=&#8221;18&#8243; margin_top=&#8221;30&#8243; margin_bottom=&#8221;0&#8243; font_family=&#8221;none&#8221;]PRODUCTS[\/mk_fancy_title][\/vc_column][\/vc_row][vc_row fullwidth=&#8221;true&#8221; fullwidth_content=&#8221;false&#8221; full_width=&#8221;stretch_row&#8221; css=&#8221;.vc_custom_1508370064048{padding-top: 35px !important;padding-bottom: 35px !important;background-color: #ebebeb !important;}&#8221;][vc_column width=&#8221;1\/2&#8243;][vc_single_image image=&#8221;1098&#8243; img_size=&#8221;140&#215;340&#8243; alignment=&#8221;center&#8221; onclick=&#8221;link_image&#8221;][\/vc_column][vc_column width=&#8221;1\/2&#8243;][mk_fancy_title size=&#8221;18&#8243; font_family=&#8221;none&#8221;]Elimax \u00ae shampoo 100 ml[\/mk_fancy_title][vc_column_text]A shampoo against lice and nits. Use Elimax shampoo as preventive treatment or as hair protection in case of attack by childish lice,or in case that the lice and nits has been found in your surroundings.<\/p>\n<ul>\n<li>Protects hair.<\/li>\n<li>Rapid action onset.<\/li>\n<li>Acts as a prevention.<\/li>\n<li>Eliminates lice and nits.<\/li>\n<li>Without insecticides and silicone.<\/li>\n<li>A comb is a part of the pack<\/li>\n<\/ul>\n[\/vc_column_text][vc_row_inner][vc_column_inner width=&#8221;1\/3&#8243;][vc_btn title=&#8221;More information&#8221; style=&#8221;custom&#8221; custom_background=&#8221;#993300&#8243; custom_text=&#8221;#ffffff&#8221; link=&#8221;url:http%3A%2F%2Fshop.avepharma.eu%2Fprodukt%2Felimax-sampon-s-ocharnnym-faktorom%2F%23popis||&#8221; el_class=&#8221;skryelimax&#8221;][\/vc_column_inner][vc_column_inner width=&#8221;1\/3&#8243;][vc_btn title=&#8221;Buy&#8221; color=&#8221;green&#8221; link=&#8221;url:http%3A%2F%2Fshop.avepharma.eu%2Fprodukt%2Felimax-sampon-s-ocharnnym-faktorom%2F||&#8221; el_class=&#8221;skryelimax&#8221;][\/vc_column_inner][vc_column_inner width=&#8221;1\/3&#8243;][\/vc_column_inner][\/vc_row_inner][\/vc_column][\/vc_row][vc_row full_width=&#8221;stretch_row&#8221; css=&#8221;.vc_custom_1507473883252{padding-top: 30px !important;padding-bottom: 30px !important;}&#8221;][vc_column width=&#8221;1\/2&#8243;][mk_fancy_title size=&#8221;18&#8243; font_family=&#8221;none&#8221;]Elimax \u00ae Hair water 100 ml[\/mk_fancy_title][vc_column_text]Hair water against lice and nits. The hair water is special preparation againt the lice and nits, that prevents them from attacking again. Contains protective factor LPF. Without foamer.<\/p>\n<ul>\n<li>Protects hair.<\/li>\n<li>Rapid action onset.<\/li>\n<li>Acts as a prevention.<\/li>\n<li>Eliminates lice and nits.<\/li>\n<li>Insecticides and silicone free.<\/li>\n<li>A comb is a part of the pack.<\/li>\n<\/ul>\n[\/vc_column_text][vc_row_inner][vc_column_inner width=&#8221;1\/3&#8243;][vc_btn title=&#8221;More information&#8221; style=&#8221;custom&#8221; custom_background=&#8221;#993300&#8243; custom_text=&#8221;#ffffff&#8221; link=&#8221;url:http%3A%2F%2Fshop.avepharma.eu%2Fprodukt%2Felimax-vlasova-voda%2F%23popis||&#8221; el_class=&#8221;skryelimax&#8221;][\/vc_column_inner][vc_column_inner width=&#8221;1\/3&#8243;][vc_btn title=&#8221;Buy&#8221; color=&#8221;green&#8221; link=&#8221;url:http%3A%2F%2Fshop.avepharma.eu%2Fprodukt%2Felimax-vlasova-voda%2F||&#8221; el_class=&#8221;skryelimax&#8221;][\/vc_column_inner][vc_column_inner width=&#8221;1\/3&#8243;][\/vc_column_inner][\/vc_row_inner][\/vc_column][vc_column width=&#8221;1\/2&#8243;][vc_single_image image=&#8221;1099&#8243; img_size=&#8221;140&#215;340&#8243; alignment=&#8221;center&#8221; onclick=&#8221;link_image&#8221;][\/vc_column][\/vc_row][vc_row][vc_column width=&#8221;1\/2&#8243;][vc_column_text]<iframe src=\"https:\/\/www.youtube.com\/embed\/dUwZj3ahhdQ\" width=\"560\" height=\"315\" frameborder=\"0\" allowfullscreen=\"allowfullscreen\"><\/iframe>[\/vc_column_text][\/vc_column][vc_column width=&#8221;1\/2&#8243;][vc_column_text]<iframe src=\"https:\/\/www.youtube.com\/embed\/0b3MQSLaXF8\" width=\"560\" height=\"315\" frameborder=\"0\" allowfullscreen=\"allowfullscreen\"><\/iframe>[\/vc_column_text][\/vc_column][\/vc_row][vc_row css=&#8221;.vc_custom_1508370412901{padding-top: 35px !important;}&#8221;][vc_column][vc_column_text]\n<p style=\"text-align: justify;\"><strong>What you should know:<br \/>\n<\/strong>Louse is a prasitic insect living in human hair, where it absrbs blood. Their appearance is uncomfortable situation, because the attacked places are very itchy. Louse can not jump or fly, it\u2019s movement is based on eloctrostatic impulse.<\/p>\n[\/vc_column_text][\/vc_column][\/vc_row][vc_row css=&#8221;.vc_custom_1508370402712{padding-bottom: 35px !important;}&#8221;][vc_column][vc_column_text css=&#8221;.vc_custom_1612889650993{margin-bottom: 0px !important;}&#8221;]\n<p style=\"text-align: justify;\">The products can be bought in:<br \/>\nIn every good pharmacy, and also in pharmacy nets as: : Dr.MAX, BENU, SCHNEIDER, VA\u0160A LEK\u00c1RE\u0147, LEK\u00c1RE\u0147 PARTNER, LEK\u00c1RE\u0147 PLUS, LEK\u00c1RE\u0147 SOS, MOJA LEK\u00c1RE\u0147 and on <span style=\"color: #008000;\"><a style=\"color: #008000;\" href=\"https:\/\/avepharma.sk\" target=\"_blank\" rel=\"noopener noreferrer\">E-SHOPE<\/a><\/span>.<\/p>\n[\/vc_column_text][\/vc_column][\/vc_row]","protected":false},"excerpt":{"rendered":"<p>[vc_row full_width=&#8221;stretch_row_content&#8221;][vc_column][vc_single_image image=&#8221;867&#8243; img_size=&#8221;full&#8221; alignment=&#8221;center&#8221;][\/vc_column][\/vc_row][vc_row css=&#8221;.vc_custom_1508370326989{margin-bottom: 0px !important;border-bottom-width: 0px !important;padding-bottom: 0px !important;}&#8221;][vc_column][vc_column_text] Is unique preparation againsT lice, that doesn\u2019t only annihilates lice and nits, but also contains safety factor, which repulses the new ones. Behind the product range Elimax stands Oystershell Laboratories company, established in 1979. Today the company is a leader in natural OTC [&hellip;]<\/p>\n","protected":false},"author":4,"featured_media":0,"parent":0,"menu_order":0,"comment_status":"closed","ping_status":"closed","template":"","meta":[],"_links":{"self":[{"href":"https:\/\/avepharma.eu\/en\/wp-json\/wp\/v2\/pages\/95"}],"collection":[{"href":"https:\/\/avepharma.eu\/en\/wp-json\/wp\/v2\/pages"}],"about":[{"href":"https:\/\/avepharma.eu\/en\/wp-json\/wp\/v2\/types\/page"}],"author":[{"embeddable":true,"href":"https:\/\/avepharma.eu\/en\/wp-json\/wp\/v2\/users\/4"}],"replies":[{"embeddable":true,"href":"https:\/\/avepharma.eu\/en\/wp-json\/wp\/v2\/comments?post=95"}],"version-history":[{"count":10,"href":"https:\/\/avepharma.eu\/en\/wp-json\/wp\/v2\/pages\/95\/revisions"}],"predecessor-version":[{"id":3509,"href":"https:\/\/avepharma.eu\/en\/wp-json\/wp\/v2\/pages\/95\/revisions\/3509"}],"wp:attachment":[{"href":"https:\/\/avepharma.eu\/en\/wp-json\/wp\/v2\/media?parent=95"}],"curies":[{"name":"wp","href":"https:\/\/api.w.org\/{rel}","templated":true}]}}