{"id":93,"date":"2017-02-11T15:14:27","date_gmt":"2017-02-11T14:14:27","guid":{"rendered":"http:\/\/wordpress.avepharma.eu\/?page_id=93"},"modified":"2022-02-14T14:23:35","modified_gmt":"2022-02-14T13:23:35","slug":"bioxtra","status":"publish","type":"page","link":"https:\/\/avepharma.eu\/en\/bioxtra\/","title":{"rendered":"BIOXTRA"},"content":{"rendered":"[vc_row full_width=&#8221;stretch_row_content&#8221;][vc_column][rev_slider_vc alias=&#8221;bioxtra-slider&#8221;][\/vc_column][\/vc_row][vc_row css=&#8221;.vc_custom_1508368448289{padding-top: 35px !important;padding-bottom: 35px !important;}&#8221;][vc_column][mk_fancy_title size=&#8221;18&#8243; font_family=&#8221;none&#8221;]bioXtra &#8211; V\u00e1s zbav\u00ed pocitu such\u00fdch \u00fast[\/mk_fancy_title][vc_column_text]\n<p style=\"text-align: justify;\">Will relieve you from dry mouth feeling.<\/p>\n<p style=\"text-align: justify;\">Product range bioXtra was invented in purpose to help in dry mouth symptoms and effects reduction \u2013 xerostomia. Complex product line contains several products, which protect your mouth, gums, tissues and teeth. Behond it\u2019s development stands pharmaceutical company Lifestream Pharma, originating from Belgium.<\/p>\n<p style=\"text-align: justify;\">Product range contains natural enzymes like lyzozym, xylitol, whey, lactoferin, lactoperoxidaze, colostrum extract, fluorid (excepting for the oral gel). bioXtra contains hydratation and other components, that by their composition help to eliminate dryness of mouth. Because xerostomia may cause sensitive, painful gums, in products\u2018 components is not included alcohol, menthol, artificial flavors or cleaning stuff.<\/p>\n[\/vc_column_text][\/vc_column][\/vc_row][vc_row fullwidth=&#8221;true&#8221; fullwidth_content=&#8221;false&#8221; full_width=&#8221;stretch_row&#8221; css=&#8221;.vc_custom_1508368629938{padding-top: 35px !important;padding-bottom: 35px !important;background-color: #ebebeb !important;}&#8221;][vc_column width=&#8221;1\/2&#8243;][vc_single_image image=&#8221;1718&#8243; img_size=&#8221;150&#215;380&#8243; alignment=&#8221;center&#8221; onclick=&#8221;link_image&#8221;][\/vc_column][vc_column width=&#8221;1\/2&#8243;][mk_fancy_title size=&#8221;18&#8243; font_family=&#8221;none&#8221;]bioXtra Oral Gel 40 ml<br \/>\n[\/mk_fancy_title][vc_column_text css=&#8221;.vc_custom_1620893819457{margin-bottom: 0px !important;}&#8221;]Works as effective compensation of natural saliva.<\/p>\n<p>Unique preparation contains intensive moisturing substances, that soothe and lubricate for hours and reduce symptoms and effects of dry feeling in mouth.<\/p>\n<p>Product range bioXtra is classified as Medical Device class II.a. Should be stored in 7\u00b0- 37\u00b0C.<\/p>\n<ul>\n<li>Moisturizing substances.<\/li>\n<li>Immediate relieve.<\/li>\n<li>Natural enzymes.<\/li>\n<li>Xylitol.<\/li>\n<\/ul>\n[\/vc_column_text][vc_row_inner][vc_column_inner width=&#8221;1\/3&#8243;][vc_btn title=&#8221;More information&#8221; color=&#8221;green&#8221; link=&#8221;url:https%3A%2F%2Favepharma.sk%2Fbioxtra-ustny-gel-40-ml|||&#8221;][\/vc_column_inner][vc_column_inner width=&#8221;1\/3&#8243;][\/vc_column_inner][vc_column_inner width=&#8221;1\/3&#8243;][\/vc_column_inner][\/vc_row_inner][\/vc_column][\/vc_row][vc_row full_width=&#8221;stretch_row&#8221; css=&#8221;.vc_custom_1508368735568{padding-top: 35px !important;padding-bottom: 35px !important;}&#8221;][vc_column width=&#8221;1\/2&#8243;][mk_fancy_title size=&#8221;18&#8243; font_family=&#8221;none&#8221;]bioXtra Ultra Mild Mouthrinse 250 ml[\/mk_fancy_title][vc_column_text css=&#8221;.vc_custom_1620893828998{margin-bottom: 0px !important;}&#8221;]Oral care of dry, teased and sensitive mouth. A preparation with smooth flavor supports tooth enamel, prevents production of tooth decay and reduces symptoms and effects of dry mouth and that way to support their defensiveness. Product range bioXtra is classified as Medical Device class II.a. Should be stored in 7\u00b0- 37\u00b0C.<\/p>\n<ul>\n<li>Menthol and alcohol free.<\/li>\n<li>Enriches saliva.<\/li>\n<li>Moisturizes.<\/li>\n<li>Lubricates.<\/li>\n<li>Relieves.<\/li>\n<\/ul>\n[\/vc_column_text][vc_row_inner][vc_column_inner width=&#8221;1\/3&#8243;][vc_btn title=&#8221;More information&#8221; color=&#8221;green&#8221; link=&#8221;url:https%3A%2F%2Favepharma.sk%2Fbioxtra-gelovy-ustny-sprej-50-ml|||&#8221;][\/vc_column_inner][vc_column_inner width=&#8221;1\/3&#8243;][\/vc_column_inner][vc_column_inner width=&#8221;1\/3&#8243;][\/vc_column_inner][\/vc_row_inner][\/vc_column][vc_column width=&#8221;1\/2&#8243;][vc_single_image image=&#8221;1720&#8243; img_size=&#8221;160&#215;380&#8243; alignment=&#8221;center&#8221; onclick=&#8221;link_image&#8221;][\/vc_column][\/vc_row][vc_row fullwidth=&#8221;true&#8221; fullwidth_content=&#8221;false&#8221; full_width=&#8221;stretch_row&#8221; css=&#8221;.vc_custom_1508368756544{padding-top: 35px !important;padding-bottom: 35px !important;background-color: #ebebeb !important;}&#8221;][vc_column width=&#8221;1\/2&#8243;][vc_single_image image=&#8221;1722&#8243; img_size=&#8221;160&#215;370&#8243; alignment=&#8221;center&#8221; onclick=&#8221;link_image&#8221;][\/vc_column][vc_column width=&#8221;1\/2&#8243;][mk_fancy_title size=&#8221;18&#8243; font_family=&#8221;none&#8221;]bioXtra Mild Toothpaste 50 ml[\/mk_fancy_title][vc_column_text css=&#8221;.vc_custom_1620893835367{margin-bottom: 0px !important;}&#8221;]Helps to maintain natural balance of your mouth.<\/p>\n<p>Preparation with smooth flavor prevents a tooth plague accumulation, supports tooth enamel, helps to prevent of tooth decay production and reduce symptoms and effects of dry mouth.<\/p>\n<p>Product range bioXtra is classified as Medical Device class II.a. Should be stored in 7\u00b0- 37\u00b0C.<\/p>\n<ul>\n<li>Low foaming effect.<\/li>\n<li>Natural enzymes.<\/li>\n<li>Healthy mouth.<\/li>\n<li>Fresh breath.<\/li>\n<li>Fluorid.<\/li>\n<li>Xylitol.<\/li>\n<\/ul>\n[\/vc_column_text][vc_row_inner][vc_column_inner width=&#8221;1\/3&#8243;][vc_btn title=&#8221;More information&#8221; color=&#8221;green&#8221; link=&#8221;url:https%3A%2F%2Favepharma.sk%2Fbioxtra-jemna-zubna-pasta-50-ml|||&#8221;][\/vc_column_inner][vc_column_inner width=&#8221;1\/3&#8243;][\/vc_column_inner][vc_column_inner width=&#8221;1\/3&#8243;][\/vc_column_inner][\/vc_row_inner][\/vc_column][\/vc_row][vc_row full_width=&#8221;stretch_row&#8221; css=&#8221;.vc_custom_1508369008112{padding-top: 35px !important;padding-bottom: 35px !important;}&#8221;][vc_column width=&#8221;1\/2&#8243;][mk_fancy_title size=&#8221;18&#8243; font_family=&#8221;none&#8221;]bioXtra Gel Mouthspray 50 ml[\/mk_fancy_title][vc_column_text css=&#8221;.vc_custom_1620893842561{margin-bottom: 0px !important;}&#8221;]Quick relieve of dry, sensitive and teased mouth. Mouthspray gently enriches natural saliva production by regulation of a microenviroment in mouth. The preparation quickly and effectively helps with dry feeling in mouth and refreshes a breath at the same time. Product range bioXtra is classified as Medical Device class II.a. Should be stored in 7\u00b0- 37\u00b0C.<\/p>\n<ul>\n<li>Easy application.<\/li>\n<li>Moisturizes.<\/li>\n<li>Soothes.<\/li>\n<li>Protects.<\/li>\n<\/ul>\n[\/vc_column_text][vc_row_inner][vc_column_inner width=&#8221;1\/3&#8243;][vc_btn title=&#8221;More information&#8221; color=&#8221;green&#8221; link=&#8221;url:https%3A%2F%2Favepharma.sk%2Fbioxtra-jemna-ustna-voda-250-ml|||&#8221;][\/vc_column_inner][vc_column_inner width=&#8221;1\/3&#8243;][\/vc_column_inner][vc_column_inner width=&#8221;1\/3&#8243;][\/vc_column_inner][\/vc_row_inner][\/vc_column][vc_column width=&#8221;1\/2&#8243;][vc_single_image image=&#8221;1719&#8243; img_size=&#8221;190&#215;300&#8243; alignment=&#8221;center&#8221; onclick=&#8221;link_image&#8221;][\/vc_column][\/vc_row][vc_row css=&#8221;.vc_custom_1508369020123{padding-top: 35px !important;padding-bottom: 35px !important;}&#8221;][vc_column][vc_column_text css=&#8221;.vc_custom_1612888583108{margin-bottom: 0px !important;}&#8221;]\n<p style=\"text-align: justify;\">The products can be bought in:<br \/>\nIn every good pharmacy, and also in pharmacy nets as: : Dr.MAX, BENU, SCHNEIDER, VA\u0160A LEK\u00c1RE\u0147, LEK\u00c1RE\u0147 PARTNER, LEK\u00c1RE\u0147 PLUS, LEK\u00c1RE\u0147 SOS, MOJA LEK\u00c1RE\u0147 and on <a href=\"https:\/\/avepharma.sk\" target=\"_blank\" rel=\"noopener noreferrer\">E-SHOPE<\/a>.<\/p>\n[\/vc_column_text][\/vc_column][\/vc_row]","protected":false},"excerpt":{"rendered":"<p>[vc_row full_width=&#8221;stretch_row_content&#8221;][vc_column][rev_slider_vc alias=&#8221;bioxtra-slider&#8221;][\/vc_column][\/vc_row][vc_row css=&#8221;.vc_custom_1508368448289{padding-top: 35px !important;padding-bottom: 35px !important;}&#8221;][vc_column][mk_fancy_title size=&#8221;18&#8243; font_family=&#8221;none&#8221;]bioXtra &#8211; V\u00e1s zbav\u00ed pocitu such\u00fdch \u00fast[\/mk_fancy_title][vc_column_text] Will relieve you from dry mouth feeling. Product range bioXtra was invented in purpose to help in dry mouth symptoms and effects reduction \u2013 xerostomia. Complex product line contains several products, which protect your mouth, gums, tissues and teeth. [&hellip;]<\/p>\n","protected":false},"author":4,"featured_media":0,"parent":0,"menu_order":0,"comment_status":"closed","ping_status":"closed","template":"","meta":[],"_links":{"self":[{"href":"https:\/\/avepharma.eu\/en\/wp-json\/wp\/v2\/pages\/93"}],"collection":[{"href":"https:\/\/avepharma.eu\/en\/wp-json\/wp\/v2\/pages"}],"about":[{"href":"https:\/\/avepharma.eu\/en\/wp-json\/wp\/v2\/types\/page"}],"author":[{"embeddable":true,"href":"https:\/\/avepharma.eu\/en\/wp-json\/wp\/v2\/users\/4"}],"replies":[{"embeddable":true,"href":"https:\/\/avepharma.eu\/en\/wp-json\/wp\/v2\/comments?post=93"}],"version-history":[{"count":9,"href":"https:\/\/avepharma.eu\/en\/wp-json\/wp\/v2\/pages\/93\/revisions"}],"predecessor-version":[{"id":3634,"href":"https:\/\/avepharma.eu\/en\/wp-json\/wp\/v2\/pages\/93\/revisions\/3634"}],"wp:attachment":[{"href":"https:\/\/avepharma.eu\/en\/wp-json\/wp\/v2\/media?parent=93"}],"curies":[{"name":"wp","href":"https:\/\/api.w.org\/{rel}","templated":true}]}}