{"id":92,"date":"2017-02-11T15:14:19","date_gmt":"2017-02-11T14:14:19","guid":{"rendered":"http:\/\/wordpress.avepharma.eu\/?page_id=92"},"modified":"2022-02-14T14:21:17","modified_gmt":"2022-02-14T13:21:17","slug":"arpalit","status":"publish","type":"page","link":"https:\/\/avepharma.eu\/en\/arpalit\/","title":{"rendered":"ARPALIT"},"content":{"rendered":"[vc_row full_width=&#8221;stretch_row_content&#8221; el_class=&#8221;skryelimax&#8221;][vc_column][vc_single_image image=&#8221;1213&#8243; img_size=&#8221;full&#8221; alignment=&#8221;center&#8221;][\/vc_column][\/vc_row][vc_row content_placement=&#8221;top&#8221; css=&#8221;.vc_custom_1508404488805{margin-bottom: 0px !important;padding-bottom: 0px !important;}&#8221;][vc_column css=&#8221;.vc_custom_1508404449517{margin-bottom: 0px !important;border-bottom-width: 0px !important;padding-bottom: 0px !important;}&#8221;][mk_fancy_title size=&#8221;18&#8243; font_family=&#8221;none&#8221;]ABOUT BRAND[\/mk_fancy_title][vc_column_text]\n<p style=\"text-align: justify;\">The brand arpalit is more than 60 years on the market. With new trends, the line Arpalit Neo was created, which will make from your pet a star of every society. Meet comprehensive range of products Arpalit Neo, that treat fur of your pets and provide long-term effects against tick, flies, lice, bed bugs and their developmental stages.<\/p>\n[\/vc_column_text][\/vc_column][\/vc_row][vc_row fullwidth=&#8221;true&#8221; fullwidth_content=&#8221;false&#8221; css=&#8221;.vc_custom_1620895025307{padding-top: 15px !important;padding-bottom: 0px !important;background-color: #c60000 !important;}&#8221; el_class=&#8221;skryelimax&#8221;][vc_column][mk_fancy_title color=&#8221;#ffffff&#8221; size=&#8221;18&#8243; margin_bottom=&#8221;0&#8243; font_family=&#8221;none&#8221;]PRODUCTS \/ HYGIENE[\/mk_fancy_title][\/vc_column][\/vc_row][vc_row fullwidth=&#8221;true&#8221; fullwidth_content=&#8221;false&#8221; full_width=&#8221;stretch_row&#8221; css=&#8221;.vc_custom_1620895346747{margin-top: 0px !important;padding-top: 35px !important;padding-bottom: 35px !important;background-color: #ebebeb !important;}&#8221; el_class=&#8221;skryelimax&#8221;][vc_column width=&#8221;1\/2&#8243;][vc_single_image image=&#8221;1083&#8243; img_size=&#8221;medium&#8221; alignment=&#8221;center&#8221; onclick=&#8221;link_image&#8221;][\/vc_column][vc_column width=&#8221;1\/2&#8243;][mk_fancy_title size=&#8221;18&#8243; font_family=&#8221;none&#8221;]Arpalit \u00ae Hypoallergic shampoo 250 ml<br \/>\n[\/mk_fancy_title][vc_column_text]Shampoo for dry, sensitive and alergic skin<\/p>\n<p>Soft and gentle shampoo, appropriate for sensitive skin, prone to alergic manifestation. Appropriate for everyday use.<\/p>\n<ul>\n<li>Neutral pH.<\/li>\n<li>Not drying, not teasing.<\/li>\n<li>With elastin, vitamins and olive oil.<\/li>\n<\/ul>\n[\/vc_column_text][vc_row_inner][vc_column_inner width=&#8221;1\/3&#8243;][vc_btn title=&#8221;More information&#8221; color=&#8221;green&#8221; link=&#8221;url:http%3A%2F%2Fshop.avepharma.eu%2Fprodukt%2Farpalit-hypoalergeny-sampon-250ml%2F||&#8221; el_class=&#8221;skryelimax&#8221;][\/vc_column_inner][vc_column_inner width=&#8221;1\/3&#8243;][\/vc_column_inner][vc_column_inner width=&#8221;1\/3&#8243;][\/vc_column_inner][\/vc_row_inner][\/vc_column][\/vc_row][vc_row fullwidth=&#8221;true&#8221; fullwidth_content=&#8221;false&#8221; full_width=&#8221;stretch_row&#8221; css=&#8221;.vc_custom_1620895538438{padding-top: 35px !important;padding-bottom: 35px !important;background-color: #ebebeb !important;}&#8221;][vc_column width=&#8221;1\/2&#8243;][mk_fancy_title size=&#8221;18&#8243; font_family=&#8221;none&#8221;]Arpalit \u00ae Shampoo with Camellia sinensis 250 ml[\/mk_fancy_title][vc_column_text]Shampoo for regular fur treatment<\/p>\n<p>Gentle shampoo intended for regular fur wash of dogs, cats and other fur animals. After regular treatment the fur gets softness, shine and elasticity.<\/p>\n<ul>\n<li>With an extract of Camellia sinensis.<\/li>\n<li>Including vitamins, Olive oil and elastin.<\/li>\n<li>For regular hygiene.<\/li>\n<\/ul>\n[\/vc_column_text][vc_row_inner][vc_column_inner width=&#8221;1\/3&#8243;][vc_btn title=&#8221;More information&#8221; color=&#8221;green&#8221; link=&#8221;url:https%3A%2F%2Favepharma.sk%2Farpalit-neo-sampon-s-cajovnikom-250-ml|||&#8221;][\/vc_column_inner][vc_column_inner width=&#8221;1\/3&#8243;][\/vc_column_inner][vc_column_inner width=&#8221;1\/3&#8243;][\/vc_column_inner][\/vc_row_inner][\/vc_column][vc_column width=&#8221;1\/2&#8243;][vc_single_image image=&#8221;1087&#8243; img_size=&#8221;medium&#8221; alignment=&#8221;center&#8221; onclick=&#8221;link_image&#8221;][\/vc_column][\/vc_row][vc_row fullwidth=&#8221;true&#8221; fullwidth_content=&#8221;false&#8221; full_width=&#8221;stretch_row&#8221; css=&#8221;.vc_custom_1620895109126{padding-top: 35px !important;padding-bottom: 35px !important;background-color: #ebebeb !important;}&#8221; el_class=&#8221;skryelimax&#8221;][vc_column width=&#8221;1\/2&#8243;][vc_single_image image=&#8221;1084&#8243; img_size=&#8221;medium&#8221; alignment=&#8221;center&#8221; onclick=&#8221;link_image&#8221;][\/vc_column][vc_column width=&#8221;1\/2&#8243;][mk_fancy_title size=&#8221;18&#8243; font_family=&#8221;none&#8221;]Arpalit \u00ae Conditioner with Camellia sinensis 250 ml[\/mk_fancy_title][vc_column_text]Conditioner for treatment after wash<\/p>\n<p>Soft conditioner intended for regular fur treatment of dogs, puppies, cats, kitty cats and other fur animals after wash.<\/p>\n<ul>\n<li>Does not dry or tease.<\/li>\n<li>Vitamin B3 and B5, allantoin and elastin.<\/li>\n<li>Positive effects for health and beuty of fur of your pet.<\/li>\n<\/ul>\n[\/vc_column_text][vc_row_inner][vc_column_inner width=&#8221;1\/3&#8243;][vc_btn title=&#8221;More information&#8221; color=&#8221;green&#8221; link=&#8221;url:http%3A%2F%2Fshop.avepharma.eu%2Fprodukt%2Farpalit-kondicioner-s-cajovnikom-250ml%2F||&#8221; el_class=&#8221;skryelimax&#8221;][\/vc_column_inner][vc_column_inner width=&#8221;1\/3&#8243;][\/vc_column_inner][vc_column_inner width=&#8221;1\/3&#8243;][\/vc_column_inner][\/vc_row_inner][\/vc_column][\/vc_row][vc_row fullwidth=&#8221;true&#8221; fullwidth_content=&#8221;false&#8221; css=&#8221;.vc_custom_1620895035310{padding-top: 15px !important;padding-bottom: 0px !important;background-color: #c60000 !important;}&#8221; el_class=&#8221;skryelimax&#8221;][vc_column][mk_fancy_title color=&#8221;#ffffff&#8221; size=&#8221;18&#8243; margin_bottom=&#8221;0&#8243; font_family=&#8221;none&#8221;]PRODUCTS \/ ANTIPARASITICS[\/mk_fancy_title][\/vc_column][\/vc_row][vc_row fullwidth=&#8221;true&#8221; fullwidth_content=&#8221;false&#8221; full_width=&#8221;stretch_row&#8221; css=&#8221;.vc_custom_1508366386834{padding-top: 35px !important;padding-bottom: 35px !important;}&#8221;][vc_column width=&#8221;1\/2&#8243;][mk_fancy_title size=&#8221;18&#8243; font_family=&#8221;none&#8221;]Arpalit \u00ae NEO shampoo with bamboo extract 250 ml \/ 500 ml<br \/>\n[\/mk_fancy_title][vc_column_text]Anti-parasitic preparation for leeches, flies, lice and bed bugs annihilation.<\/p>\n<p>Soft conditioner intended for regular fur treatment of dogs, puppies, cats, kitty cats and other fur animals after wash.<\/p>\n<ul>\n<li>With vitamins.<\/li>\n<li>Bamboo extract.<\/li>\n<li>Olive oil and elastin.<\/li>\n<li>Doesn\u2019t dry and tease a skin.<\/li>\n<\/ul>\n[\/vc_column_text][vc_row_inner][vc_column_inner width=&#8221;1\/3&#8243;][vc_btn title=&#8221;More information&#8221; color=&#8221;green&#8221; link=&#8221;url:https%3A%2F%2Favepharma.sk%2Farpalit-neo-antiparazitny-sampon|||&#8221;][\/vc_column_inner][vc_column_inner width=&#8221;1\/3&#8243;][\/vc_column_inner][vc_column_inner width=&#8221;1\/3&#8243;][\/vc_column_inner][\/vc_row_inner][\/vc_column][vc_column width=&#8221;1\/2&#8243;][vc_single_image image=&#8221;1087&#8243; img_size=&#8221;medium&#8221; alignment=&#8221;center&#8221; onclick=&#8221;link_image&#8221;][\/vc_column][\/vc_row][vc_row fullwidth=&#8221;true&#8221; fullwidth_content=&#8221;false&#8221; full_width=&#8221;stretch_row&#8221; css=&#8221;.vc_custom_1508366372030{padding-top: 35px !important;padding-bottom: 35px !important;background-color: #ebebeb !important;}&#8221;][vc_column width=&#8221;1\/2&#8243;][vc_single_image image=&#8221;1088&#8243; img_size=&#8221;medium&#8221; alignment=&#8221;center&#8221; onclick=&#8221;link_image&#8221;][\/vc_column][vc_column width=&#8221;1\/2&#8243;][mk_fancy_title size=&#8221;18&#8243; font_family=&#8221;none&#8221;]Arpalit \u00ae Neo spray 150 ml<br \/>\n[\/mk_fancy_title][vc_column_text]Preparation intended for leeches, flies, lice and bed bugs annihilation.<\/p>\n<p>Pure, colourless fluid with soft parfumation in aerosole form with a propellant gas. The preparation is intended for dogs.<\/p>\n<ul>\n<li>Effective.<\/li>\n<li>Ectoparasitic.<\/li>\n<li>Ovicidal and larvacidal.<\/li>\n<li>Simple application in spray.<\/li>\n<\/ul>\n[\/vc_column_text][vc_row_inner][vc_column_inner width=&#8221;1\/3&#8243;][vc_btn title=&#8221;More information&#8221; color=&#8221;green&#8221; link=&#8221;url:https%3A%2F%2Favepharma.sk%2Farpalit-neo-sprej-150-ml|||&#8221;][\/vc_column_inner][vc_column_inner width=&#8221;1\/3&#8243;][\/vc_column_inner][vc_column_inner width=&#8221;1\/3&#8243;][\/vc_column_inner][\/vc_row_inner][\/vc_column][\/vc_row][vc_row full_width=&#8221;stretch_row&#8221; css=&#8221;.vc_custom_1507472702290{padding-top: 30px !important;padding-bottom: 30px !important;}&#8221;][vc_column width=&#8221;1\/2&#8243;][mk_fancy_title size=&#8221;18&#8243; font_family=&#8221;none&#8221;]Arpalit \u00ae Neo mechanic atomizer 150 ml<br \/>\n[\/mk_fancy_title][vc_column_text]Preparation intended for leeches, flies, lice and bed bugs annihilation.<\/p>\n<p>Pure, colourless fluid with soft parfumation in aerosole form with mechanic applicator. Intended for dogs.<\/p>\n<ul>\n<li>Effective.<\/li>\n<li>Ectoparasitic.<\/li>\n<li>Application \u2013 atomizer.<\/li>\n<li>Ovicidal and larvacidal.<\/li>\n<\/ul>\n[\/vc_column_text][vc_row_inner][vc_column_inner width=&#8221;1\/3&#8243;][vc_btn title=&#8221;More information&#8221; color=&#8221;green&#8221; link=&#8221;url:https%3A%2F%2Favepharma.sk%2Farpalit-neo-mechanicky-rozprasovac-150-ml|||&#8221;][\/vc_column_inner][vc_column_inner width=&#8221;1\/3&#8243;][\/vc_column_inner][vc_column_inner width=&#8221;1\/3&#8243;][\/vc_column_inner][\/vc_row_inner][\/vc_column][vc_column width=&#8221;1\/2&#8243;][vc_single_image image=&#8221;1085&#8243; img_size=&#8221;medium&#8221; alignment=&#8221;center&#8221; onclick=&#8221;link_image&#8221;][\/vc_column][\/vc_row][vc_row fullwidth=&#8221;true&#8221; fullwidth_content=&#8221;false&#8221; full_width=&#8221;stretch_row&#8221; css=&#8221;.vc_custom_1620895360278{padding-top: 35px !important;padding-bottom: 35px !important;background-color: #ebebeb !important;}&#8221; el_class=&#8221;skryelimax&#8221;][vc_column width=&#8221;1\/2&#8243;][vc_single_image image=&#8221;1086&#8243; img_size=&#8221;medium&#8221; alignment=&#8221;center&#8221; onclick=&#8221;link_image&#8221;][\/vc_column][vc_column width=&#8221;1\/2&#8243;][mk_fancy_title size=&#8221;18&#8243; font_family=&#8221;none&#8221;]Arpalit \u00ae Neo foam 150 ml[\/mk_fancy_title][vc_column_text]Preparation intended for leeches, flies, lice and bed bugs annihilation.<\/p>\n<p>Milk white fluid with gentle parfumation in foam with proppelant gas. Intended for dogs for treatment of sensitive places, around the eyes and weaknesses.<\/p>\n<ul>\n<li>Effective.<\/li>\n<li>Ectoparasitic.<\/li>\n<li>Simple application.<\/li>\n<li>Ovicidal and larvacidal effect.<\/li>\n<\/ul>\n[\/vc_column_text][vc_row_inner][vc_column_inner width=&#8221;1\/3&#8243;][vc_btn title=&#8221;More information&#8221; color=&#8221;green&#8221; link=&#8221;url:http%3A%2F%2Fshop.avepharma.eu%2Fprodukt%2Farpalit-neo-pena-150ml%2F||&#8221; el_class=&#8221;skryelimax&#8221;][\/vc_column_inner][vc_column_inner width=&#8221;1\/3&#8243;][\/vc_column_inner][vc_column_inner width=&#8221;1\/3&#8243;][\/vc_column_inner][\/vc_row_inner][\/vc_column][\/vc_row][vc_row fullwidth=&#8221;true&#8221; fullwidth_content=&#8221;false&#8221; full_width=&#8221;stretch_row&#8221; css=&#8221;.vc_custom_1620895565163{padding-top: 30px !important;padding-bottom: 30px !important;background-color: #ebebeb !important;}&#8221;][vc_column width=&#8221;1\/2&#8243;][mk_fancy_title size=&#8221;18&#8243; font_family=&#8221;none&#8221;]Arpalit Dog[\/mk_fancy_title][vc_column_text]Electronic repelent<\/p>\n<p>Includes microchip, spreading ultrasound impulses of frequency 40 kHz, inaudible for human and animals.<\/p>\n<ul>\n<li>Non-toxic, safe, without smell.<\/li>\n<li>Effective for 10 months since activation.<\/li>\n<li>Disturb and repels parasites within 3 m.<\/li>\n<\/ul>\n[\/vc_column_text][vc_row_inner][vc_column_inner width=&#8221;1\/3&#8243;][vc_btn title=&#8221;More information&#8221; color=&#8221;green&#8221; link=&#8221;url:https%3A%2F%2Favepharma.sk%2Farpalit-dog-elektronicky-repelent|||&#8221;][\/vc_column_inner][vc_column_inner width=&#8221;1\/3&#8243;][\/vc_column_inner][vc_column_inner width=&#8221;1\/3&#8243;][\/vc_column_inner][\/vc_row_inner][\/vc_column][vc_column width=&#8221;1\/2&#8243;][vc_single_image image=&#8221;1082&#8243; img_size=&#8221;medium&#8221; alignment=&#8221;center&#8221; onclick=&#8221;link_image&#8221;][\/vc_column][\/vc_row][vc_row fullwidth=&#8221;true&#8221; fullwidth_content=&#8221;false&#8221; full_width=&#8221;stretch_row&#8221; css=&#8221;.vc_custom_1620895384038{padding-top: 35px !important;padding-bottom: 35px !important;background-color: #ebebeb !important;}&#8221; el_class=&#8221;skryelimax&#8221;][vc_column width=&#8221;1\/2&#8243;][vc_single_image image=&#8221;1081&#8243; img_size=&#8221;medium&#8221; alignment=&#8221;center&#8221; onclick=&#8221;link_image&#8221;][\/vc_column][vc_column width=&#8221;1\/2&#8243;][mk_fancy_title size=&#8221;18&#8243; font_family=&#8221;none&#8221;]Arpalit Cat[\/mk_fancy_title][vc_column_text]Electronic repelent<\/p>\n<p>Includes microchip, spreading ultrasound impulses of frequency 40 kHz, inaudible for human and animals.<\/p>\n<ul>\n<li>Non-toxic, safe, without smell.<\/li>\n<li>Effective for 10 months since activation.<\/li>\n<li>Disturb and repels parasites within 3 m.<\/li>\n<\/ul>\n[\/vc_column_text][vc_row_inner][vc_column_inner width=&#8221;1\/3&#8243;][vc_btn title=&#8221;More information&#8221; color=&#8221;green&#8221; link=&#8221;url:http%3A%2F%2Fshop.avepharma.eu%2Fprodukt%2Farpalit-cat-elektronicky-repelent%2F||&#8221; el_class=&#8221;skryelimax&#8221;][\/vc_column_inner][vc_column_inner width=&#8221;1\/3&#8243;][\/vc_column_inner][vc_column_inner width=&#8221;1\/3&#8243;][\/vc_column_inner][\/vc_row_inner][\/vc_column][\/vc_row][vc_row fullwidth=&#8221;true&#8221; fullwidth_content=&#8221;false&#8221; css=&#8221;.vc_custom_1620895049990{padding-top: 15px !important;padding-bottom: 0px !important;background-color: #c60000 !important;}&#8221; el_class=&#8221;skryelimax&#8221;][vc_column][mk_fancy_title color=&#8221;#ffffff&#8221; size=&#8221;18&#8243; margin_bottom=&#8221;0&#8243; font_family=&#8221;none&#8221;]PRODUCTS \/ WOUNDS AND JOINTS[\/mk_fancy_title][\/vc_column][\/vc_row][vc_row fullwidth=&#8221;true&#8221; fullwidth_content=&#8221;false&#8221; full_width=&#8221;stretch_row&#8221; css=&#8221;.vc_custom_1620895403798{padding-top: 35px !important;padding-bottom: 35px !important;background-color: #ebebeb !important;}&#8221; el_class=&#8221;skryelimax&#8221;][vc_column width=&#8221;1\/2&#8243;][mk_fancy_title size=&#8221;18&#8243; font_family=&#8221;none&#8221;]Avejodin Vet spray 50 ml<br \/>\n[\/mk_fancy_title][vc_column_text]Desinfective and anti-septic preparation in spray<\/p>\n<p>Spray is used for skin desinfection in the treatment of minor superficial injuries, before injection and for preparation of surgery field.<\/p>\n<ul>\n<li>Simple application.<\/li>\n<li>Mechanic atomizer.<\/li>\n<li>Desinfective and anti-septic.<\/li>\n<\/ul>\n[\/vc_column_text][vc_row_inner][vc_column_inner width=&#8221;1\/3&#8243;][vc_btn title=&#8221;More information&#8221; color=&#8221;green&#8221; link=&#8221;url:http%3A%2F%2Fshop.avepharma.eu%2Fprodukt%2Favejodin-vet-sprej-50ml%2F||&#8221; el_class=&#8221;skryelimax&#8221;][\/vc_column_inner][vc_column_inner width=&#8221;1\/3&#8243;][\/vc_column_inner][vc_column_inner width=&#8221;1\/3&#8243;][\/vc_column_inner][\/vc_row_inner][\/vc_column][vc_column width=&#8221;1\/2&#8243;][vc_single_image image=&#8221;1091&#8243; img_size=&#8221;medium&#8221; alignment=&#8221;center&#8221; onclick=&#8221;link_image&#8221;][\/vc_column][\/vc_row][vc_row fullwidth=&#8221;true&#8221; fullwidth_content=&#8221;false&#8221; full_width=&#8221;stretch_row&#8221; css=&#8221;.vc_custom_1620895429547{padding-top: 35px !important;padding-bottom: 35px !important;}&#8221; el_class=&#8221;skryelimax&#8221;][vc_column width=&#8221;1\/2&#8243;][vc_single_image image=&#8221;1080&#8243; img_size=&#8221;medium&#8221; alignment=&#8221;center&#8221; onclick=&#8221;link_image&#8221;][\/vc_column][vc_column width=&#8221;1\/2&#8243;][mk_fancy_title size=&#8221;18&#8243; font_family=&#8221;none&#8221;]AKUTOL Vet spray 60 ml<br \/>\n[\/mk_fancy_title][vc_column_text]Protective plastic bandage in spray<\/p>\n<p>Appropriate for quick treatment of small superficial injuries and grazes. Akutol Vet can be used for paw protection in adverse weather.<\/p>\n<ul>\n<li>Waterproof.<\/li>\n<li>Transparent.<\/li>\n<li>Dries in 2 minutes.<\/li>\n<li>Simple application.<\/li>\n<\/ul>\n[\/vc_column_text][vc_row_inner][vc_column_inner width=&#8221;1\/3&#8243;][vc_btn title=&#8221;More information&#8221; color=&#8221;green&#8221; link=&#8221;url:http%3A%2F%2Fshop.avepharma.eu%2Fprodukt%2Fakutol-vet-sprej-60ml%2F||&#8221; el_class=&#8221;skryelimax&#8221;][\/vc_column_inner][vc_column_inner width=&#8221;1\/3&#8243;][\/vc_column_inner][vc_column_inner width=&#8221;1\/3&#8243;][\/vc_column_inner][\/vc_row_inner][\/vc_column][\/vc_row][vc_row fullwidth=&#8221;true&#8221; fullwidth_content=&#8221;false&#8221; full_width=&#8221;stretch_row&#8221; css=&#8221;.vc_custom_1620895453660{padding-top: 35px !important;padding-bottom: 35px !important;background-color: #ebebeb !important;}&#8221; el_class=&#8221;skryelimax&#8221;][vc_column width=&#8221;1\/2&#8243;][mk_fancy_title size=&#8221;18&#8243; font_family=&#8221;none&#8221;]Avecare Dog Joint nutrition 90 tbl[\/mk_fancy_title][vc_column_text]Intensive joint nutrition<\/p>\n<p>Secure the right function of joints, ligaments, tendons and bones for dogs of every age category.<\/p>\n<ul>\n<li>Glucosamine sulfate.<\/li>\n<li>Mobility improveing.<\/li>\n<li>Eazy quantization.<\/li>\n<li>MSM.<\/li>\n<\/ul>\n[\/vc_column_text][vc_row_inner][vc_column_inner width=&#8221;1\/3&#8243;][vc_btn title=&#8221;More information&#8221; color=&#8221;green&#8221; link=&#8221;url:http%3A%2F%2Fshop.avepharma.eu%2Fprodukt%2Favecare-dog-klbna-vyziva%2F||&#8221; el_class=&#8221;skryelimax&#8221;][\/vc_column_inner][vc_column_inner width=&#8221;1\/3&#8243;][\/vc_column_inner][vc_column_inner width=&#8221;1\/3&#8243;][\/vc_column_inner][\/vc_row_inner][\/vc_column][vc_column width=&#8221;1\/2&#8243;][vc_single_image image=&#8221;1090&#8243; img_size=&#8221;medium&#8221; alignment=&#8221;center&#8221; onclick=&#8221;link_image&#8221;][\/vc_column][\/vc_row][vc_row fullwidth=&#8221;true&#8221; fullwidth_content=&#8221;false&#8221; css=&#8221;.vc_custom_1620895059454{padding-top: 15px !important;padding-bottom: 0px !important;background-color: #edb500 !important;}&#8221; el_class=&#8221;skryelimax&#8221;][vc_column][mk_fancy_title color=&#8221;#ffffff&#8221; size=&#8221;18&#8243; margin_bottom=&#8221;0&#8243; font_family=&#8221;none&#8221;]PRODUCTS \/ HORSES AND DRAFT ANIMALS[\/mk_fancy_title][\/vc_column][\/vc_row][vc_row fullwidth=&#8221;true&#8221; fullwidth_content=&#8221;false&#8221; full_width=&#8221;stretch_row&#8221; css=&#8221;.vc_custom_1507472858570{padding-top: 30px !important;padding-bottom: 30px !important;}&#8221;][vc_column width=&#8221;1\/2&#8243;][vc_single_image image=&#8221;1108&#8243; img_size=&#8221;medium&#8221; alignment=&#8221;center&#8221; onclick=&#8221;link_image&#8221;][\/vc_column][vc_column width=&#8221;1\/2&#8243;][mk_fancy_title size=&#8221;18&#8243; font_family=&#8221;none&#8221;]Kubatol Pix 150 ml \/ 500 ml[\/mk_fancy_title][vc_column_text]Skin spray with desinfection effect<\/p>\n<p>The substance contained beech tar \u2013 lokal desinfection. Adjuvants in spray create a plastic covering, to prevent of moisture entrance and external influences.<\/p>\n<ul>\n<li>Quick regeneration.<\/li>\n<li>Drying and desinfective effects.<\/li>\n<li>Does not prevent of skin perspiration<\/li>\n<\/ul>\n[\/vc_column_text][vc_row_inner][vc_column_inner width=&#8221;1\/3&#8243;][vc_btn title=&#8221;More information&#8221; color=&#8221;green&#8221; link=&#8221;url:https%3A%2F%2Favepharma.sk%2Fkubatol-pix-kozny-sprej-150-ml|||&#8221;][\/vc_column_inner][vc_column_inner width=&#8221;1\/3&#8243;][\/vc_column_inner][vc_column_inner width=&#8221;1\/3&#8243;][\/vc_column_inner][\/vc_row_inner][\/vc_column][\/vc_row][vc_row fullwidth=&#8221;true&#8221; fullwidth_content=&#8221;false&#8221; full_width=&#8221;stretch_row&#8221; css=&#8221;.vc_custom_1508367833004{padding-top: 35px !important;padding-bottom: 35px !important;background-color: #ebebeb !important;}&#8221;][vc_column width=&#8221;1\/2&#8243;][mk_fancy_title size=&#8221;18&#8243; font_family=&#8221;none&#8221;]Kerolan spray 150 ml[\/mk_fancy_title][vc_column_text]Intended to lubrication<\/p>\n<p>Preparation is appropriate for slip increasing during veterinary gynelogical examination and insemination. Contains medicinal and paraffinic oil mixtured with propelents.<\/p>\n<ul>\n<li>Ecological unobjectionable.<\/li>\n<li>Sterility according to CSL 4.<\/li>\n<li>Simple application.<\/li>\n<\/ul>\n[\/vc_column_text][vc_row_inner][vc_column_inner width=&#8221;1\/3&#8243;][vc_btn title=&#8221;More information&#8221; color=&#8221;green&#8221; link=&#8221;url:https%3A%2F%2Favepharma.sk%2Fkerolan-lubrikacny-sprej-150-ml|||&#8221;][\/vc_column_inner][vc_column_inner width=&#8221;1\/3&#8243;][\/vc_column_inner][vc_column_inner width=&#8221;1\/3&#8243;][\/vc_column_inner][\/vc_row_inner][\/vc_column][vc_column width=&#8221;1\/2&#8243;][vc_single_image image=&#8221;1107&#8243; img_size=&#8221;medium&#8221; alignment=&#8221;center&#8221; onclick=&#8221;link_image&#8221;][\/vc_column][\/vc_row][vc_row css=&#8221;.vc_custom_1507472888428{padding-top: 30px !important;padding-bottom: 30px !important;}&#8221;][vc_column][vc_column_text css=&#8221;.vc_custom_1612887911780{margin-bottom: 0px !important;}&#8221;]\n<p style=\"text-align: justify;\">The products can be bought:<br \/>\nIn a Fancier needs and petshop nets as Pet Center, Super ZOO, Happy pets, Ani-pet. U v\u00e1\u0161ho veterin\u00e1ra. In every good pharmacy and pharmacy nets as Dr.MAX, BENU, SCHNEIDER, VA\u0160A LEK\u00c1RE\u0147, LEK\u00c1RE\u0147 PARTNER, LEK\u00c1RE\u0147 PLUS, LEK\u00c1RE\u0147 SOS, MOJA LEK\u00c1RE\u0147 and on <span style=\"color: #008000;\">\u00a0<a style=\"color: #008000;\" href=\"https:\/\/avepharma.sk\/\" target=\"_blank\" rel=\"noopener noreferrer\"><u>E-SHOPE<\/u><\/a>.<\/span><\/p>\n[\/vc_column_text][\/vc_column][\/vc_row]","protected":false},"excerpt":{"rendered":"<p>[vc_row full_width=&#8221;stretch_row_content&#8221; el_class=&#8221;skryelimax&#8221;][vc_column][vc_single_image image=&#8221;1213&#8243; img_size=&#8221;full&#8221; alignment=&#8221;center&#8221;][\/vc_column][\/vc_row][vc_row content_placement=&#8221;top&#8221; css=&#8221;.vc_custom_1508404488805{margin-bottom: 0px !important;padding-bottom: 0px !important;}&#8221;][vc_column css=&#8221;.vc_custom_1508404449517{margin-bottom: 0px !important;border-bottom-width: 0px !important;padding-bottom: 0px !important;}&#8221;][mk_fancy_title size=&#8221;18&#8243; font_family=&#8221;none&#8221;]ABOUT BRAND[\/mk_fancy_title][vc_column_text] The brand arpalit is more than 60 years on the market. With new trends, the line Arpalit Neo was created, which will make from your pet a star of every society. Meet comprehensive [&hellip;]<\/p>\n","protected":false},"author":4,"featured_media":0,"parent":0,"menu_order":0,"comment_status":"closed","ping_status":"closed","template":"","meta":[],"_links":{"self":[{"href":"https:\/\/avepharma.eu\/en\/wp-json\/wp\/v2\/pages\/92"}],"collection":[{"href":"https:\/\/avepharma.eu\/en\/wp-json\/wp\/v2\/pages"}],"about":[{"href":"https:\/\/avepharma.eu\/en\/wp-json\/wp\/v2\/types\/page"}],"author":[{"embeddable":true,"href":"https:\/\/avepharma.eu\/en\/wp-json\/wp\/v2\/users\/4"}],"replies":[{"embeddable":true,"href":"https:\/\/avepharma.eu\/en\/wp-json\/wp\/v2\/comments?post=92"}],"version-history":[{"count":40,"href":"https:\/\/avepharma.eu\/en\/wp-json\/wp\/v2\/pages\/92\/revisions"}],"predecessor-version":[{"id":3599,"href":"https:\/\/avepharma.eu\/en\/wp-json\/wp\/v2\/pages\/92\/revisions\/3599"}],"wp:attachment":[{"href":"https:\/\/avepharma.eu\/en\/wp-json\/wp\/v2\/media?parent=92"}],"curies":[{"name":"wp","href":"https:\/\/api.w.org\/{rel}","templated":true}]}}