{"id":90,"date":"2019-02-11T15:14:01","date_gmt":"2019-02-11T14:14:01","guid":{"rendered":"http:\/\/wordpress.avepharma.eu\/?page_id=90"},"modified":"2022-02-14T14:19:22","modified_gmt":"2022-02-14T13:19:22","slug":"akutol","status":"publish","type":"page","link":"https:\/\/avepharma.eu\/en\/akutol\/","title":{"rendered":"AKUTOL"},"content":{"rendered":"[vc_row full_width=&#8221;stretch_row_content&#8221;][vc_column][rev_slider_vc alias=&#8221;akutol-slider15&#8243;][\/vc_column][\/vc_row][vc_row css=&#8221;.vc_custom_1508365257973{margin-bottom: 0px !important;padding-top: 30px !important;padding-bottom: 0px !important;}&#8221;][vc_column][mk_fancy_title size=&#8221;18&#8243; font_family=&#8221;none&#8221;]ABOUT BRAND<br \/>\n[\/mk_fancy_title][vc_column_text]\n<p style=\"text-align: justify;\">Already 90 years passed since the brand Akutol showed up on Czechoslovak market. Unique composition, multifunctional and quick aplication guarantees the best treatment in First Aid.<\/p>\n[\/vc_column_text][mk_fancy_title size=&#8221;18&#8243; margin_top=&#8221;30&#8243; font_family=&#8221;none&#8221;]PRODUCTS[\/mk_fancy_title][\/vc_column][\/vc_row][vc_row fullwidth=&#8221;true&#8221; fullwidth_content=&#8221;false&#8221; full_width=&#8221;stretch_row&#8221; css=&#8221;.vc_custom_1508365392451{margin-top: 0px !important;padding-top: 35px !important;padding-bottom: 35px !important;background-color: #ebebeb !important;}&#8221; el_id=&#8221;sprej&#8221;][vc_column width=&#8221;1\/2&#8243;][mk_fancy_title size=&#8221;18&#8243; font_family=&#8221;none&#8221;]Akutol&#x2122; spray 60 ml[\/mk_fancy_title][vc_column_text disable_pattern=&#8221;false&#8221;]Liquid plastic bandage<\/p>\n<p>AKUTOL&#x2122; spray is used for quick treatment and cover of burns and small skin injuries.<\/p>\n<ul>\n<li>Waterproof<\/li>\n<li>Transparent<\/li>\n<li>Drying up to 2 minutes<\/li>\n<\/ul>\n[\/vc_column_text][vc_row_inner][vc_column_inner width=&#8221;1\/3&#8243;][vc_btn title=&#8221;More information&#8221; color=&#8221;green&#8221; link=&#8221;url:https%3A%2F%2Favepharma.sk%2Fakutol-tekuty-obvaz-v-spreji|title:akutol%20sprej%2060ml||&#8221;][\/vc_column_inner][vc_column_inner width=&#8221;1\/3&#8243;][\/vc_column_inner][vc_column_inner width=&#8221;1\/3&#8243;][\/vc_column_inner][\/vc_row_inner][\/vc_column][vc_column width=&#8221;1\/2&#8243;][vc_single_image image=&#8221;1078&#8243; img_size=&#8221;medium&#8221; alignment=&#8221;center&#8221; onclick=&#8221;link_image&#8221;][\/vc_column][\/vc_row][vc_row css=&#8221;.vc_custom_1508364842312{padding-top: 35px !important;padding-bottom: 35px !important;}&#8221;][vc_column width=&#8221;1\/2&#8243;][vc_single_image image=&#8221;1079&#8243; img_size=&#8221;medium&#8221; alignment=&#8221;center&#8221; onclick=&#8221;link_image&#8221;][\/vc_column][vc_column width=&#8221;1\/2&#8243;][mk_fancy_title size=&#8221;18&#8243; font_family=&#8221;none&#8221;]Akutol&#x2122; Stop spray 60 ml[\/mk_fancy_title][vc_column_text disable_pattern=&#8221;false&#8221; css=&#8221;.vc_custom_1612885590719{margin-bottom: 0px !important;}&#8221;]Bleeding stopper<\/p>\n<p>AKUTOL&#x2122; is appropriate for light bleeding. After aplication the wound will close itself up. Powder stratum absorbs fluids.<\/p>\n<ul>\n<li>Stopping light bleeding<\/li>\n<li>Forward regeneration<\/li>\n<li>Absorbs fluids<\/li>\n<\/ul>\n[\/vc_column_text][vc_row_inner][vc_column_inner width=&#8221;1\/3&#8243;][vc_btn title=&#8221;More information&#8221; color=&#8221;green&#8221; link=&#8221;url:https%3A%2F%2Favepharma.sk%2Fakutol-stop-sprej-60-ml|||&#8221;][\/vc_column_inner][vc_column_inner width=&#8221;1\/3&#8243;][\/vc_column_inner][vc_column_inner width=&#8221;1\/3&#8243;][\/vc_column_inner][\/vc_row_inner][\/vc_column][\/vc_row][vc_row fullwidth=&#8221;true&#8221; fullwidth_content=&#8221;false&#8221; full_width=&#8221;stretch_row&#8221; css=&#8221;.vc_custom_1508365001573{padding-top: 35px !important;padding-bottom: 35px !important;background-color: #ebebeb !important;}&#8221;][vc_column width=&#8221;1\/2&#8243;][mk_fancy_title size=&#8221;18&#8243; font_family=&#8221;none&#8221;]Akutol&#x2122; Hydrog\u00e9l 75 ml[\/mk_fancy_title][vc_column_text]Hydrocolloid gel without parabens.<\/p>\n<p>Appropriate for healing burns, bedsores, leg urces, cuts and scars. Can hydrate and dehydrate at the same time.<\/p>\n<ul>\n<li>Prevents from dirt entrance<\/li>\n<li>Shorts up healing time<\/li>\n<li>Paraben free<\/li>\n<\/ul>\n[\/vc_column_text][vc_row_inner][vc_column_inner width=&#8221;1\/3&#8243;][vc_btn title=&#8221;More information&#8221; color=&#8221;green&#8221; link=&#8221;url:https%3A%2F%2Favepharma.sk%2Fakutol-hydrogel-75-ml|||&#8221;][\/vc_column_inner][vc_column_inner width=&#8221;1\/3&#8243;][\/vc_column_inner][vc_column_inner width=&#8221;1\/3&#8243;][\/vc_column_inner][\/vc_row_inner][\/vc_column][vc_column width=&#8221;1\/2&#8243;][vc_single_image image=&#8221;1077&#8243; img_size=&#8221;medium&#8221; alignment=&#8221;center&#8221; onclick=&#8221;link_image&#8221;][\/vc_column][\/vc_row][vc_row css=&#8221;.vc_custom_1508364842312{padding-top: 35px !important;padding-bottom: 35px !important;}&#8221;][vc_column width=&#8221;1\/2&#8243;][vc_single_image image=&#8221;3603&#8243; img_size=&#8221;medium&#8221; alignment=&#8221;center&#8221; onclick=&#8221;link_image&#8221;][\/vc_column][vc_column width=&#8221;1\/2&#8243;][mk_fancy_title size=&#8221;18&#8243; font_family=&#8221;none&#8221;]Akutol sprej 35ml[\/mk_fancy_title][vc_column_text disable_pattern=&#8221;false&#8221; css=&#8221;.vc_custom_1620896232906{margin-bottom: 0px !important;}&#8221;]Akutol tekut\u00fd obv\u00e4z v spreji sa pou\u017e\u00edva na r\u00fdchle o\u0161etrenie odren\u00edn a drobn\u00fdch povrchov\u00fdch poranen\u00ed. Ranu zacel\u00ed plastick\u00fdm, vode odoln\u00fdm filmom.[\/vc_column_text][vc_row_inner][vc_column_inner width=&#8221;1\/3&#8243;][vc_btn title=&#8221;Viac inform\u00e1cii&#8221; color=&#8221;green&#8221; link=&#8221;url:https%3A%2F%2Favepharma.sk%2Fakutol-sprej-35-ml|||&#8221;][\/vc_column_inner][vc_column_inner width=&#8221;1\/3&#8243;][\/vc_column_inner][vc_column_inner width=&#8221;1\/3&#8243;][\/vc_column_inner][\/vc_row_inner][\/vc_column][\/vc_row][vc_row fullwidth=&#8221;true&#8221; fullwidth_content=&#8221;false&#8221; full_width=&#8221;stretch_row&#8221; css=&#8221;.vc_custom_1508365001573{padding-top: 35px !important;padding-bottom: 35px !important;background-color: #ebebeb !important;}&#8221;][vc_column width=&#8221;1\/2&#8243;][mk_fancy_title size=&#8221;18&#8243; font_family=&#8221;none&#8221;]Odstra\u0148ova\u010d n\u00e1plast\u00ed 35ml[\/mk_fancy_title][vc_column_text css=&#8221;.vc_custom_1620896224118{margin-bottom: 0px !important;}&#8221;]Sprej k bezbolestn\u00e9mu odstr\u00e1neniu n\u00e1plast\u00ed, obv\u00e4zov a in\u00fdch zdravotn\u00edckych pom\u00f4cok.[\/vc_column_text][vc_row_inner][vc_column_inner width=&#8221;1\/3&#8243;][vc_btn title=&#8221;Viac inform\u00e1cii&#8221; color=&#8221;green&#8221; link=&#8221;url:https%3A%2F%2Favepharma.sk%2Fakutol-odstranovac-naplasti-sprej-35-ml|||&#8221;][\/vc_column_inner][vc_column_inner width=&#8221;1\/3&#8243;][\/vc_column_inner][vc_column_inner width=&#8221;1\/3&#8243;][\/vc_column_inner][\/vc_row_inner][\/vc_column][vc_column width=&#8221;1\/2&#8243;][vc_single_image image=&#8221;3602&#8243; img_size=&#8221;medium&#8221; alignment=&#8221;center&#8221; onclick=&#8221;link_image&#8221;][\/vc_column][\/vc_row][vc_row css=&#8221;.vc_custom_1508364842312{padding-top: 35px !important;padding-bottom: 35px !important;}&#8221;][vc_column width=&#8221;1\/2&#8243;][vc_single_image image=&#8221;3601&#8243; img_size=&#8221;medium&#8221; alignment=&#8221;center&#8221; onclick=&#8221;link_image&#8221;][\/vc_column][vc_column width=&#8221;1\/2&#8243;][mk_fancy_title size=&#8221;18&#8243; font_family=&#8221;none&#8221;]Akutol sprej na pop\u00e1leniny 50ml[\/mk_fancy_title][vc_column_text disable_pattern=&#8221;false&#8221; css=&#8221;.vc_custom_1620896218392{margin-bottom: 0px !important;}&#8221;]Hydrog\u00e9l s obsahom kyseliny hyalur\u00f3novej<br \/>\nAkutol sprej na pop\u00e1leniny je ur\u010den\u00fd na o\u0161etrenie drobn\u00fdch povrchov\u00fdch pop\u00e1len\u00edn poko\u017eky. [\/vc_column_text][vc_row_inner][vc_column_inner width=&#8221;1\/3&#8243;][vc_btn title=&#8221;Viac inform\u00e1cii&#8221; color=&#8221;green&#8221; link=&#8221;url:https%3A%2F%2Favepharma.sk%2Fakutol-sprej-na-popaleniny-50-ml|||&#8221;][\/vc_column_inner][vc_column_inner width=&#8221;1\/3&#8243;][\/vc_column_inner][vc_column_inner width=&#8221;1\/3&#8243;][\/vc_column_inner][\/vc_row_inner][\/vc_column][\/vc_row][vc_row fullwidth=&#8221;true&#8221; fullwidth_content=&#8221;false&#8221; css=&#8221;.vc_custom_1620896841965{padding-top: 30px !important;padding-bottom: 0px !important;background-color: #ebebeb !important;}&#8221;][vc_column][vc_column_text]\n<p><center><iframe src=\"https:\/\/www.youtube.com\/embed\/RdkMmpXRNBA\" width=\"560\" height=\"315\" frameborder=\"0\" allowfullscreen=\"allowfullscreen\"><\/iframe><\/center>[\/vc_column_text][\/vc_column][\/vc_row][vc_row fullwidth=&#8221;true&#8221; fullwidth_content=&#8221;false&#8221; css=&#8221;.vc_custom_1620896997323{margin-bottom: -50px !important;padding-bottom: 30px !important;background-color: #ebebeb !important;}&#8221;][vc_column][vc_column_text css=&#8221;.vc_custom_1612885663230{margin-bottom: 0px !important;}&#8221;]\n<p style=\"text-align: justify;\">The products can be bought in:<br \/>\nIn every good pharmacy, and also in pharmacy nets as: : Dr.MAX, BENU, SCHNEIDER, VA\u0160A LEK\u00c1RE\u0147, LEK\u00c1RE\u0147 PARTNER, LEK\u00c1RE\u0147 PLUS, LEK\u00c1RE\u0147 SOS, MOJA LEK\u00c1RE\u0147 and on <span style=\"color: #008000;\"><a style=\"color: #008000;\" href=\"https:\/\/avepharma.sk\" target=\"_blank\" rel=\"noopener noreferrer\">E-SHOPE<\/a><\/span>.<\/p>\n[\/vc_column_text][\/vc_column][\/vc_row]","protected":false},"excerpt":{"rendered":"<p>[vc_row full_width=&#8221;stretch_row_content&#8221;][vc_column][rev_slider_vc alias=&#8221;akutol-slider15&#8243;][\/vc_column][\/vc_row][vc_row css=&#8221;.vc_custom_1508365257973{margin-bottom: 0px !important;padding-top: 30px !important;padding-bottom: 0px !important;}&#8221;][vc_column][mk_fancy_title size=&#8221;18&#8243; font_family=&#8221;none&#8221;]ABOUT BRAND [\/mk_fancy_title][vc_column_text] Already 90 years passed since the brand Akutol showed up on Czechoslovak market. Unique composition, multifunctional and quick aplication guarantees the best treatment in First Aid. [\/vc_column_text][mk_fancy_title size=&#8221;18&#8243; margin_top=&#8221;30&#8243; font_family=&#8221;none&#8221;]PRODUCTS[\/mk_fancy_title][\/vc_column][\/vc_row][vc_row fullwidth=&#8221;true&#8221; fullwidth_content=&#8221;false&#8221; full_width=&#8221;stretch_row&#8221; css=&#8221;.vc_custom_1508365392451{margin-top: 0px !important;padding-top: 35px !important;padding-bottom: 35px !important;background-color: #ebebeb [&hellip;]<\/p>\n","protected":false},"author":4,"featured_media":0,"parent":0,"menu_order":0,"comment_status":"closed","ping_status":"closed","template":"","meta":[],"_links":{"self":[{"href":"https:\/\/avepharma.eu\/en\/wp-json\/wp\/v2\/pages\/90"}],"collection":[{"href":"https:\/\/avepharma.eu\/en\/wp-json\/wp\/v2\/pages"}],"about":[{"href":"https:\/\/avepharma.eu\/en\/wp-json\/wp\/v2\/types\/page"}],"author":[{"embeddable":true,"href":"https:\/\/avepharma.eu\/en\/wp-json\/wp\/v2\/users\/4"}],"replies":[{"embeddable":true,"href":"https:\/\/avepharma.eu\/en\/wp-json\/wp\/v2\/comments?post=90"}],"version-history":[{"count":24,"href":"https:\/\/avepharma.eu\/en\/wp-json\/wp\/v2\/pages\/90\/revisions"}],"predecessor-version":[{"id":3612,"href":"https:\/\/avepharma.eu\/en\/wp-json\/wp\/v2\/pages\/90\/revisions\/3612"}],"wp:attachment":[{"href":"https:\/\/avepharma.eu\/en\/wp-json\/wp\/v2\/media?parent=90"}],"curies":[{"name":"wp","href":"https:\/\/api.w.org\/{rel}","templated":true}]}}