{"id":40,"date":"2017-02-11T14:45:37","date_gmt":"2017-02-11T13:45:37","guid":{"rendered":"http:\/\/wordpress.avepharma.eu\/?page_id=40"},"modified":"2022-02-14T14:03:18","modified_gmt":"2022-02-14T13:03:18","slug":"kam-management","status":"publish","type":"page","link":"https:\/\/avepharma.eu\/en\/kam-management\/","title":{"rendered":"KAM (Key Account Manager)"},"content":{"rendered":"[vc_row full_width=&#8221;stretch_row_content&#8221;][vc_column][vc_column_text css=&#8221;.vc_custom_1602005895208{margin-bottom: 0px !important;}&#8221;]<div id=\"layerslider_14_2\" class=\"ls-wp-container fitvidsignore\" style=\"width:1140px;height:450px;max-width:1140px;margin:0 auto;margin-bottom: 0px;\"><div class=\"ls-slide\" data-ls=\"duration:8000;transition2d:4;kenburnsscale:1.2;\"><img width=\"1280\" height=\"720\" src=\"https:\/\/avepharma.eu\/wp-content\/uploads\/layerslider\/Previous-v5-demo-slider\/slide-b-bg.jpg\" class=\"ls-bg\" alt=\"\" loading=\"lazy\" srcset=\"https:\/\/avepharma.eu\/wp-content\/uploads\/layerslider\/Previous-v5-demo-slider\/slide-b-bg.jpg 1280w, https:\/\/avepharma.eu\/wp-content\/uploads\/layerslider\/Previous-v5-demo-slider\/slide-b-bg-300x169.jpg 300w, https:\/\/avepharma.eu\/wp-content\/uploads\/layerslider\/Previous-v5-demo-slider\/slide-b-bg-768x432.jpg 768w, https:\/\/avepharma.eu\/wp-content\/uploads\/layerslider\/Previous-v5-demo-slider\/slide-b-bg-1024x576.jpg 1024w, https:\/\/avepharma.eu\/wp-content\/uploads\/layerslider\/Previous-v5-demo-slider\/slide-b-bg-330x186.jpg 330w, https:\/\/avepharma.eu\/wp-content\/uploads\/layerslider\/Previous-v5-demo-slider\/slide-b-bg-736x414.jpg 736w, https:\/\/avepharma.eu\/wp-content\/uploads\/layerslider\/Previous-v5-demo-slider\/slide-b-bg-414x233.jpg 414w\" sizes=\"(max-width: 1280px) 100vw, 1280px\" itemprop=\"image\" \/><h1 style=\"font-weight: 500;font-family:Lato, 'Open Sans', sans-serif;color:#ffffff;top:-31px;left:-16px;opacity:0.2;font-size:400px;font-weight:800;\" class=\"ls-l\" data-ls=\"durationin:1500;delayin:100;rotateyin:90;transformoriginin:left 50% 0;transitionout:false;parallaxlevel:0;\">K<\/h1><img width=\"439\" height=\"342\" src=\"https:\/\/avepharma.eu\/wp-content\/uploads\/2017\/12\/kam2.png\" class=\"ls-l\" alt=\"\" loading=\"lazy\" srcset=\"https:\/\/avepharma.eu\/wp-content\/uploads\/2017\/12\/kam2.png 439w, https:\/\/avepharma.eu\/wp-content\/uploads\/2017\/12\/kam2-300x234.png 300w, https:\/\/avepharma.eu\/wp-content\/uploads\/2017\/12\/kam2-330x257.png 330w, https:\/\/avepharma.eu\/wp-content\/uploads\/2017\/12\/kam2-414x323.png 414w\" sizes=\"(max-width: 439px) 100vw, 439px\" itemprop=\"image\" style=\"top:46px;left:776px;width:426px;height:351px;\" data-ls=\"durationin:0;transitionout:false;parallaxlevel:0;\"><h1 style=\"font-weight: 500;font-family:Lato, 'Open Sans', sans-serif;font-size:64px;color:#ffffff;top:137px;left:14px;letter-spacing:-1px;\" class=\"ls-l\" data-ls=\"durationin:1500;delayin:100;rotateyin:90;transformoriginin:left 50% 0;transitionout:false;parallaxlevel:0;\">KAM <br>(Key Account Manager)<\/h1><\/div><\/div>[\/vc_column_text][\/vc_column][\/vc_row][vc_row css=&#8221;.vc_custom_1511726387379{padding-top: 35px !important;}&#8221;][vc_column][vc_column_text]\n<p style=\"text-align: justify;\">Primary task of Key Account Manager is management of existing cients and searching for new ones. Basic job is to meet stated plan, observance of chosen strategy and time line.<\/p>\n[\/vc_column_text][\/vc_column][\/vc_row][vc_row][vc_column][mk_fancy_title size=&#8221;18&#8243; margin_bottom=&#8221;0&#8243; font_family=&#8221;none&#8221;]Main content:<br \/>\n[\/mk_fancy_title][vc_separator color=&#8221;custom&#8221; align=&#8221;align_left&#8221; style=&#8221;dotted&#8221; border_width=&#8221;2&#8243; accent_color=&#8221;#ebebeb&#8221; css=&#8221;.vc_custom_1508360006499{margin-top: 0px !important;margin-bottom: 0px !important;padding-top: 0px !important;padding-bottom: 15px !important;}&#8221;][\/vc_column][\/vc_row][vc_row css=&#8221;.vc_custom_1508360084477{padding-top: 0px !important;padding-bottom: 35px !important;}&#8221;][vc_column width=&#8221;1\/2&#8243;][vc_column_text disable_pattern=&#8221;false&#8221;]\n<ul>\n<li>Participation on preparation of the plan.<\/li>\n<li>Preparating and concluding client\u2019s presentations.<\/li>\n<li>Responsible for reaching set business goals and financial results.<\/li>\n<li>The establishment of price calculations, negotiating contract terms.<\/li>\n<li>Building and maintaining business relationships with selected key-clients.<\/li>\n<\/ul>\n[\/vc_column_text][\/vc_column][vc_column width=&#8221;1\/2&#8243;][vc_column_text]\n<ul>\n<li>Identify potentional key-customers on the market and gradual acquisition.<\/li>\n<li>Monitoring competitive activities, market situation.<\/li>\n<li>Preparation of market analyzes.<\/li>\n<li>Representation and presentation with retail chains and pharmacies (Dr.Max, Benu. Schneider, Va\u0161a lek\u00e1re\u0148, lek\u00e1re\u0148 Partner, Plus lek\u00e1re\u0148, S.O.S, Moja lek\u00e1re\u0148) and other individual companies.<\/li>\n<\/ul>\n[\/vc_column_text][\/vc_column][\/vc_row]","protected":false},"excerpt":{"rendered":"<p>[vc_row full_width=&#8221;stretch_row_content&#8221;][vc_column][vc_column_text css=&#8221;.vc_custom_1602005895208{margin-bottom: 0px !important;}&#8221;][\/vc_column_text][\/vc_column][\/vc_row][vc_row css=&#8221;.vc_custom_1511726387379{padding-top: 35px !important;}&#8221;][vc_column][vc_column_text] Primary task of Key Account Manager is management of existing cients and searching for new ones. Basic job is to meet stated plan, observance of chosen strategy and time line. [\/vc_column_text][\/vc_column][\/vc_row][vc_row][vc_column][mk_fancy_title size=&#8221;18&#8243; margin_bottom=&#8221;0&#8243; font_family=&#8221;none&#8221;]Main content: [\/mk_fancy_title][vc_separator color=&#8221;custom&#8221; align=&#8221;align_left&#8221; style=&#8221;dotted&#8221; border_width=&#8221;2&#8243; accent_color=&#8221;#ebebeb&#8221; css=&#8221;.vc_custom_1508360006499{margin-top: 0px !important;margin-bottom: 0px !important;padding-top: 0px [&hellip;]<\/p>\n","protected":false},"author":4,"featured_media":0,"parent":0,"menu_order":0,"comment_status":"closed","ping_status":"closed","template":"","meta":[],"_links":{"self":[{"href":"https:\/\/avepharma.eu\/en\/wp-json\/wp\/v2\/pages\/40"}],"collection":[{"href":"https:\/\/avepharma.eu\/en\/wp-json\/wp\/v2\/pages"}],"about":[{"href":"https:\/\/avepharma.eu\/en\/wp-json\/wp\/v2\/types\/page"}],"author":[{"embeddable":true,"href":"https:\/\/avepharma.eu\/en\/wp-json\/wp\/v2\/users\/4"}],"replies":[{"embeddable":true,"href":"https:\/\/avepharma.eu\/en\/wp-json\/wp\/v2\/comments?post=40"}],"version-history":[{"count":4,"href":"https:\/\/avepharma.eu\/en\/wp-json\/wp\/v2\/pages\/40\/revisions"}],"predecessor-version":[{"id":3445,"href":"https:\/\/avepharma.eu\/en\/wp-json\/wp\/v2\/pages\/40\/revisions\/3445"}],"wp:attachment":[{"href":"https:\/\/avepharma.eu\/en\/wp-json\/wp\/v2\/media?parent=40"}],"curies":[{"name":"wp","href":"https:\/\/api.w.org\/{rel}","templated":true}]}}