{"id":3370,"date":"2020-01-15T14:21:47","date_gmt":"2020-01-15T13:21:47","guid":{"rendered":"https:\/\/avepharma.eu\/?page_id=3370"},"modified":"2022-02-24T13:42:35","modified_gmt":"2022-02-24T12:42:35","slug":"comed","status":"publish","type":"page","link":"https:\/\/avepharma.eu\/en\/comed\/","title":{"rendered":"Comed"},"content":{"rendered":"[vc_row full_width=&#8221;stretch_row_content&#8221;][vc_column][vc_single_image image=&#8221;3392&#8243; img_size=&#8221;600&#215;300&#8243; alignment=&#8221;center&#8221; onclick=&#8221;custom_link&#8221; img_link_target=&#8221;_blank&#8221; link=&#8221;https:\/\/shop.avepharma.eu\/produkt\/glucosepro-250ml\/&#8221;][\/vc_column][\/vc_row][vc_row][vc_column][vc_column_text css=&#8221;.vc_custom_1644845451391{margin-bottom: 0px !important;}&#8221;]\n<p style=\"text-align: justify;\"><span data-sheets-value=\"{&quot;1&quot;:2,&quot;2&quot;:&quot;Comed je finsk\u00e1 zdravotn\u00e1 spolo\u010dnos\u0165, ktorej poslan\u00edm je poskytova\u0165 vysoko kvalitn\u00e9 v\u00fdrobky zdravotn\u00edckym odborn\u00edkom a ich pacientom s diabetom.\\nSpolo\u010dnos\u0165 Comed vyu\u017e\u00edva inovat\u00edvny v\u00fdvoj produktov a pr\u00edstupov k podpore zdravia. Spolo\u010dnos\u0165 podporuje pr\u00e1cu diabetologick\u00e9ho zdru\u017eenia.&quot;}\" data-sheets-userformat=\"{&quot;2&quot;:769,&quot;3&quot;:{&quot;1&quot;:0},&quot;11&quot;:4,&quot;12&quot;:0}\">Comed je finsk\u00e1 zdravotn\u00e1 spolo\u010dnos\u0165, ktorej poslan\u00edm je poskytova\u0165 vysoko kvalitn\u00e9 v\u00fdrobky zdravotn\u00edckym odborn\u00edkom a ich pacientom s diabetom.<br \/>\nSpolo\u010dnos\u0165 Comed vyu\u017e\u00edva inovat\u00edvny v\u00fdvoj produktov a pr\u00edstupov k podpore zdravia. Spolo\u010dnos\u0165 podporuje pr\u00e1cu diabetologick\u00e9ho zdru\u017eenia.<\/span>[\/vc_column_text][\/vc_column][\/vc_row][vc_row fullwidth=&#8221;true&#8221; fullwidth_content=&#8221;false&#8221; full_width=&#8221;stretch_row&#8221; css=&#8221;.vc_custom_1579103156367{padding-top: 35px !important;padding-bottom: 35px !important;background-color: #ebebeb !important;}&#8221;][vc_column width=&#8221;1\/2&#8243;][mk_fancy_title size=&#8221;18&#8243; font_family=&#8221;none&#8221;]GlucoBooster 40g &#8211; Gluk\u00f3zov\u00fd g\u00e9l v tube[\/mk_fancy_title][vc_column_text]\n<ul>\n<li>Prv\u00e1 pomoc pri hypoglyk\u00e9mii<\/li>\n<li>17,5g gluk\u00f3zy (odpor\u00fa\u010danie WHO pri hypoglyk\u00e9mii je 10-20g r\u00fdchlo absorbuj\u00facich sacharidov )<\/li>\n<li>R\u00fdchly \u00fa\u010dinok od 2-5 min\u00fat (z 3,6 na 6,3 mmol\/l za 5 min)<\/li>\n<li>Jednoduch\u00fd zdroj energie v\u017edy po ruke<\/li>\n<li>Jednoduch\u00e1 aplik\u00e1cia<\/li>\n<li>Pr\u00edjemn\u00e1 malinov\u00e1 chu\u0165<\/li>\n<li>10 ro\u010dn\u00e9 sk\u00fasenosti v EU<\/li>\n<li>vyroben\u00e9 vo F\u00ednsku<\/li>\n<\/ul>\n[\/vc_column_text][vc_row_inner][vc_column_inner width=&#8221;1\/3&#8243;][vc_btn title=&#8221;K\u00fapi\u0165&#8221; color=&#8221;green&#8221; link=&#8221;url:https%3A%2F%2Favepharma.sk%2Fglucobooster-40-g||target:%20_blank|&#8221;][\/vc_column_inner][vc_column_inner width=&#8221;1\/3&#8243;][\/vc_column_inner][vc_column_inner width=&#8221;1\/3&#8243;][\/vc_column_inner][\/vc_row_inner][\/vc_column][vc_column width=&#8221;1\/2&#8243;][vc_single_image image=&#8221;3381&#8243; img_size=&#8221;medium&#8221; alignment=&#8221;center&#8221; onclick=&#8221;link_image&#8221;][\/vc_column][\/vc_row][vc_row fullwidth=&#8221;true&#8221; fullwidth_content=&#8221;false&#8221; full_width=&#8221;stretch_row&#8221; css=&#8221;.vc_custom_1579103140193{padding-top: 35px !important;padding-bottom: 35px !important;background-color: #ffffff !important;}&#8221;][vc_column width=&#8221;1\/2&#8243;][vc_single_image image=&#8221;3379&#8243; img_size=&#8221;medium&#8221; alignment=&#8221;center&#8221; onclick=&#8221;link_image&#8221;][\/vc_column][vc_column width=&#8221;1\/2&#8243;][mk_fancy_title size=&#8221;18&#8243; font_family=&#8221;none&#8221;]GlucosePro 250ml[\/mk_fancy_title][vc_column_text]N\u00e1poj pre jednoduch\u00fd toleran\u010dn\u00fd test.<br \/>\nJednoduch\u00e9 a pohodln\u00e9 rie\u0161enie pri podozren\u00ed na diabetes mellitus, gesta\u010dn\u00fd diabetes alebo pri poruche gluk\u00f3zovej tolerancie.<\/p>\n<ul>\n<li>N\u00e1poj pr\u00edjemnej malinovej chute (bez CO2)<\/li>\n<li>Dobr\u00e1 zn\u00e1\u0161anlivos\u0165 v prvom trimestri tehotenstva<\/li>\n<li>\u010cist\u00e1 gluk\u00f3za schv\u00e1len\u00e1 WHO<\/li>\n<li>Presne vypo\u010d\u00edtan\u00e1 d\u00e1vka 75g\/250ml (oGGT)<\/li>\n<li>10 ro\u010dn\u00e9 sk\u00fasenosti v EU<\/li>\n<li>vyroben\u00e9 vo F\u00ednsku<\/li>\n<\/ul>\n[\/vc_column_text][vc_row_inner][vc_column_inner width=&#8221;1\/3&#8243;][vc_btn title=&#8221;K\u00fapi\u0165&#8221; color=&#8221;green&#8221; link=&#8221;url:https%3A%2F%2Favepharma.sk%2Fglucosepro-napoj-ogtt-250-ml||target:%20_blank|&#8221;][\/vc_column_inner][vc_column_inner width=&#8221;1\/3&#8243;][\/vc_column_inner][vc_column_inner width=&#8221;1\/3&#8243;][\/vc_column_inner][\/vc_row_inner][\/vc_column][\/vc_row][vc_row fullwidth=&#8221;true&#8221; fullwidth_content=&#8221;false&#8221; css=&#8221;.vc_custom_1507474314365{padding-top: 30px !important;padding-bottom: 30px !important;}&#8221;][vc_column][mk_fancy_title size=&#8221;18&#8243; font_family=&#8221;none&#8221;]Or\u00e1lny gluk\u00f3zov\u00fd toleran\u010dn\u00fd test \u2013 oGTT[\/mk_fancy_title][vc_column_text css=&#8221;.vc_custom_1645706008088{margin-bottom: 0px !important;}&#8221;]\n<h3>Inform\u00e1cie pre \u0161pecialistov<\/h3>\n<p>Gluk\u00f3zov\u00fd test, or\u00e1lny, kr\u00e1tky (0, 2 h) Pt-Gluk-R (alebo pod\u013ea protokolu nemocnice \/ laborat\u00f3ria)<\/p>\n<p><strong>Indik\u00e1cia:<\/strong><br \/>\nGluk\u00f3za je prim\u00e1rna met\u00f3da na diagnostiku diabetu Mellitus, naru\u0161enej tolerancie gluk\u00f3zy (IGT) a gluk\u00f3zy nala\u010dno (IFG). Tento produkt je bezpe\u010dn\u00fd na pou\u017eitie po\u010das tehotenstva a pri doj\u010den\u00ed matiek.<\/p>\n<p><strong>Pr\u00edprava:<\/strong><br \/>\nPred testom by sa mal pacient posti\u0165 12 hod\u00edn (povolen\u00e1 tolerancia je medzi 10 a 14 hodinami). P\u00f4st by sa mal za\u010da\u0165 predch\u00e1dzaj\u00faci ve\u010der o 20:00. Test by sa mal vykona\u0165 r\u00e1no medzi 7-9 hodinou r\u00e1no. Po\u010das p\u00f4stu m\u00f4\u017eu pacienti vypi\u0165 mierne mno\u017estvo vody. Po podan\u00ed GlucosePro je pitn\u00e1 voda povolen\u00e1. Po\u010das troch dn\u00ed pred testom by mal pacient dodr\u017eiava\u0165 obvykl\u00fa di\u00e9tu uh\u013eohydr\u00e1tov. Bezprostredne pred testom je potrebn\u00e9 sa vyhn\u00fa\u0165 fyzick\u00e9mu cvi\u010deniu. Malo by sa vyhn\u00fa\u0165 u\u017e\u00edvaniu in\u00fdch okrem nevyhnutn\u00fdch liekov. Po\u010das testu je zak\u00e1zan\u00e9 faj\u010di\u0165.<\/p>\n<p><strong>Vykonanie sk\u00fa\u0161ky:<\/strong><br \/>\nDospel\u00ed: Pred sk\u00fa\u0161kou sa hladina gluk\u00f3zy meria glukomerom (P-Gluk-O). Ak je hladina gluk\u00f3zy na la\u010dno vy\u0161\u0161ia ako 8,0 mmol\/l \u00a0ambulantn\u00fdch pacientov alebo vy\u0161\u0161ia ako 10,0 mmol\/l u hospitalizovan\u00fdch pacientov, test by sa nemal robi\u0165. Po zmeran\u00ed hladiny gluk\u00f3zy by mal pacient vypi\u0165 GlucosePro 250 ml.<\/p>\n<p>Vzorky plazmatickej gluk\u00f3zy (P-Gluk) by sa mali odobra\u0165 po 0 a 2 hodin\u00e1ch.<\/p>\n<p>Deti: Pred testom sa z\u00e1kladn\u00e1 hladina gluk\u00f3zy u die\u0165a\u0165a meria glukomerom (P-Gluk-O). Po zmeran\u00ed z\u00e1kladnej hladiny gluk\u00f3zy by malo die\u0165a pi\u0165 GlucosePro v mno\u017estve 1,75 g \/ kg hmotnosti, bez oh\u013eadu na vek die\u0165a\u0165a, a\u017e do maxim\u00e1lneho mno\u017estva 75 g gluk\u00f3zy \/ 250 ml n\u00e1poja. Hodnoty plazmatickej gluk\u00f3zy (P-Gluk) sa od\u010d\u00edtaj\u00fa po 0 hodin\u00e1ch a 2 hodin\u00e1ch. Vzorky mo\u010du sa m\u00f4\u017eu na po\u017eiadanie zbiera\u0165.<\/p>\n<p>Po vypit\u00ed Gluk\u00f3zyPro niektor\u00ed pacienti m\u00f4\u017eu poc\u00edti\u0165 nevo\u013enos\u0165 kv\u00f4li vysok\u00e9mu obsahu gluk\u00f3zy a m\u00f4\u017eu zvraca\u0165. V takom pr\u00edpade mus\u00ed by\u0165 sk\u00fa\u0161ka preru\u0161en\u00e1. Potom sa m\u00f4\u017ee pacientovi poda\u0165 jedlo.<\/p>\n<p>Test sa m\u00f4\u017ee pou\u017ei\u0165 aj na meranie sekr\u00e9cie inzul\u00ednu. Hladinu inzul\u00ednu v s\u00e9re je mo\u017en\u00e9 mera\u0165 spolu s hladinou gluk\u00f3zy.<\/p>\n<p>Tie\u017e sa uv\u00e1dza naru\u0161en\u00e1 tolerancia gluk\u00f3zy (IGT), ak sa v\u00fdsledok testu na gluk\u00f3zu l\u00ed\u0161i od norm\u00e1lneho v\u00fdsledku.<\/p>\n<p>&nbsp;<\/p>\n<p><strong>Vzorka:<\/strong><br \/>\nDospel\u00ed: 2 ml krvi do sk\u00famavky s fluorid citr\u00e1tom alebo sk\u00famavky s oxal\u00e1tom fluoridu.<\/p>\n<p>Deti: 2 ml krvi do sk\u00famavky s citr\u00e1tom fluoridu alebo fluoridu oxal\u00e1tu. U det\u00ed sa pr\u00edjem vzorky m\u00f4\u017ee uskuto\u010dni\u0165 ako vzorka na ejekciu ko\u017ee do g\u00e9lovej sk\u00famavky s Li-hepar\u00ednom (mikrotrubi\u010dka). Sk\u00famavky so vzorkami sa po odbere vzoriek musia uchov\u00e1va\u0165 v chlade a vzorky sa musia odstredi\u0165 najnesk\u00f4r do 2 hod\u00edn.<\/p>\n<p><strong>Interpret\u00e1cia met\u00f3dy:<\/strong><br \/>\nHladina gluk\u00f3zy sa stanov\u00ed hexokin\u00e1zovou met\u00f3dou.<\/p>\n<p><strong>Interpret\u00e1cia:<\/strong><br \/>\nVzorka plazmy alebo vzorky s\u00e9ra (P-Gluk, S-Gluk). Jednotka mmol \/ l.<\/p>\n<table>\n<tbody>\n<tr>\n<td>Vzorka zo \u017eily<\/td>\n<td>0-vzorka nala\u010dno<\/td>\n<td>2 hod. vzorka<\/td>\n<\/tr>\n<tr>\n<td>Dospel\u00ed, norm\u00e1lna tolerancia gluk\u00f3zy<\/td>\n<td>pod 6.1<\/td>\n<td>pod 7.8<\/td>\n<\/tr>\n<tr>\n<td>Deti, norm\u00e1lna tolerancia gluk\u00f3zy<\/td>\n<td>pod 7.2<\/td>\n<td>pod 7.8<\/td>\n<\/tr>\n<tr>\n<td>Naru\u0161en\u00e1 gluk\u00f3za na la\u010dno (dospel\u00ed, IFG)<\/td>\n<td>6.1 &#8211; 6.9<\/td>\n<td>pod 7.8<\/td>\n<\/tr>\n<tr>\n<td>Naru\u0161en\u00e1 tolerancia gluk\u00f3zy (dospel\u00ed, IGT)<\/td>\n<td>pod 7.0<\/td>\n<td>7.8-11.0<\/td>\n<\/tr>\n<tr>\n<td>Diabetes mellitus<\/td>\n<td>&gt;=7.0<\/td>\n<td>&gt;=11.1<\/td>\n<\/tr>\n<\/tbody>\n<\/table>\n<p>V pr\u00edpade cukrovky a tie\u017e u po\u0161koden\u00fdch foriem je naru\u0161en\u00e9 vyu\u017eitie gluk\u00f3zy v tkanive. Toto mo\u017eno zisti\u0165 vy\u0161\u0161\u00edm ako norm\u00e1lnym zv\u00fd\u0161en\u00edm hlad\u00edn gluk\u00f3zy v plazme po podan\u00ed GlucosePro:<\/p>\n<ul>\n<li>V pr\u00edpade naru\u0161enej gluk\u00f3zy nala\u010dno (IFG) s\u00fa hladiny gluk\u00f3zy nala\u010dno vy\u0161\u0161ie ako norm\u00e1lne, ale v\u00fdsledok testu na gluk\u00f3zu je norm\u00e1lny (pozri tabu\u013eku).<\/li>\n<li>V pr\u00edpade naru\u0161enej tolerancie gluk\u00f3zy (IGT) je hladina gluk\u00f3zy na la\u010dno a v\u00fdsledok testu gluk\u00f3zy na vy\u0161\u0161ej \u00farovni, ako je obvykl\u00e9 (pozri tabu\u013eku).<\/li>\n<li>V pr\u00edpade cukrovky Mellitus je najvy\u0161\u0161ia hladina gluk\u00f3zy na la\u010dno aj naj vy\u0161\u0161\u00ed gluk\u00f3zov\u00fd test (pozri tabu\u013eku)<\/li>\n<\/ul>\n<p>Hladiny gluk\u00f3zy v mo\u010di po\u010das testu sa m\u00f4\u017eu pou\u017ei\u0165 na detekciu mo\u017enej ren\u00e1lnej glukos\u00farie.<\/p>\n<p><strong>Pozn\u00e1mky:<\/strong><br \/>\nReferen\u010dn\u00e9 hodnoty s\u00fa stanoven\u00e9 pod\u013ea krit\u00e9ri\u00ed WHO 1999.[\/vc_column_text][\/vc_column][\/vc_row][vc_row fullwidth=&#8221;true&#8221; fullwidth_content=&#8221;false&#8221; css=&#8221;.vc_custom_1508405549555{padding-top: 30px !important;padding-bottom: 30px !important;background-color: #ebebeb !important;}&#8221;][vc_column][vc_column_text css=&#8221;.vc_custom_1612889478581{margin-bottom: 0px !important;}&#8221;]\n<p style=\"text-align: justify;\">Produkty si m\u00f4\u017eete zak\u00fapi\u0165: V ka\u017edej dobrej lek\u00e1rni a aj v sie\u0165ov\u00fdch lek\u00e1r\u0148ach ako : Dr.MAX, BENU, SCHNEIDER, VA\u0160A LEK\u00c1RE\u0147, LEK\u00c1RE\u0147 PARTNER, LEK\u00c1RE\u0147 PLUS, LEK\u00c1RE\u0147 SOS, MOJA LEK\u00c1RE\u0147 a na\u00a0<span style=\"color: #008000;\"> <a style=\"color: #008000;\" href=\"https:\/\/avepharma.sk\" target=\"_blank\" rel=\"noopener noreferrer\">E-SHOPE<\/a>.<\/span><\/p>\n[\/vc_column_text][\/vc_column][\/vc_row]\n","protected":false},"excerpt":{"rendered":"<p>[vc_row full_width=&#8221;stretch_row_content&#8221;][vc_column][vc_single_image image=&#8221;3392&#8243; img_size=&#8221;600&#215;300&#8243; alignment=&#8221;center&#8221; onclick=&#8221;custom_link&#8221; img_link_target=&#8221;_blank&#8221; link=&#8221;https:\/\/shop.avepharma.eu\/produkt\/glucosepro-250ml\/&#8221;][\/vc_column][\/vc_row][vc_row][vc_column][vc_column_text css=&#8221;.vc_custom_1644845451391{margin-bottom: 0px !important;}&#8221;] Comed je finsk\u00e1 zdravotn\u00e1 spolo\u010dnos\u0165, ktorej poslan\u00edm je poskytova\u0165 vysoko kvalitn\u00e9 v\u00fdrobky zdravotn\u00edckym odborn\u00edkom a ich pacientom s diabetom. Spolo\u010dnos\u0165 Comed vyu\u017e\u00edva inovat\u00edvny v\u00fdvoj produktov a pr\u00edstupov k podpore zdravia. Spolo\u010dnos\u0165 podporuje pr\u00e1cu diabetologick\u00e9ho zdru\u017eenia.[\/vc_column_text][\/vc_column][\/vc_row][vc_row fullwidth=&#8221;true&#8221; fullwidth_content=&#8221;false&#8221; full_width=&#8221;stretch_row&#8221; css=&#8221;.vc_custom_1579103156367{padding-top: 35px !important;padding-bottom: 35px !important;background-color: #ebebeb [&hellip;]<\/p>\n","protected":false},"author":2,"featured_media":0,"parent":0,"menu_order":0,"comment_status":"closed","ping_status":"closed","template":"","meta":[],"_links":{"self":[{"href":"https:\/\/avepharma.eu\/en\/wp-json\/wp\/v2\/pages\/3370"}],"collection":[{"href":"https:\/\/avepharma.eu\/en\/wp-json\/wp\/v2\/pages"}],"about":[{"href":"https:\/\/avepharma.eu\/en\/wp-json\/wp\/v2\/types\/page"}],"author":[{"embeddable":true,"href":"https:\/\/avepharma.eu\/en\/wp-json\/wp\/v2\/users\/2"}],"replies":[{"embeddable":true,"href":"https:\/\/avepharma.eu\/en\/wp-json\/wp\/v2\/comments?post=3370"}],"version-history":[{"count":34,"href":"https:\/\/avepharma.eu\/en\/wp-json\/wp\/v2\/pages\/3370\/revisions"}],"predecessor-version":[{"id":3647,"href":"https:\/\/avepharma.eu\/en\/wp-json\/wp\/v2\/pages\/3370\/revisions\/3647"}],"wp:attachment":[{"href":"https:\/\/avepharma.eu\/en\/wp-json\/wp\/v2\/media?parent=3370"}],"curies":[{"name":"wp","href":"https:\/\/api.w.org\/{rel}","templated":true}]}}