{"id":3310,"date":"2019-07-31T16:07:42","date_gmt":"2019-07-31T14:07:42","guid":{"rendered":"https:\/\/avepharma.eu\/?page_id=3310"},"modified":"2022-02-14T14:38:53","modified_gmt":"2022-02-14T13:38:53","slug":"nutrilac","status":"publish","type":"page","link":"https:\/\/avepharma.eu\/en\/nutrilac\/","title":{"rendered":"Nutrilac"},"content":{"rendered":"[mk_page_section min_height=&#8221;20&#8243; padding_top=&#8221;30&#8243; top_shape_color=&#8221;#ffffff&#8221; bottom_shape_color=&#8221;#ffffff&#8221; sidebar=&#8221;sidebar-1&#8243;][vc_column][vc_column_text]Nutri\u010dne kompletn\u00e1 nesladen\u00e1 hyperkalorick\u00e1 enter\u00e1lna v\u00fd\u017eiva. Je ur\u010den\u00e1 na pop\u00edjanie (sipping).[\/vc_column_text][\/vc_column][\/mk_page_section][vc_row fullwidth=&#8221;true&#8221; fullwidth_content=&#8221;false&#8221; full_width=&#8221;stretch_row&#8221; css=&#8221;.vc_custom_1508368629938{padding-top: 35px !important;padding-bottom: 35px !important;background-color: #ebebeb !important;}&#8221;][vc_column width=&#8221;1\/2&#8243;][vc_single_image image=&#8221;3344&#8243; img_size=&#8221;290&#215;470&#8243; alignment=&#8221;center&#8221; onclick=&#8221;link_image&#8221;][\/vc_column][vc_column width=&#8221;1\/2&#8243;][mk_fancy_title size=&#8221;18&#8243; font_family=&#8221;none&#8221;]NutrilaC Natural 1000ml[\/mk_fancy_title][vc_column_text]Vyv\u00e1\u017een\u00fd a nesladen\u00fd izokalorick\u00fd rad enter\u00e1lnej v\u00fd\u017eivy. Je ur\u010den\u00fd na pod\u00e1vanie v\u00fd\u017eivovou sondou alebo na pop\u00edjanie (sipping).<\/p>\n<p><strong>Vlastnosti a v\u00fdhody:<\/strong><\/p>\n<ul>\n<li>optim\u00e1lny a vyv\u00e1\u017een\u00fd obsah bielkov\u00edn, sacharidov a tukov<\/li>\n<li>100 % odpor\u00fa\u010danej dennej d\u00e1vky vitam\u00ednov, miner\u00e1lov a stopov\u00fdch prvkov pri odpor\u00fa\u010danom d\u00e1vkovan\u00ed<\/li>\n<li>v\u00fdborn\u00e1 zn\u00e1\u0161anlivos\u0165 a prijate\u013enos\u0165pre pacienta v\u010faka \u010disto pr\u00edrodnej mlie\u010dnej b\u00e1ze<\/li>\n<li>neobsahuje sachar\u00f3zu, lepok<\/li>\n<li>overen\u00e9 lek\u00e1rskymi \u0161t\u00fadiami na 3. LF Univerzity Karlovej<\/li>\n<\/ul>\n<p><strong>Indik\u00e1cie:<\/strong><br \/>\nPr\u00edpravok je ur\u010den\u00fd pre:<\/p>\n<ul>\n<li>pacientov so zn\u00ed\u017een\u00fdm pr\u00edjmom \u010di zv\u00fd\u0161enou potrebou energie a \u017eiv\u00edn<\/li>\n<li>pacientov pred a po oper\u00e1cii<\/li>\n<li>pacientov trpiacich nedostato\u010dnou v\u00fd\u017eivou (napr. seniorov)<\/li>\n<li>pacientov s dysfunkciou dutiny \u00fastnej, chrupu a poruchami preh\u013atania<\/li>\n<li>pacientov trpiacich nechutenstvom, anorexiou, bul\u00edmiou at\u010f.<\/li>\n<\/ul>\n<p><strong>Kontraindik\u00e1cie:<\/strong><br \/>\nPr\u00edpravok sa nesmie pod\u00e1va\u0165 pri precitlivenosti na niektor\u00fa zlo\u017eku, ktor\u00e1 je v pr\u00edpravku obsiahnut\u00e1. Nepod\u00e1vajte pr\u00edpravok pri nepriechodnosti alebo ochabnut\u00ed \u010driev.<\/p>\n<p><strong>D\u00e1vkovanie:<\/strong><br \/>\nPri \u00faplnej v\u00fd\u017eive dospel\u00fdch sa pod\u00e1va 1500 ml \u2014 2000 ml pr\u00edpravku denne pod\u013ea hmotnosti a energetick\u00fdch n\u00e1rokov pacienta. Ako doplnok stravy sa pou\u017e\u00edva 150 ml \u2014 200 ml 2 x denne. D\u00e1vkovanie u det\u00ed ur\u010d\u00ed lek\u00e1r.<\/p>\n<p><strong>D\u00f4le\u017eit\u00e9 upozornenie:<\/strong><br \/>\nPou\u017e\u00edvajte na z\u00e1klade odpor\u00fa\u010dania lek\u00e1ra alebo kvalifikovanej osoby v oblasti klinickej v\u00fd\u017eivy alebo farm\u00e1cie. U det\u00ed od 3 do 6 rokov veku je potrebn\u00e9 dba\u0165 na zv\u00fd\u0161en\u00fa opatrnos\u0165. Nie je ur\u010den\u00e9 pre deti do 3 rokov!<\/p>\n<p><strong>Balenie:<\/strong><br \/>\nZnovu uzatv\u00e1rate\u013en\u00fd vak 1000 ml.<\/p>\n<p><strong>Pr\u00edchute:<\/strong><br \/>\nNatural \u2014 mlie\u010dna[\/vc_column_text][vc_row_inner el_class=&#8221;skryelimax&#8221;][vc_column_inner width=&#8221;1\/3&#8243;][vc_btn title=&#8221;Viac inform\u00e1cii&#8221; color=&#8221;blue&#8221; link=&#8221;url:http%3A%2F%2Fshop.avepharma.eu%2Fprodukt%2Fbioxtra-ustny-gel%2F%23popis||&#8221;][\/vc_column_inner][vc_column_inner width=&#8221;1\/3&#8243;][vc_btn title=&#8221;K\u00fapi\u0165&#8221; color=&#8221;green&#8221; link=&#8221;url:http%3A%2F%2Fshop.avepharma.eu%2Fprodukt%2Fbioxtra-ustny-gel%2F||&#8221;][\/vc_column_inner][vc_column_inner width=&#8221;1\/3&#8243;][\/vc_column_inner][\/vc_row_inner][\/vc_column][\/vc_row][vc_row full_width=&#8221;stretch_row&#8221; css=&#8221;.vc_custom_1508369008112{padding-top: 35px !important;padding-bottom: 35px !important;}&#8221;][vc_column width=&#8221;1\/2&#8243;][mk_fancy_title size=&#8221;18&#8243; font_family=&#8221;none&#8221;]NutrilaC Natural Plus 200ml[\/mk_fancy_title][vc_column_text css=&#8221;.vc_custom_1620892684514{margin-bottom: 0px !important;}&#8221;]Nutri\u010dne kompletn\u00e1 nesladen\u00e1 hyperkalorick\u00e1 enter\u00e1lna v\u00fd\u017eiva. Je ur\u010den\u00e1 na pop\u00edjanie (sipping).<\/p>\n<p><strong>Vlastnosti a v\u00fdhody:<\/strong><\/p>\n<ul>\n<li>zv\u00fd\u0161en\u00fd obsah energie 1 ml = 1,5 kcal<\/li>\n<li>optim\u00e1lny a vyv\u00e1\u017een\u00fd obsah bielkov\u00edn, sacharidov a tukov<\/li>\n<li>pokr\u00fdva 100 % odpor\u00fa\u010danejdennej d\u00e1vky v\u0161etk\u00fdchvitam\u00ednov, miner\u00e1lov a stopov\u00fdch prvkov pod\u013ea d\u00e1vkovania<\/li>\n<li>neobsahuje sachar\u00f3zu, lepok<\/li>\n<\/ul>\n<p><strong>Indik\u00e1cie:<\/strong><br \/>\nPr\u00edpravok je ur\u010den\u00fd pre:<\/p>\n<ul>\n<li>pacientov pred a po oper\u00e1cii<\/li>\n<li>pacientov s n\u00e1dorov\u00fdm ochoren\u00edm<\/li>\n<li>pacientovtrpiacich podv\u00fd\u017eivou (napr. seniorov) alebo so zv\u00fd\u0161enou potrebou energie a \u017eiv\u00edn<\/li>\n<li>pacientov s dysfunkciou dutiny \u00fastnej, chrupu a poruchami preh\u013atania<\/li>\n<li>pacientov trpiacich nechutenstvom, anorexiou, bul\u00edmiou at\u010f.<\/li>\n<\/ul>\n<p><strong>Kontraindik\u00e1cie:<\/strong><br \/>\nPr\u00edpravok sa nesmie pod\u00e1va\u0165 pri precitlivenosti na niektor\u00fa zlo\u017eku, ktor\u00e1 je v pr\u00edpravku obsiahnut\u00e1. Nepod\u00e1vajte pr\u00edpravok pri nepriechodnosti alebo ochabnut\u00ed \u010driev.<\/p>\n<p><strong>D\u00e1vkovanie:<\/strong><br \/>\nU dospel\u00fdch pri \u00faplnej v\u00fd\u017eive sa v\u00e4\u010d\u0161inou pod\u00e1va 1100 ml \u2014 1500 ml pr\u00edpravku denne pod\u013ea potrieb pacienta. Ako doplnok stravy sa pou\u017e\u00edva 100 ml \u2014 150 ml 2 x denne. U det\u00ed d\u00e1vkovanie ur\u010duje lek\u00e1r.<\/p>\n<p><strong>D\u00f4le\u017eit\u00e9 upozornenie:<\/strong><br \/>\nPou\u017e\u00edvajte na z\u00e1klade odpor\u00fa\u010dania lek\u00e1ra alebo kvalifikovanej osoby v oblasti klinickej v\u00fd\u017eivy alebo farm\u00e1cie. U det\u00ed od 3 do 6 rokov veku je potrebn\u00e9 dba\u0165 na zv\u00fd\u0161en\u00fa opatrnos\u0165. Nie je ur\u010den\u00e9 predeti do 3 rokov!<\/p>\n<p><strong>Balenie:<\/strong><br \/>\nZnovu uzatv\u00e1rate\u013en\u00e9 f\u013ea\u0161e 200 ml.<\/p>\n<p><strong>Pr\u00edchute:<\/strong><br \/>\nNatural &#8211; mlie\u010dna<\/p>\n<p>Tekut\u00e1 v\u00fd\u017eiva na mlie\u010dnom z\u00e1klade.<br \/>\nVynikaj\u00faca pr\u00edrodn\u00e1 chu\u0165 a v\u00fdborn\u00e1 zn\u00e1\u0161anlivos\u0165.<br \/>\nOptim\u00e1lny pomer \u017eiv\u00edn a vitam\u00ednov.<br \/>\nOveren\u00e9 lek\u00e1rskymi \u0161t\u00fadiami.[\/vc_column_text][vc_row_inner el_class=&#8221;skryelimax&#8221;][vc_column_inner width=&#8221;1\/3&#8243;][vc_btn title=&#8221;Viac inform\u00e1cii&#8221; color=&#8221;blue&#8221; link=&#8221;url:http%3A%2F%2Fshop.avepharma.eu%2Fprodukt%2Fbioxtra-ustny-sprej%2F%23popis||&#8221;][\/vc_column_inner][vc_column_inner width=&#8221;1\/3&#8243;][vc_btn title=&#8221;K\u00fapi\u0165&#8221; color=&#8221;green&#8221; link=&#8221;url:http%3A%2F%2Fshop.avepharma.eu%2Fprodukt%2Fbioxtra-ustny-sprej%2F||&#8221;][\/vc_column_inner][vc_column_inner width=&#8221;1\/3&#8243;][\/vc_column_inner][\/vc_row_inner][\/vc_column][vc_column width=&#8221;1\/2&#8243;][vc_single_image image=&#8221;3316&#8243; img_size=&#8221;250&#215;390&#8243; alignment=&#8221;center&#8221; onclick=&#8221;link_image&#8221;][\/vc_column][\/vc_row][vc_row fullwidth=&#8221;true&#8221; fullwidth_content=&#8221;false&#8221; full_width=&#8221;stretch_row&#8221; css=&#8221;.vc_custom_1508368756544{padding-top: 35px !important;padding-bottom: 35px !important;background-color: #ebebeb !important;}&#8221;][vc_column width=&#8221;1\/2&#8243;][vc_single_image image=&#8221;3342&#8243; img_size=&#8221;160&#215;370&#8243; alignment=&#8221;center&#8221; onclick=&#8221;link_image&#8221;][\/vc_column][vc_column width=&#8221;1\/2&#8243;][mk_fancy_title size=&#8221;18&#8243; font_family=&#8221;none&#8221;]NutrilaC-S Vanilka 200ml[\/mk_fancy_title][vc_column_text]Vyv\u00e1\u017een\u00fd a nesladen\u00fd izokalorick\u00fd rad enter\u00e1lnej v\u00fd\u017eivy. Je ur\u010den\u00fd na pop\u00edjanie (sipping).<\/p>\n<p><strong>Vlastnosti a v\u00fdhody:<\/strong><\/p>\n<ul>\n<li>optim\u00e1lny a vyv\u00e1\u017een\u00fd obsah bielkov\u00edn, sacharidov a tukov<\/li>\n<li>100 % odpor\u00fa\u010danej dennej d\u00e1vky vitam\u00ednov, miner\u00e1lov a stopov\u00fdch prvkov pri odpor\u00fa\u010danom d\u00e1vkovan\u00ed<\/li>\n<li>v\u00fdborn\u00e1 zn\u00e1\u0161anlivos\u0165 a prijate\u013enos\u0165 pre pacienta v\u010faka \u010disto pr\u00edrodnej mlie\u010dnej b\u00e1ze<\/li>\n<li>neobsahuje sachar\u00f3zu, lepok<\/li>\n<li>overen\u00e9 lek\u00e1rskymi \u0161t\u00fadiami na 3. LF Univerzity Karlovej<\/li>\n<\/ul>\n<p><strong>Indik\u00e1cie:<\/strong><br \/>\nPr\u00edpravok je ur\u010den\u00fd pre:<\/p>\n<ul>\n<li>pacientov so zn\u00ed\u017een\u00fdm pr\u00edjmom \u010di zv\u00fd\u0161enou potrebou energie a \u017eiv\u00edn<\/li>\n<li>pacientov pred a po oper\u00e1cii<\/li>\n<li>pacientov trpiacich nedostato\u010dnou v\u00fd\u017eivou (napr. seniorov)<\/li>\n<li>pacientov s dysfunkciou dutiny \u00fastnej, chrupu a poruchami preh\u013atania<\/li>\n<li>pacientov trpiacich nechutenstvom, anorexiou, bul\u00edmiou at\u010f.<\/li>\n<\/ul>\n<p><strong>Kontraindik\u00e1cie:<\/strong><br \/>\nPr\u00edpravok sa nesmie pod\u00e1va\u0165 pri precitlivenosti na niektor\u00fa zlo\u017eku, ktor\u00e1 je v pr\u00edpravku obsiahnut\u00e1. Nepod\u00e1vajte pr\u00edpravok pri nepriechodnosti alebo ochabnut\u00ed \u010driev.<\/p>\n<p><strong>D\u00e1vkovanie:<\/strong><br \/>\nPri \u00faplnej v\u00fd\u017eive dospel\u00fdch sa pod\u00e1va 1500 ml \u2014 2000 ml pr\u00edpravku denne pod\u013ea hmotnosti a energetick\u00fdch n\u00e1rokov pacienta. Ako doplnok stravy sa pou\u017e\u00edva 150 ml \u2014 200ml 2 x denne. D\u00e1vkovanie u det\u00ed ur\u010d\u00ed lek\u00e1r.<\/p>\n<p><strong>D\u00f4le\u017eit\u00e9 upozornenie:<\/strong><br \/>\nPou\u017e\u00edvajte na z\u00e1klade odpor\u00fa\u010dania lek\u00e1ra alebo kvalifikovanej osoby v oblasti klinickej v\u00fd\u017eivy alebo farm\u00e1cie. U det\u00ed od 3 do 6 rokov veku je potrebn\u00e9 dba\u0165 na zv\u00fd\u0161en\u00fa opatrnos\u0165. Nie je ur\u010den\u00e9 pre deti do 3 rokov!<\/p>\n<p><strong>Balenie:<\/strong><br \/>\nZnovu uzatv\u00e1rate\u013en\u00e9 f\u013ea\u0161e 200 ml.<\/p>\n<p><strong>Pr\u00edchute NutrilaC-S:<\/strong><br \/>\nVanilka<\/p>\n<p>Nutri\u010dn\u00e1 podpora &#8211; je hraden\u00e1 maxim\u00e1lne do 675 kcal\/de\u0148. Podmienkou pokra\u010duj\u00facej hradenej lie\u010dby je zhodnotenie tolerancie lie\u010dby a zhodnotenie pr\u00ednosu lie\u010dby zdokumentovan\u00e9ho v zdravotnej dokument\u00e1cii pacienta. Pokra\u010duj\u00faca lie\u010dba sa m\u00f4\u017ee indikova\u0165 najviac na 31 dn\u00ed. Hraden\u00e1 lie\u010dba po \u0161iestich mesiacoch podlieha predch\u00e1dzaj\u00facemu s\u00fahlasu zdravotnej pois\u0165ovne. Pln\u00e1 enter\u00e1lna v\u00fd\u017eiva &#8211; je hraden\u00e1 maxim\u00e1lne do 2000 kcal\/de\u0148. Indikuje sa v pr\u00edpade aplik\u00e1cie nasogastrickou sondou alebo perkut\u00e1nnou endoskopickou alebo chirurgickou gastrost\u00f3miou alebo jejunost\u00f3miou, preskripcia sa realizuje najviac na 31 dn\u00ed. Hraden\u00e1 lie\u010dba si nevy\u017eaduje predch\u00e1dzaj\u00faci s\u00fahlas zdravotnej pois\u0165ovne pokia\u013e je indikovan\u00e1 v s\u00falade s aktu\u00e1lnym znen\u00edm preskrip\u010dn\u00fdch, indika\u010dn\u00fdch a mno\u017estvov\u00fdch limitov.[\/vc_column_text][vc_row_inner el_class=&#8221;skryelimax&#8221;][vc_column_inner width=&#8221;1\/3&#8243;][vc_btn title=&#8221;Viac inform\u00e1cii&#8221; color=&#8221;blue&#8221; link=&#8221;url:http%3A%2F%2Fshop.avepharma.eu%2Fprodukt%2Fbioxtra-jemna-zubna-pasta%2F%23popis||&#8221;][\/vc_column_inner][vc_column_inner width=&#8221;1\/3&#8243;][vc_btn title=&#8221;K\u00fapi\u0165&#8221; color=&#8221;green&#8221; link=&#8221;url:http%3A%2F%2Fshop.avepharma.eu%2Fprodukt%2Fbioxtra-jemna-zubna-pasta%2F||&#8221;][\/vc_column_inner][vc_column_inner width=&#8221;1\/3&#8243;][\/vc_column_inner][\/vc_row_inner][\/vc_column][\/vc_row]","protected":false},"excerpt":{"rendered":"<p>[mk_page_section min_height=&#8221;20&#8243; padding_top=&#8221;30&#8243; top_shape_color=&#8221;#ffffff&#8221; bottom_shape_color=&#8221;#ffffff&#8221; sidebar=&#8221;sidebar-1&#8243;][vc_column][vc_column_text]Nutri\u010dne kompletn\u00e1 nesladen\u00e1 hyperkalorick\u00e1 enter\u00e1lna v\u00fd\u017eiva. Je ur\u010den\u00e1 na pop\u00edjanie (sipping).[\/vc_column_text][\/vc_column][\/mk_page_section][vc_row fullwidth=&#8221;true&#8221; fullwidth_content=&#8221;false&#8221; full_width=&#8221;stretch_row&#8221; css=&#8221;.vc_custom_1508368629938{padding-top: 35px !important;padding-bottom: 35px !important;background-color: #ebebeb !important;}&#8221;][vc_column width=&#8221;1\/2&#8243;][vc_single_image image=&#8221;3344&#8243; img_size=&#8221;290&#215;470&#8243; alignment=&#8221;center&#8221; onclick=&#8221;link_image&#8221;][\/vc_column][vc_column width=&#8221;1\/2&#8243;][mk_fancy_title size=&#8221;18&#8243; font_family=&#8221;none&#8221;]NutrilaC Natural 1000ml[\/mk_fancy_title][vc_column_text]Vyv\u00e1\u017een\u00fd a nesladen\u00fd izokalorick\u00fd rad enter\u00e1lnej v\u00fd\u017eivy. Je ur\u010den\u00fd na pod\u00e1vanie v\u00fd\u017eivovou sondou alebo na pop\u00edjanie (sipping). Vlastnosti a v\u00fdhody: [&hellip;]<\/p>\n","protected":false},"author":3,"featured_media":0,"parent":0,"menu_order":0,"comment_status":"closed","ping_status":"closed","template":"","meta":[],"_links":{"self":[{"href":"https:\/\/avepharma.eu\/en\/wp-json\/wp\/v2\/pages\/3310"}],"collection":[{"href":"https:\/\/avepharma.eu\/en\/wp-json\/wp\/v2\/pages"}],"about":[{"href":"https:\/\/avepharma.eu\/en\/wp-json\/wp\/v2\/types\/page"}],"author":[{"embeddable":true,"href":"https:\/\/avepharma.eu\/en\/wp-json\/wp\/v2\/users\/3"}],"replies":[{"embeddable":true,"href":"https:\/\/avepharma.eu\/en\/wp-json\/wp\/v2\/comments?post=3310"}],"version-history":[{"count":34,"href":"https:\/\/avepharma.eu\/en\/wp-json\/wp\/v2\/pages\/3310\/revisions"}],"predecessor-version":[{"id":3589,"href":"https:\/\/avepharma.eu\/en\/wp-json\/wp\/v2\/pages\/3310\/revisions\/3589"}],"wp:attachment":[{"href":"https:\/\/avepharma.eu\/en\/wp-json\/wp\/v2\/media?parent=3310"}],"curies":[{"name":"wp","href":"https:\/\/api.w.org\/{rel}","templated":true}]}}