{"id":32,"date":"2017-02-11T14:40:43","date_gmt":"2017-02-11T13:40:43","guid":{"rendered":"http:\/\/wordpress.avepharma.eu\/?page_id=32"},"modified":"2022-02-24T14:26:22","modified_gmt":"2022-02-24T13:26:22","slug":"logistika-skladovanie","status":"publish","type":"page","link":"https:\/\/avepharma.eu\/en\/logistika-skladovanie\/","title":{"rendered":"LOGISTIC AND STORAGE"},"content":{"rendered":"[vc_row full_width=&#8221;stretch_row_content&#8221;][vc_column][vc_column_text css=&#8221;.vc_custom_1602006522582{margin-bottom: 0px !important;}&#8221;]<div id=\"layerslider_10\" class=\"ls-wp-container fitvidsignore\" style=\"width:1140px;height:450px;max-width:1140px;margin:0 auto;margin-bottom: 0px;\"><div class=\"ls-slide\" data-ls=\"duration:8000;transition2d:4;kenburnsscale:1.2;\"><img width=\"1280\" height=\"720\" src=\"https:\/\/avepharma.eu\/wp-content\/uploads\/layerslider\/Previous-v5-demo-slider\/slide-b-bg.jpg\" class=\"ls-bg\" alt=\"\" loading=\"lazy\" srcset=\"https:\/\/avepharma.eu\/wp-content\/uploads\/layerslider\/Previous-v5-demo-slider\/slide-b-bg.jpg 1280w, https:\/\/avepharma.eu\/wp-content\/uploads\/layerslider\/Previous-v5-demo-slider\/slide-b-bg-300x169.jpg 300w, https:\/\/avepharma.eu\/wp-content\/uploads\/layerslider\/Previous-v5-demo-slider\/slide-b-bg-768x432.jpg 768w, https:\/\/avepharma.eu\/wp-content\/uploads\/layerslider\/Previous-v5-demo-slider\/slide-b-bg-1024x576.jpg 1024w, https:\/\/avepharma.eu\/wp-content\/uploads\/layerslider\/Previous-v5-demo-slider\/slide-b-bg-330x186.jpg 330w, https:\/\/avepharma.eu\/wp-content\/uploads\/layerslider\/Previous-v5-demo-slider\/slide-b-bg-736x414.jpg 736w, https:\/\/avepharma.eu\/wp-content\/uploads\/layerslider\/Previous-v5-demo-slider\/slide-b-bg-414x233.jpg 414w\" sizes=\"(max-width: 1280px) 100vw, 1280px\" itemprop=\"image\" \/><h1 style=\"font-weight: 500;font-family:Lato, 'Open Sans', sans-serif;color:#ffffff;top:-31px;left:-16px;opacity:0.2;font-size:400px;font-weight:800;\" class=\"ls-l\" data-ls=\"durationin:1500;delayin:100;rotateyin:90;transformoriginin:left 50% 0;transitionout:false;parallaxlevel:0;\">L<\/h1><img width=\"960\" height=\"600\" src=\"https:\/\/avepharma.eu\/wp-content\/uploads\/2017\/11\/logistics.png\" class=\"ls-l\" alt=\"\" loading=\"lazy\" srcset=\"https:\/\/avepharma.eu\/wp-content\/uploads\/2017\/11\/logistics.png 960w, https:\/\/avepharma.eu\/wp-content\/uploads\/2017\/11\/logistics-300x188.png 300w, https:\/\/avepharma.eu\/wp-content\/uploads\/2017\/11\/logistics-768x480.png 768w, https:\/\/avepharma.eu\/wp-content\/uploads\/2017\/11\/logistics-330x206.png 330w, https:\/\/avepharma.eu\/wp-content\/uploads\/2017\/11\/logistics-662x414.png 662w, https:\/\/avepharma.eu\/wp-content\/uploads\/2017\/11\/logistics-414x259.png 414w\" sizes=\"(max-width: 960px) 100vw, 960px\" itemprop=\"image\" style=\"top:47px;left:508px;width:616px;height:363px;\" data-ls=\"durationin:0;transitionout:false;parallaxlevel:0;\"><h1 style=\"font-weight: 500;font-family:Lato, 'Open Sans', sans-serif;font-size:64px;color:#ffffff;top:143px;left:13px;\" class=\"ls-l\" data-ls=\"durationin:1500;delayin:100;rotateyin:90;transformoriginin:left 50% 0;transitionout:false;parallaxlevel:0;\">LOGISTIKA<br>A SKLADOVANIE<\/h1><\/div><\/div>[\/vc_column_text][\/vc_column][\/vc_row][vc_row css=&#8221;.vc_custom_1511727455161{padding-top: 35px !important;}&#8221;][vc_column][vc_column_text css=&#8221;.vc_custom_1645709172497{margin-bottom: 0px !important;}&#8221;]\n<p style=\"text-align: justify;\"><span data-sheets-value=\"{&quot;1&quot;:2,&quot;2&quot;:&quot;Postar\u00e1me sa o logistiku a skladovanie va\u0161ich farmaceutick\u00fdch pr\u00edpravkov. Z\u00e1kazn\u00edcke objedn\u00e1vky spracov\u00e1vame r\u00fdchlo a efekt\u00edvne, s doru\u010den\u00edm do 48 hod\u00edn. A to od jedn\u00e9ho bal\u00ed\u010dka a\u017e po kami\u00f3n.&quot;}\" data-sheets-userformat=\"{&quot;2&quot;:769,&quot;3&quot;:{&quot;1&quot;:0},&quot;11&quot;:4,&quot;12&quot;:0}\">Postar\u00e1me sa o logistiku a skladovanie va\u0161ich farmaceutick\u00fdch pr\u00edpravkov. Z\u00e1kazn\u00edcke objedn\u00e1vky spracov\u00e1vame r\u00fdchlo a efekt\u00edvne, s doru\u010den\u00edm do 48 hod\u00edn. A to od jedn\u00e9ho bal\u00ed\u010dka a\u017e po kami\u00f3n.<\/span><\/p>\n<p style=\"text-align: justify;\">Pre maxim\u00e1lne zefekt\u00edvnenie z\u00e1sielky vyu\u017e\u00edvame hybridn\u00fa dopravu, v\u010faka \u010domu skracujeme cel\u00fd logistick\u00fd proces doru\u010denia za \u010do najni\u017e\u0161ie n\u00e1klady. Pokr\u00fdvame vn\u00fatro\u0161t\u00e1tnu i medzin\u00e1rodn\u00fa prepravu.<\/p>\n<p style=\"text-align: justify;\">Skladov\u00e9 jednotky<em><strong> AvePharma<\/strong> <\/em>poskytuj\u00fa dostato\u010dn\u00fa kapacitu na zlo\u017eenie tovaru r\u00f4zneho druhu a\u00a0mno\u017estva, pri\u010dom sp\u013a\u0148aj\u00fa v\u0161etky z\u00e1konn\u00e9 a\u00a0regula\u010dn\u00e9 opatrenia pre konkr\u00e9tny druh tovaru.<\/p>\n[\/vc_column_text][\/vc_column][\/vc_row][vc_row css=&#8221;.vc_custom_1508357287112{padding-top: 35px !important;}&#8221;][vc_column][mk_fancy_title size=&#8221;18&#8243; margin_bottom=&#8221;0&#8243; font_family=&#8221;none&#8221;]Sme V\u00e1m schopn\u00ed zabezpe\u010di\u0165:[\/mk_fancy_title][vc_separator color=&#8221;custom&#8221; align=&#8221;align_left&#8221; style=&#8221;dotted&#8221; border_width=&#8221;2&#8243; accent_color=&#8221;#ebebeb&#8221; css=&#8221;.vc_custom_1508360868112{margin-top: 0px !important;margin-bottom: 0px !important;padding-top: 0px !important;padding-bottom: 15px !important;}&#8221;][\/vc_column][\/vc_row][vc_row css=&#8221;.vc_custom_1508360880078{margin-top: 0px !important;padding-top: 0px !important;padding-bottom: 35px !important;}&#8221;][vc_column width=&#8221;1\/2&#8243;][vc_column_text]\n<ul>\n<li>BOZP<\/li>\n<li>Doplnkov\u00e9 slu\u017eby<\/li>\n<li>Poistenie vo\u010di po\u0161kodeniu<\/li>\n<li>Digit\u00e1lnu kontrolu z\u00e1sielky<\/li>\n<\/ul>\n[\/vc_column_text][\/vc_column][vc_column width=&#8221;1\/2&#8243;][vc_column_text]\n<ul>\n<li>Potrebn\u00fa ve\u013ekos\u0165 skladovej jednotky<\/li>\n<li>R\u00fdchly a transparentn\u00fd tok inform\u00e1cii<\/li>\n<li>Z\u00e1konom stanoven\u00e9 podmienky pre nakladanie s tovarom<\/li>\n<li>Komunik\u00e1ciu v r\u00f4znych jazykoch v pr\u00edpade medzin\u00e1rodnej prepravy<\/li>\n<\/ul>\n[\/vc_column_text][\/vc_column][\/vc_row]\n","protected":false},"excerpt":{"rendered":"<p>[vc_row full_width=&#8221;stretch_row_content&#8221;][vc_column][vc_column_text css=&#8221;.vc_custom_1602006522582{margin-bottom: 0px !important;}&#8221;][\/vc_column_text][\/vc_column][\/vc_row][vc_row css=&#8221;.vc_custom_1511727455161{padding-top: 35px !important;}&#8221;][vc_column][vc_column_text css=&#8221;.vc_custom_1645709172497{margin-bottom: 0px !important;}&#8221;] Postar\u00e1me sa o logistiku a skladovanie va\u0161ich farmaceutick\u00fdch pr\u00edpravkov. Z\u00e1kazn\u00edcke objedn\u00e1vky spracov\u00e1vame r\u00fdchlo a efekt\u00edvne, s doru\u010den\u00edm do 48 hod\u00edn. A to od jedn\u00e9ho bal\u00ed\u010dka a\u017e po kami\u00f3n. Pre maxim\u00e1lne zefekt\u00edvnenie z\u00e1sielky vyu\u017e\u00edvame hybridn\u00fa dopravu, v\u010faka \u010domu skracujeme cel\u00fd logistick\u00fd proces doru\u010denia za \u010do [&hellip;]<\/p>\n","protected":false},"author":4,"featured_media":0,"parent":0,"menu_order":0,"comment_status":"closed","ping_status":"closed","template":"","meta":[],"_links":{"self":[{"href":"https:\/\/avepharma.eu\/en\/wp-json\/wp\/v2\/pages\/32"}],"collection":[{"href":"https:\/\/avepharma.eu\/en\/wp-json\/wp\/v2\/pages"}],"about":[{"href":"https:\/\/avepharma.eu\/en\/wp-json\/wp\/v2\/types\/page"}],"author":[{"embeddable":true,"href":"https:\/\/avepharma.eu\/en\/wp-json\/wp\/v2\/users\/4"}],"replies":[{"embeddable":true,"href":"https:\/\/avepharma.eu\/en\/wp-json\/wp\/v2\/comments?post=32"}],"version-history":[{"count":6,"href":"https:\/\/avepharma.eu\/en\/wp-json\/wp\/v2\/pages\/32\/revisions"}],"predecessor-version":[{"id":3650,"href":"https:\/\/avepharma.eu\/en\/wp-json\/wp\/v2\/pages\/32\/revisions\/3650"}],"wp:attachment":[{"href":"https:\/\/avepharma.eu\/en\/wp-json\/wp\/v2\/media?parent=32"}],"curies":[{"name":"wp","href":"https:\/\/api.w.org\/{rel}","templated":true}]}}