{"id":2401,"date":"2017-10-19T13:30:06","date_gmt":"2017-10-19T11:30:06","guid":{"rendered":"https:\/\/avepharma.eu\/?page_id=2401"},"modified":"2017-11-07T14:36:23","modified_gmt":"2017-11-07T13:36:23","slug":"nova-titulka","status":"publish","type":"page","link":"https:\/\/avepharma.eu\/en\/nova-titulka\/","title":{"rendered":"Nov\u00e1 titulka"},"content":{"rendered":"[vc_row fullwidth=&#8221;true&#8221; full_width=&#8221;stretch_row_content&#8221;][vc_column][mk_layerslider id=&#8221;1&#8243;][\/vc_column][\/vc_row][vc_row css=&#8221;.vc_custom_1508354201708{padding-top: 35px !important;padding-bottom: 35px !important;}&#8221;][vc_column][mk_fancy_title size=&#8221;22&#8243; font_weight=&#8221;600&#8243; letter_spacing=&#8221;1&#8243; margin_bottom=&#8221;30&#8243; font_family=&#8221;none&#8221; align=&#8221;center&#8221;]ZASTUPOVANIE SPOLO\u010cNOST\u00cd A OUTSOURCING VO FARM\u00c1CII[\/mk_fancy_title][vc_column_text]\n<p style=\"text-align: center;\">Sme etablovanou spolo\u010dnos\u0165ou, ktor\u00fa tvor\u00ed t\u00edm sk\u00fasen\u00fdch odborn\u00edkov s dlhoro\u010dnou praxou v nadn\u00e1rodn\u00fdch spolo\u010dnostiach. Na\u0161i profesion\u00e1lni pracovn\u00edci dokonale poznaj\u00fa slovensk\u00fd trh, maj\u00fa viac ako 25 rokov sk\u00fasenost\u00ed. Spolo\u010dnos\u0165 <strong>AvePharma <\/strong>p\u00f4sob\u00ed na Slovensku od roku 2007 a zaober\u00e1 sa zastupovan\u00edm spolo\u010dnost\u00ed a outsourcingom slu\u017eieb v oblasti farm\u00e1cie, stomatol\u00f3gie, <a href=\"https:\/\/avepharma.eu\/pet-points\/\">veteriny<\/a> a\u00a0FMCG.\u00a0N\u00e1\u0161 kvalitn\u00fd t\u00edm odborn\u00edkov je z\u00e1rukou Va\u0161ej spokojnosti v\u00a0oblasti<a href=\"https:\/\/avepharma.eu\/outsourcing\/\"> outsourcingu <\/a>a\u00a0kompletnom mana\u017emente Va\u0161ich <a href=\"https:\/\/avepharma.eu\/poradenstvo\/eventy\/\">aktiv\u00edt.<\/a><\/p>\n[\/vc_column_text][\/vc_column][\/vc_row][vc_row fullwidth=&#8221;true&#8221; fullwidth_content=&#8221;false&#8221; css=&#8221;.vc_custom_1508375556998{padding-top: 45px !important;padding-bottom: 35px !important;background-color: #ebebeb !important;}&#8221;][vc_column][mk_fancy_title size=&#8221;22&#8243; font_weight=&#8221;600&#8243; letter_spacing=&#8221;1&#8243; font_family=&#8221;none&#8221; align=&#8221;center&#8221;]NA\u0160E SLU\u017dBY[\/mk_fancy_title][vc_column_text]\n<p style=\"text-align: center;\">Pre na\u0161ich partnerov poskytujeme najkvalitnej\u0161ie slu\u017eby na profesion\u00e1lnej \u00farovni. Na z\u00e1klade podrobnej anal\u00fdzy Va\u0161ich potrieb V\u00e1m vieme pripravi\u0165 spolupr\u00e1cu na mieru, a tak prispie\u0165 k optimaliz\u00e1cii\u00a0Va\u0161ich vstupn\u00fdch a prev\u00e1dzkov\u00fdch n\u00e1kladov. Na\u0161e sk\u00fasenosti\u00a0V\u00e1m pom\u00f4\u017eu prekona\u0165 n\u00e1ro\u010dn\u00fa f\u00e1zu vstupu na trh.<\/p>\n<p style=\"text-align: center;\">Spolupracujeme so v\u0161etk\u00fdmi v\u00fdznamn\u00fdmi farmaceutick\u00fdmi spolo\u010dnos\u0165ami (<strong><em><a href=\"http:\/\/www.phoenix.sk\/\" target=\"_blank\" rel=\"noopener\">PHOENIX<\/a>, <a href=\"http:\/\/www.med-art.sk\/\" target=\"_blank\" rel=\"noopener\">MED-ART<\/a>, <a href=\"https:\/\/unipharma.sk\/\" target=\"_blank\" rel=\"noopener\">UNIPHARMA<\/a>, <a href=\"http:\/\/www.pharmos.sk\/\" target=\"_blank\" rel=\"noopener\">PHARMOS<\/a><\/em> <em>a in\u00e9<\/em><\/strong> ), veterin\u00e1rnymi\u00a0spolo\u010dnos\u0165ami\u00a0(<em><strong><a href=\"http:\/\/www.pharmacopola.sk\/\" target=\"_blank\" rel=\"noopener\">PHARMACOPOLA<\/a>, <a href=\"http:\/\/www.med-art.sk\/\" target=\"_blank\" rel=\"noopener\">MED-ART<\/a>, <a href=\"http:\/\/www.topvet.eu\/\" target=\"_blank\" rel=\"noopener\">TOPVET<\/a> a in\u00e9<\/strong> <\/em>), stomatologick\u00fdmi spolo\u010dnos\u0165ami ( <em><strong><a href=\"http:\/\/www.eudent.sk\/\" target=\"_blank\" rel=\"noopener\">EUDENT<\/a>,<a href=\"http:\/\/www.dentall.sk\/\" target=\"_blank\" rel=\"noopener\"> DENTALL<\/a>, <a href=\"http:\/\/sanusdental.sk\/\" target=\"_blank\" rel=\"noopener\">SANUS <\/a>a in\u00e9<\/strong> <\/em>), nez\u00e1visl\u00fdmi lek\u00e1r\u0148ami ( <em><strong><a href=\"http:\/\/www.partner.sk\/lekarne\/\" target=\"_blank\" rel=\"noopener\">LEK\u00c1RE\u0147 PARTNER<\/a>, <a href=\"http:\/\/www.pluslekaren.sk\/\" target=\"_blank\" rel=\"noopener\">PLUS LEK\u00c1RE\u0147<\/a>,\u00a0<a href=\"http:\/\/www.vasalekaren.sk\/\" target=\"_blank\" rel=\"noopener\">VA\u0160A LEK\u00c1RE\u0147<\/a>\u00a0a in\u00e9<\/strong> <\/em>), sie\u0165ov\u00fdmi lek\u00e1r\u0148ami ( <em><strong><a href=\"https:\/\/www.drmax.sk\/\" target=\"_blank\" rel=\"noopener\">DR.MAX<\/a>, <a href=\"https:\/\/www.benulekaren.sk\/\" target=\"_blank\" rel=\"noopener\">BENU,<\/a> <a href=\"http:\/\/www.schneider-electric.sk\/sk\/\" target=\"_blank\" rel=\"noopener\">SCHNEIDER <\/a>a in\u00e9<\/strong><\/em>), lek\u00e1rmi, veterin\u00e1rnymi ambulanciami, predaj\u0148ami chovate\u013esk\u00fdch potrieb ( <em><strong><a href=\"https:\/\/www.petcenter.sk\/\" target=\"_blank\" rel=\"noopener\">PET CENTER<\/a>, <a href=\"http:\/\/www.superzoo.sk\/\" target=\"_blank\" rel=\"noopener\">SUPER\u00a0ZOO<\/a> a in\u00e9<\/strong> <\/em>), obchodn\u00fdmi re\u0165azcami ( <em><strong><a href=\"http:\/\/tesco.sk\/\" target=\"_blank\" rel=\"noopener\">TESCO<\/a>, <a href=\"http:\/\/www.coop.sk\/\" target=\"_blank\" rel=\"noopener\">COOP<\/a> a in\u00e9<\/strong>\u00a0<\/em>).<\/p>\n[\/vc_column_text][\/vc_column][\/vc_row][vc_row fullwidth=&#8221;true&#8221; fullwidth_content=&#8221;false&#8221; css=&#8221;.vc_custom_1508354547687{background-color: #ebebeb !important;}&#8221;][vc_column width=&#8221;1\/4&#8243;][vc_single_image image=&#8221;664&#8243; img_size=&#8221;full&#8221; alignment=&#8221;center&#8221; onclick=&#8221;custom_link&#8221; link=&#8221;\/outsourcing\/&#8221;][\/vc_column][vc_column width=&#8221;1\/4&#8243;][vc_single_image image=&#8221;665&#8243; img_size=&#8221;full&#8221; alignment=&#8221;center&#8221; onclick=&#8221;custom_link&#8221; link=&#8221;\/registracia\/&#8221;][\/vc_column][vc_column width=&#8221;1\/4&#8243;][vc_single_image image=&#8221;662&#8243; img_size=&#8221;full&#8221; alignment=&#8221;center&#8221; onclick=&#8221;custom_link&#8221; link=&#8221;\/logistika\/&#8221;][\/vc_column][vc_column width=&#8221;1\/4&#8243;][vc_single_image image=&#8221;663&#8243; img_size=&#8221;full&#8221; alignment=&#8221;center&#8221; onclick=&#8221;custom_link&#8221; link=&#8221;\/marketing\/&#8221;][\/vc_column][\/vc_row][vc_row fullwidth=&#8221;true&#8221; fullwidth_content=&#8221;false&#8221; css=&#8221;.vc_custom_1508354616018{padding-bottom: 35px !important;background-color: #ebebeb !important;}&#8221;][vc_column width=&#8221;1\/4&#8243;][vc_single_image image=&#8221;659&#8243; img_size=&#8221;full&#8221; alignment=&#8221;center&#8221; onclick=&#8221;custom_link&#8221; link=&#8221;\/asm-management\/&#8221;][\/vc_column][vc_column width=&#8221;1\/4&#8243;][vc_single_image image=&#8221;1730&#8243; img_size=&#8221;full&#8221; alignment=&#8221;center&#8221; onclick=&#8221;custom_link&#8221; link=&#8221;\/kam-management\/&#8221;][\/vc_column][vc_column width=&#8221;1\/4&#8243;][vc_single_image image=&#8221;666&#8243; img_size=&#8221;full&#8221; alignment=&#8221;center&#8221; onclick=&#8221;custom_link&#8221; link=&#8221;\/team-sr\/&#8221;][\/vc_column][vc_column width=&#8221;1\/4&#8243;][vc_single_image image=&#8221;660&#8243; img_size=&#8221;full&#8221; alignment=&#8221;center&#8221; onclick=&#8221;custom_link&#8221; link=&#8221;\/crm-report\/&#8221;][\/vc_column][\/vc_row][vc_row css=&#8221;.vc_custom_1508375524066{padding-top: 45px !important;padding-bottom: 35px !important;}&#8221;][vc_column][mk_fancy_title size=&#8221;22&#8243; font_weight=&#8221;600&#8243; letter_spacing=&#8221;1&#8243; margin_bottom=&#8221;30&#8243; font_family=&#8221;none&#8221; align=&#8221;center&#8221;]NA\u0160A V\u00cdZIA[\/mk_fancy_title][vc_column_text]\n<p style=\"text-align: center;\">Je pom\u00e1ha\u0165 \u013eu\u010fom a zvierat\u00e1m. Chceme pon\u00faka\u0165 tak\u00fa podporu, produkty a slu\u017eby, ktor\u00e9 zlep\u0161ia, skvalitnia a zjednodu\u0161ia \u017eivot. Neust\u00e1le h\u013ead\u00e1me a dop\u013a\u0148ame do n\u00e1\u0161ho portf\u00f3lia produkty, ktor\u00e9 bud\u00fa praktick\u00fdmi pomocn\u00edkmi v ka\u017edodennom \u017eivote. Pre na\u0161ich klientov pracujeme na zefekt\u00edv\u0148ovan\u00ed slu\u017eieb a skvalit\u0148ovan\u00ed servisu.<\/p>\n[\/vc_column_text][\/vc_column][\/vc_row][vc_row fullwidth=&#8221;true&#8221; fullwidth_content=&#8221;false&#8221; css=&#8221;.vc_custom_1508375508593{padding-top: 45px !important;padding-bottom: 35px !important;background-color: #ebebeb !important;}&#8221;][vc_column][mk_fancy_title size=&#8221;22&#8243; font_weight=&#8221;600&#8243; letter_spacing=&#8221;1&#8243; margin_bottom=&#8221;30&#8243; font_family=&#8221;none&#8221; align=&#8221;center&#8221;]PODPORA A POMOC[\/mk_fancy_title][vc_column_text]\n<p style=\"text-align: center;\">Avepharma je spolo\u010dnos\u0165ou, ktor\u00e1 sa zaviazala ku zodpovedn\u00e9mu podnikaniu. Na\u0161\u00edm poslan\u00edm je pom\u00e1ha\u0165 ka\u017ed\u00e9mu, kto pomoc potrebuje alebo o \u0148u po\u017eiada. Spolupracujeme s domovmi soci\u00e1lnych slu\u017eieb, charitat\u00edvnymi organiz\u00e1ciami a <a href=\"http:\/\/www.redcross.sk\/uvod\" target=\"_blank\" rel=\"noopener\"><em><strong>\u010cERVEN\u00ddM KR\u00cd\u017dOM<\/strong><\/em><\/a>, ktor\u00e9 podporujeme na\u0161imi produktami.<\/p>\n<p style=\"text-align: center;\">Pom\u00e1hame tie\u017e \u00fatulkom pre zvierat\u00e1 po celom Slovensku, ktor\u00e9 s\u00fa \u010dasto financovan\u00e9 len zo s\u00fakromn\u00fdch zdrojov nad\u0161en\u00fdch jednotlivcov. Medzi na\u0161ich najv\u00fdznamnej\u0161\u00edch partnerov patria\u00a0<a href=\"http:\/\/www.slobodazvierat.sk\/\" target=\"_blank\" rel=\"noopener\"><strong><em>SLOBODA\u00a0<\/em><\/strong><strong><em>ZVIERAT,<\/em><\/strong><\/a><strong><em>\u00a0<\/em><\/strong><a href=\"http:\/\/www.tulavalabka.sk\/\" target=\"_blank\" rel=\"noopener\"><strong><em>T\u00daLAV\u00c1 LABKA<\/em><\/strong><\/a><em>\u00a0<\/em>a in\u00e9.<\/p>\n<p style=\"text-align: center;\">Z\u00e1le\u017e\u00ed n\u00e1m aj na bud\u00facnosti na\u0161ej krajiny a\u00a0det\u00ed. Zap\u00e1jame sa do charitat\u00edvnej \u010dinnosti prostredn\u00edctvom projektu\u00a0<a href=\"http:\/\/www.hodinadetom.sk\/\" target=\"_blank\" rel=\"noopener\"><strong><em>HODINA DE\u0164OM<\/em><\/strong><\/a><strong><em>.<\/em><\/strong><\/p>\n[\/vc_column_text][\/vc_column][\/vc_row][vc_row fullwidth=&#8221;true&#8221; fullwidth_content=&#8221;false&#8221; css=&#8221;.vc_custom_1508375492314{padding-top: 45px !important;}&#8221;][vc_column][mk_fancy_title size=&#8221;22&#8243; font_weight=&#8221;600&#8243; letter_spacing=&#8221;1&#8243; margin_bottom=&#8221;30&#8243; font_family=&#8221;none&#8221; align=&#8221;center&#8221;]ZASTUPUJEME ZNA\u010cKY[\/mk_fancy_title][\/vc_column][\/vc_row][vc_row fullwidth=&#8221;true&#8221; fullwidth_content=&#8221;false&#8221; css=&#8221;.vc_custom_1508375255777{padding-top: 10px !important;padding-bottom: 10px !important;}&#8221;][vc_column width=&#8221;1\/6&#8243;][vc_single_image image=&#8221;2173&#8243; img_size=&#8221;full&#8221; alignment=&#8221;center&#8221; onclick=&#8221;custom_link&#8221; link=&#8221;https:\/\/avepharma.eu\/akutol\/&#8221;][\/vc_column][vc_column width=&#8221;1\/6&#8243;][vc_single_image image=&#8221;2174&#8243; img_size=&#8221;full&#8221; alignment=&#8221;center&#8221; onclick=&#8221;custom_link&#8221; link=&#8221;https:\/\/avepharma.eu\/arpalit\/&#8221;][\/vc_column][vc_column width=&#8221;1\/6&#8243;][vc_single_image image=&#8221;2175&#8243; img_size=&#8221;full&#8221; alignment=&#8221;center&#8221; onclick=&#8221;custom_link&#8221; link=&#8221;https:\/\/avepharma.eu\/bioxtra\/&#8221;][\/vc_column][vc_column width=&#8221;1\/6&#8243;][vc_single_image image=&#8221;2176&#8243; img_size=&#8221;full&#8221; alignment=&#8221;center&#8221; onclick=&#8221;custom_link&#8221; link=&#8221;https:\/\/avepharma.eu\/cognoscin\/&#8221;][\/vc_column][vc_column width=&#8221;1\/6&#8243;][vc_single_image image=&#8221;2177&#8243; img_size=&#8221;full&#8221; alignment=&#8221;center&#8221; onclick=&#8221;custom_link&#8221; link=&#8221;https:\/\/avepharma.eu\/elimax\/&#8221;][\/vc_column][vc_column width=&#8221;1\/6&#8243;][vc_single_image image=&#8221;2178&#8243; img_size=&#8221;full&#8221; alignment=&#8221;center&#8221; onclick=&#8221;custom_link&#8221; link=&#8221;https:\/\/avepharma.eu\/heatpack\/&#8221;][\/vc_column][\/vc_row][vc_row fullwidth=&#8221;true&#8221; fullwidth_content=&#8221;false&#8221; css=&#8221;.vc_custom_1508375268147{padding-top: 10px !important;padding-bottom: 35px !important;}&#8221;][vc_column width=&#8221;1\/6&#8243;][\/vc_column][vc_column width=&#8221;1\/6&#8243;][vc_single_image image=&#8221;2179&#8243; img_size=&#8221;full&#8221; alignment=&#8221;center&#8221; onclick=&#8221;custom_link&#8221; link=&#8221;https:\/\/avepharma.eu\/jodaqua\/&#8221;][\/vc_column][vc_column width=&#8221;1\/6&#8243;][vc_single_image image=&#8221;2180&#8243; img_size=&#8221;full&#8221; alignment=&#8221;center&#8221; onclick=&#8221;custom_link&#8221; link=&#8221;https:\/\/avepharma.eu\/perspi-guard\/&#8221;][\/vc_column][vc_column width=&#8221;1\/6&#8243;][vc_single_image image=&#8221;2181&#8243; img_size=&#8221;full&#8221; alignment=&#8221;center&#8221; onclick=&#8221;custom_link&#8221; link=&#8221;https:\/\/avepharma.eu\/trioderm-sun\/&#8221;][\/vc_column][vc_column width=&#8221;1\/6&#8243;][vc_single_image image=&#8221;2182&#8243; img_size=&#8221;full&#8221; alignment=&#8221;center&#8221; onclick=&#8221;custom_link&#8221; link=&#8221;https:\/\/avepharma.eu\/ts1-2\/&#8221;][\/vc_column][vc_column width=&#8221;1\/6&#8243;][\/vc_column][\/vc_row][vc_row fullwidth=&#8221;true&#8221; fullwidth_content=&#8221;false&#8221; css=&#8221;.vc_custom_1508375475142{padding-top: 45px !important;background-color: #ebebeb !important;}&#8221;][vc_column][mk_fancy_title size=&#8221;22&#8243; font_weight=&#8221;600&#8243; letter_spacing=&#8221;1&#8243; margin_bottom=&#8221;30&#8243; font_family=&#8221;none&#8221; align=&#8221;center&#8221;]SPOLUPR\u00c1COU S NAMI Z\u00cdSKATE[\/mk_fancy_title][\/vc_column][\/vc_row][vc_row fullwidth=&#8221;true&#8221; fullwidth_content=&#8221;false&#8221; css=&#8221;.vc_custom_1508355618478{padding-bottom: 35px !important;background-color: #ebebeb !important;}&#8221;][vc_column width=&#8221;1\/4&#8243;][vc_single_image image=&#8221;673&#8243; img_size=&#8221;full&#8221; alignment=&#8221;center&#8221; onclick=&#8221;custom_link&#8221; link=&#8221;\/spolupracou-ziskate\/&#8221;][\/vc_column][vc_column width=&#8221;1\/4&#8243;][vc_single_image image=&#8221;670&#8243; img_size=&#8221;full&#8221; alignment=&#8221;center&#8221; onclick=&#8221;custom_link&#8221; link=&#8221;\/spolupracou-ziskate\/&#8221;][\/vc_column][vc_column width=&#8221;1\/4&#8243;][vc_single_image image=&#8221;669&#8243; img_size=&#8221;full&#8221; alignment=&#8221;center&#8221; onclick=&#8221;custom_link&#8221; link=&#8221;\/spolupracou-ziskate\/&#8221;][\/vc_column][vc_column width=&#8221;1\/4&#8243;][vc_single_image image=&#8221;668&#8243; img_size=&#8221;full&#8221; alignment=&#8221;center&#8221; onclick=&#8221;custom_link&#8221; link=&#8221;\/spolupracou-ziskate\/&#8221;][\/vc_column][\/vc_row][vc_row css=&#8221;.vc_custom_1508375397266{padding-top: 45px !important;padding-bottom: 15px !important;}&#8221;][vc_column][mk_fancy_title size=&#8221;22&#8243; font_weight=&#8221;600&#8243; letter_spacing=&#8221;1&#8243; font_family=&#8221;none&#8221; align=&#8221;center&#8221;]REFERENCIE PARTNEROV[\/mk_fancy_title][vc_tta_pageable no_fill_content_area=&#8221;1&#8243; active_section=&#8221;4&#8243;][vc_tta_section title=&#8221;Section 1&#8243; tab_id=&#8221;1488273599405-b3bff50d-0b10&#8243;][vc_column_text]\n<p style=\"text-align: center;\"><em>\u201cAs a UK manufacturer we are pleased to have <strong>AvePharma<\/strong> as our exclusive partner distributor in Slovakia. <strong>AvePharma<\/strong> have shown to be a high quality sales force and we look forward to many years of cooperation.\u201d<\/em><\/p>\n<p style=\"text-align: center;\"><strong><em>\u00a0Johnny Cohen, Director, The Heatpack Company<\/em><\/strong><\/p>\n[\/vc_column_text][\/vc_tta_section][vc_tta_section title=&#8221;Section 2&#8243; tab_id=&#8221;1488273599491-baa5aab4-2829&#8243;][vc_column_text]\n<p style=\"text-align: center;\"><em>\u201cSpole\u010dnost <strong>AvePharma<\/strong> zastupuje dlouhodob\u011b na\u0161i spole\u010dnost AVEFLOR, a.s. na slovensk\u00e9m trhu. Nab\u00edz\u00ed na\u0161e v\u00fdrobky v l\u00e9k\u00e1rn\u00e1ch, u veterin\u00e1rn\u00edch distributor\u016f a v dent\u00e1ln\u00edch depech. Na t\u00e9to spolupr\u00e1ci oce\u0148ujeme pru\u017enost a rychlost, s jakou spole\u010dnost <strong>AvePharma<\/strong> reaguje na na\u0161e pot\u0159eby a po\u017eadavky. Rovn\u011b\u017e oce\u0148ujeme r\u016fst obratu, kter\u00fd je zabezpe\u010den zvy\u0161uj\u00edc\u00edm se prodejem na\u0161ich v\u00fdrobk\u016f.\u201d<\/em><\/p>\n<p style=\"text-align: center;\"><em><strong>Jan Zubat\u00fd, Riadite\u013e\/Managing director, Aveflor, a.s.<\/strong><\/em><\/p>\n[\/vc_column_text][\/vc_tta_section][vc_tta_section title=&#8221;Section&#8221; tab_id=&#8221;1488278851476-423a451f-546d&#8221;][vc_column_text]\n<p style=\"text-align: center;\"><em>\u201cWe are confident that the<strong> AvePharma<\/strong> team have the expertise, professionalism and dedication to consumers needed to successfully integrate our brand into the Slovakian market and uphold our brand\u2019s ethos of providing excellence in terms of efficacy and value.&#8221;<\/em><\/p>\n<p style=\"text-align: center;\"><em><strong>Scott Duffy, Managing Director, Avanor Healthcare Ltd.<\/strong><\/em><\/p>\n[\/vc_column_text][\/vc_tta_section][vc_tta_section title=&#8221;Section&#8221; tab_id=&#8221;1488278883657-3a89b50e-26e5&#8243;][vc_column_text]\n<p style=\"text-align: center;\"><em>&#8220;A J\u00f3daqua Kft., mint a magyar J\u00f3daqua gy\u00f3gyv\u00edz kiz\u00e1r\u00f3lagos kitermel\u00e9si jog\u00e1val rendelkez\u0151 magyar c\u00e9g nagy \u00f6r\u00f6m\u00e9re szolg\u00e1l, hogy Szlov\u00e1ki\u00e1ban kiz\u00e1r\u00f3lagos forgalmaz\u00f3i partneri viszonyt \u00e1pol az <b>AvePharma<\/b> c\u00e9ggel. Szlov\u00e1k partner\u00fcnk igen hat\u00e9kony \u00e9s eredm\u00e9nyes m\u0171k\u00f6d\u00e9se r\u00e9v\u00e9n sikeres nemzetk\u00f6zi egy\u00fcttm\u0171k\u00f6d\u00e9sben van r\u00e9sz\u00fcnk.&#8221;<\/em><\/p>\n<p style=\"text-align: center;\"><em><strong>Dr. Pusk\u00e1s \u00c1ron, J\u00f3daqua Kft.<\/strong><\/em><\/p>\n[\/vc_column_text][\/vc_tta_section][\/vc_tta_pageable][\/vc_column][\/vc_row]\n","protected":false},"excerpt":{"rendered":"<p>[vc_row fullwidth=&#8221;true&#8221; full_width=&#8221;stretch_row_content&#8221;][vc_column][mk_layerslider id=&#8221;1&#8243;][\/vc_column][\/vc_row][vc_row css=&#8221;.vc_custom_1508354201708{padding-top: 35px !important;padding-bottom: 35px !important;}&#8221;][vc_column][mk_fancy_title size=&#8221;22&#8243; font_weight=&#8221;600&#8243; letter_spacing=&#8221;1&#8243; margin_bottom=&#8221;30&#8243; font_family=&#8221;none&#8221; align=&#8221;center&#8221;]ZASTUPOVANIE SPOLO\u010cNOST\u00cd A OUTSOURCING VO FARM\u00c1CII[\/mk_fancy_title][vc_column_text] Sme etablovanou spolo\u010dnos\u0165ou, ktor\u00fa tvor\u00ed t\u00edm sk\u00fasen\u00fdch odborn\u00edkov s dlhoro\u010dnou praxou v nadn\u00e1rodn\u00fdch spolo\u010dnostiach. Na\u0161i profesion\u00e1lni pracovn\u00edci dokonale poznaj\u00fa slovensk\u00fd trh, maj\u00fa viac ako 25 rokov sk\u00fasenost\u00ed. Spolo\u010dnos\u0165 AvePharma p\u00f4sob\u00ed na Slovensku od roku 2007 [&hellip;]<\/p>\n","protected":false},"author":3,"featured_media":0,"parent":0,"menu_order":99,"comment_status":"closed","ping_status":"closed","template":"","meta":[],"_links":{"self":[{"href":"https:\/\/avepharma.eu\/en\/wp-json\/wp\/v2\/pages\/2401"}],"collection":[{"href":"https:\/\/avepharma.eu\/en\/wp-json\/wp\/v2\/pages"}],"about":[{"href":"https:\/\/avepharma.eu\/en\/wp-json\/wp\/v2\/types\/page"}],"author":[{"embeddable":true,"href":"https:\/\/avepharma.eu\/en\/wp-json\/wp\/v2\/users\/3"}],"replies":[{"embeddable":true,"href":"https:\/\/avepharma.eu\/en\/wp-json\/wp\/v2\/comments?post=2401"}],"version-history":[{"count":1,"href":"https:\/\/avepharma.eu\/en\/wp-json\/wp\/v2\/pages\/2401\/revisions"}],"predecessor-version":[{"id":2413,"href":"https:\/\/avepharma.eu\/en\/wp-json\/wp\/v2\/pages\/2401\/revisions\/2413"}],"wp:attachment":[{"href":"https:\/\/avepharma.eu\/en\/wp-json\/wp\/v2\/media?parent=2401"}],"curies":[{"name":"wp","href":"https:\/\/api.w.org\/{rel}","templated":true}]}}