{"id":236,"date":"2017-02-16T15:36:18","date_gmt":"2017-02-16T14:36:18","guid":{"rendered":"http:\/\/wordpress.avepharma.eu\/?page_id=236"},"modified":"2022-02-14T14:58:01","modified_gmt":"2022-02-14T13:58:01","slug":"podpora-predaja","status":"publish","type":"page","link":"https:\/\/avepharma.eu\/en\/podpora-predaja\/","title":{"rendered":"PODPORA PREDAJA"},"content":{"rendered":"[vc_row][vc_column][rev_slider_vc alias=&#8221;home-page-full-slider&#8221;][\/vc_column][\/vc_row][vc_row][vc_column][vc_column_text]Pre na\u0161ich klientov vytv\u00e1rame funk\u010dn\u00fd marketing s individu\u00e1lnou strat\u00e9giou. Hlavnou podstatou komunik\u00e1cie je doru\u010di\u0165 t\u00fa spr\u00e1vnu inform\u00e1ciu v spr\u00e1vny \u010das konkr\u00e9tnej cie\u013eovej skupine. Nastavujeme len tak\u00e9 rie\u0161enia a podporu, ktor\u00e1 je vhodn\u00e1. Ka\u017ed\u00e9 rie\u0161enie si vy\u017eaduje in\u00fd pr\u00edstup pre konkr\u00e9tny cie\u013e. Sme schopn\u00ed flexibilne vytvori\u0165 adekv\u00e1tnu podporu predaja zalo\u017een\u00fa na re\u00e1lnych z\u00e1kladoch a merate\u013en\u00fdch cie\u013eoch.[\/vc_column_text][\/vc_column][\/vc_row][vc_row][vc_column][vc_column_text]<strong>Komplexne pokr\u00fdvame oblas\u0165 <\/strong>[\/vc_column_text][\/vc_column][\/vc_row][vc_row][vc_column width=&#8221;1\/4&#8243;][vc_column_text]Farm\u00e1cie PHARMA[\/vc_column_text][\/vc_column][vc_column width=&#8221;1\/4&#8243;][vc_column_text]Veteriny VET[\/vc_column_text][\/vc_column][vc_column width=&#8221;1\/4&#8243;][vc_column_text]R\u00fdchloobr\u00e1tkov\u00e9ho tovaru FMCG[\/vc_column_text][\/vc_column][vc_column width=&#8221;1\/4&#8243;][\/vc_column][\/vc_row][vc_row][vc_column][vc_column_text]<strong>Komplexne pokr\u00fdvame oblas\u0165 <\/strong>[\/vc_column_text][\/vc_column][\/vc_row][vc_row][vc_column width=&#8221;1\/3&#8243;][vc_column_text]Integr\u00e1cie produktu<br \/>\nPR &#8211; legislat\u00edvu a etiku<br \/>\nMarketingov\u00fa strat\u00e9giu<br \/>\nBudovanie povedomia zna\u010dky<br \/>\nPr\u00edpravu pre &#8220;lojality&#8221; programu<br \/>\nPrim\u00e1rny a sekund\u00e1rny prieskum trhu<br \/>\nPr\u00edpravu prezent\u00e1ci\u00ed promo \/ KAM \/VIP[\/vc_column_text][\/vc_column][vc_column width=&#8221;2\/3&#8243;][vc_column_text]Pr\u00edpravu materi\u00e1lov na podporu predaja<br \/>\nPr\u00edpravu a organiz\u00e1ciu semin\u00e1rov a \u0161kolen\u00ed<br \/>\nKvalitat\u00edvne a kvantitat\u00edvne ukazovatele trhu<br \/>\nPr\u00edpravu a tvorbu komplexnej reklamy naprie\u010d cel\u00fdm spektrom TTL<br \/>\nPl\u00e1novanie a \u010dasov\u00fd harmonogram prior\u00edt v pre-launchovom obdob\u00ed<br \/>\nNastavanie cie\u013eovej skupiny, pl\u00e1nov predaja a po\u010dtu reprezentantov<br \/>\nSpr\u00e1vne nastavenie podmienok a \u010dasovej osi uvedenia produktu na trh<br \/>\nN\u00e1vrh a tla\u010d obalov\u00fdch materi\u00e1lov na z\u00e1klade koncov\u00e9ho trhu s pr\u00edpadn\u00fdm prebalen\u00edm[\/vc_column_text][\/vc_column][\/vc_row]\n","protected":false},"excerpt":{"rendered":"<p>[vc_row][vc_column][rev_slider_vc alias=&#8221;home-page-full-slider&#8221;][\/vc_column][\/vc_row][vc_row][vc_column][vc_column_text]Pre na\u0161ich klientov vytv\u00e1rame funk\u010dn\u00fd marketing s individu\u00e1lnou strat\u00e9giou. Hlavnou podstatou komunik\u00e1cie je doru\u010di\u0165 t\u00fa spr\u00e1vnu inform\u00e1ciu v spr\u00e1vny \u010das konkr\u00e9tnej cie\u013eovej skupine. Nastavujeme len tak\u00e9 rie\u0161enia a podporu, ktor\u00e1 je vhodn\u00e1. Ka\u017ed\u00e9 rie\u0161enie si vy\u017eaduje in\u00fd pr\u00edstup pre konkr\u00e9tny cie\u013e. Sme schopn\u00ed flexibilne vytvori\u0165 adekv\u00e1tnu podporu predaja zalo\u017een\u00fa na re\u00e1lnych z\u00e1kladoch a merate\u013en\u00fdch [&hellip;]<\/p>\n","protected":false},"author":4,"featured_media":0,"parent":0,"menu_order":0,"comment_status":"closed","ping_status":"closed","template":"","meta":[],"_links":{"self":[{"href":"https:\/\/avepharma.eu\/en\/wp-json\/wp\/v2\/pages\/236"}],"collection":[{"href":"https:\/\/avepharma.eu\/en\/wp-json\/wp\/v2\/pages"}],"about":[{"href":"https:\/\/avepharma.eu\/en\/wp-json\/wp\/v2\/types\/page"}],"author":[{"embeddable":true,"href":"https:\/\/avepharma.eu\/en\/wp-json\/wp\/v2\/users\/4"}],"replies":[{"embeddable":true,"href":"https:\/\/avepharma.eu\/en\/wp-json\/wp\/v2\/comments?post=236"}],"version-history":[{"count":1,"href":"https:\/\/avepharma.eu\/en\/wp-json\/wp\/v2\/pages\/236\/revisions"}],"predecessor-version":[{"id":2474,"href":"https:\/\/avepharma.eu\/en\/wp-json\/wp\/v2\/pages\/236\/revisions\/2474"}],"wp:attachment":[{"href":"https:\/\/avepharma.eu\/en\/wp-json\/wp\/v2\/media?parent=236"}],"curies":[{"name":"wp","href":"https:\/\/api.w.org\/{rel}","templated":true}]}}