{"id":20,"date":"2017-02-11T14:31:27","date_gmt":"2017-02-11T13:31:27","guid":{"rendered":"http:\/\/wordpress.avepharma.eu\/?page_id=20"},"modified":"2017-11-06T14:38:18","modified_gmt":"2017-11-06T13:38:18","slug":"o-nas","status":"publish","type":"page","link":"https:\/\/avepharma.eu\/en\/o-nas\/","title":{"rendered":"O n\u00e1s"},"content":{"rendered":"[vc_row][vc_column][rev_slider_vc alias=&#8221;home-page-boxed-slider&#8221;][\/vc_column][\/vc_row][vc_row][vc_column][vc_column_text]<strong>AVEPHARMA, s.r.o.<\/strong> sme etablovanou spolo\u010dnos\u0165ou, ktor\u00fa tvor\u00ed team sk\u00fasen\u00fdch odborn\u00edkov s dlhoro\u010dnou praxou v nadn\u00e1rodn\u00fdch spolo\u010dnostiach. Spolo\u010dnos\u0165 na Slovensku p\u00f4sob\u00ed od roku 2007 a zaober\u00e1me sa zastupovan\u00edm spolo\u010dnosti, ktor\u00e9 maj\u00fa z\u00e1ujem expandova\u0165 na slovenskom trhu. Poskytujeme komplexn\u00fd mana\u017ement a outsourcing vybran\u00fdch slu\u017eieb.<\/p>\n<p>Vieme pripravi\u0165 spolupr\u00e1cu na mieru ka\u017ed\u00e9mu partnerovi na z\u00e1klade jeho po\u017eiadaviek a tak prispie\u0165 k optimaliz\u00e1cii jeho n\u00e1kladov a prekonaniu n\u00e1ro\u010dnej f\u00e1zy vstupu na trh.<\/p>\n<h3>Na\u0161e slu\u017eby&#8230;<\/h3>\n<p>Spolupr\u00e1cu zabezpe\u010dujeme v oblastiach registr\u00e1cie, skladovania, dopravy, faktur\u00e1cie, marketingu, registr\u00e1cie u distrib\u00fatorov, zalistovania v re\u0165azcoch, podporu v ter\u00e9ne cez team reprezentantov a kvalitn\u00fd CRM report n\u00e1v\u0161tev.<\/p>\n<p>Sme spo\u013eahliv\u00fdm obchodn\u00fdm partnerom, komplexne zastre\u0161ujeme oblas\u0165<strong> OTC, PHARMA, VET, FMCG, Pet\u00b4Shops.<\/strong>[\/vc_column_text][\/vc_column][\/vc_row]\n","protected":false},"excerpt":{"rendered":"<p>[vc_row][vc_column][rev_slider_vc alias=&#8221;home-page-boxed-slider&#8221;][\/vc_column][\/vc_row][vc_row][vc_column][vc_column_text]AVEPHARMA, s.r.o. sme etablovanou spolo\u010dnos\u0165ou, ktor\u00fa tvor\u00ed team sk\u00fasen\u00fdch odborn\u00edkov s dlhoro\u010dnou praxou v nadn\u00e1rodn\u00fdch spolo\u010dnostiach. Spolo\u010dnos\u0165 na Slovensku p\u00f4sob\u00ed od roku 2007 a zaober\u00e1me sa zastupovan\u00edm spolo\u010dnosti, ktor\u00e9 maj\u00fa z\u00e1ujem expandova\u0165 na slovenskom trhu. Poskytujeme komplexn\u00fd mana\u017ement a outsourcing vybran\u00fdch slu\u017eieb. Vieme pripravi\u0165 spolupr\u00e1cu na mieru ka\u017ed\u00e9mu partnerovi na z\u00e1klade jeho po\u017eiadaviek a [&hellip;]<\/p>\n","protected":false},"author":4,"featured_media":0,"parent":0,"menu_order":0,"comment_status":"closed","ping_status":"closed","template":"","meta":[],"_links":{"self":[{"href":"https:\/\/avepharma.eu\/en\/wp-json\/wp\/v2\/pages\/20"}],"collection":[{"href":"https:\/\/avepharma.eu\/en\/wp-json\/wp\/v2\/pages"}],"about":[{"href":"https:\/\/avepharma.eu\/en\/wp-json\/wp\/v2\/types\/page"}],"author":[{"embeddable":true,"href":"https:\/\/avepharma.eu\/en\/wp-json\/wp\/v2\/users\/4"}],"replies":[{"embeddable":true,"href":"https:\/\/avepharma.eu\/en\/wp-json\/wp\/v2\/comments?post=20"}],"version-history":[{"count":1,"href":"https:\/\/avepharma.eu\/en\/wp-json\/wp\/v2\/pages\/20\/revisions"}],"predecessor-version":[{"id":2472,"href":"https:\/\/avepharma.eu\/en\/wp-json\/wp\/v2\/pages\/20\/revisions\/2472"}],"wp:attachment":[{"href":"https:\/\/avepharma.eu\/en\/wp-json\/wp\/v2\/media?parent=20"}],"curies":[{"name":"wp","href":"https:\/\/api.w.org\/{rel}","templated":true}]}}