{"id":2,"date":"2017-02-11T14:01:21","date_gmt":"2017-02-11T13:01:21","guid":{"rendered":"http:\/\/wordpress.avepharma.eu\/?page_id=2"},"modified":"2022-02-14T13:33:41","modified_gmt":"2022-02-14T12:33:41","slug":"ukazka-strany","status":"publish","type":"page","link":"https:\/\/avepharma.eu\/en\/","title":{"rendered":"Uk\u00e1\u017eka strany"},"content":{"rendered":"[vc_row full_width=&#8221;stretch_row_content&#8221;][vc_column][vc_column_text css=&#8221;.vc_custom_1602003044701{margin-bottom: 0px !important;}&#8221;]<div id=\"layerslider_1\" class=\"ls-wp-container fitvidsignore\" style=\"width:1140px;height:450px;max-width:1140px;margin:0 auto;margin-bottom: 0px;\"><div class=\"ls-slide\" data-ls=\"duration:8000;transition2d:4;kenburnsscale:1.2;\"><img width=\"1280\" height=\"720\" src=\"https:\/\/avepharma.eu\/wp-content\/uploads\/layerslider\/Previous-v5-demo-slider\/slide-b-bg.jpg\" class=\"ls-bg\" alt=\"\" loading=\"lazy\" srcset=\"https:\/\/avepharma.eu\/wp-content\/uploads\/layerslider\/Previous-v5-demo-slider\/slide-b-bg.jpg 1280w, https:\/\/avepharma.eu\/wp-content\/uploads\/layerslider\/Previous-v5-demo-slider\/slide-b-bg-300x169.jpg 300w, https:\/\/avepharma.eu\/wp-content\/uploads\/layerslider\/Previous-v5-demo-slider\/slide-b-bg-768x432.jpg 768w, https:\/\/avepharma.eu\/wp-content\/uploads\/layerslider\/Previous-v5-demo-slider\/slide-b-bg-1024x576.jpg 1024w, https:\/\/avepharma.eu\/wp-content\/uploads\/layerslider\/Previous-v5-demo-slider\/slide-b-bg-330x186.jpg 330w, https:\/\/avepharma.eu\/wp-content\/uploads\/layerslider\/Previous-v5-demo-slider\/slide-b-bg-736x414.jpg 736w, https:\/\/avepharma.eu\/wp-content\/uploads\/layerslider\/Previous-v5-demo-slider\/slide-b-bg-414x233.jpg 414w\" sizes=\"(max-width: 1280px) 100vw, 1280px\" itemprop=\"image\" \/><a style=\"\" class=\"ls-l\" href=\"https:\/\/avepharma.eu\/spolupracou-ziskate\/\" target=\"_self\" data-ls=\"durationin:2000;delayin:200;rotatein:-45;rotateyin:-1;scalexin:.5;scaleyin:.5;transformoriginin:left bottom 0;transitionout:false;parallaxlevel:0;\"><p style=\"font-weight: 300;height:40px;padding-right:10px;padding-left:10px;font-family:Lato, 'Open Sans', sans-serif;font-size:30px;line-height:37px;color:#849e00;background:#ffffff;border-radius:4px;top:348px;left:35px;\" class=\"\">ABOUT US<\/p><\/a><p style=\"font-weight: 500;font-family:Lato, 'Open Sans', sans-serif;font-size:48px;color:#ffffff;top:92px;left:23px;text-align:center;\" class=\"ls-l\" data-ls=\"durationin:1500;delayin:200;rotateyin:90;transformoriginin:left 50% 0;transitionout:false;parallaxlevel:0;\">Spo\u013eahliv\u00fd a korektn\u00fd partner<br> pre v\u00e1\u0161 bussines<\/p><img width=\"430\" height=\"495\" src=\"https:\/\/avepharma.eu\/wp-content\/uploads\/2017\/10\/doctor.png\" class=\"ls-l\" alt=\"\" loading=\"lazy\" srcset=\"https:\/\/avepharma.eu\/wp-content\/uploads\/2017\/10\/doctor.png 430w, https:\/\/avepharma.eu\/wp-content\/uploads\/2017\/10\/doctor-261x300.png 261w, https:\/\/avepharma.eu\/wp-content\/uploads\/2017\/10\/doctor-226x260.png 226w, https:\/\/avepharma.eu\/wp-content\/uploads\/2017\/10\/doctor-360x414.png 360w, https:\/\/avepharma.eu\/wp-content\/uploads\/2017\/10\/doctor-414x477.png 414w\" sizes=\"(max-width: 430px) 100vw, 430px\" itemprop=\"image\" style=\"top:22px;left:574px;\" data-ls=\"durationin:1600;rotateyin:90;transformoriginin:right 50% 0;transitionout:false;parallaxlevel:0;\"><\/div><\/div>[\/vc_column_text][\/vc_column][\/vc_row][vc_row css=&#8221;.vc_custom_1508354201708{padding-top: 35px !important;padding-bottom: 35px !important;}&#8221;][vc_column][mk_fancy_title size=&#8221;22&#8243; font_weight=&#8221;600&#8243; letter_spacing=&#8221;1&#8243; margin_bottom=&#8221;30&#8243; font_family=&#8221;none&#8221; align=&#8221;center&#8221;]COMPANY REPREZENTATION AND OUTSOURCING IN PHARMACY<br \/>\n[\/mk_fancy_title][vc_column_text]\n<p>We are established company, formed by team of skilled specialists with years of experiences in multinational corporations. We operate on the market since 2007. We represent foreign partners and provide complex management and outsourcing of selected services in Pharmacy, dentistry, veterinary and FMCG segment.<\/p>\n[\/vc_column_text][\/vc_column][\/vc_row][vc_row fullwidth=&#8221;true&#8221; fullwidth_content=&#8221;false&#8221; css=&#8221;.vc_custom_1508354239468{padding-top: 35px !important;padding-bottom: 35px !important;background-color: #ebebeb !important;}&#8221;][vc_column][mk_fancy_title size=&#8221;22&#8243; font_weight=&#8221;600&#8243; letter_spacing=&#8221;1&#8243; margin_bottom=&#8221;30&#8243; font_family=&#8221;none&#8221; align=&#8221;center&#8221;]OUR SERVICES<br \/>\n[\/mk_fancy_title][vc_column_text]\n<p style=\"text-align: center;\">We provide services of the best quality in proffesional way for our partners. We can sew special cooperation based on your requerements and this way to optimilize costs, related to business and simplify complicated market entry. We work with all important distributibution companies in pharmacy (<strong><em><a href=\"http:\/\/www.phoenix.sk\/\" target=\"_blank\" rel=\"noopener noreferrer\">PHOENIX<\/a>, <a href=\"http:\/\/www.med-art.sk\/\" target=\"_blank\" rel=\"noopener noreferrer\">MED-ART<\/a>, <a href=\"https:\/\/unipharma.sk\/\" target=\"_blank\" rel=\"noopener noreferrer\">UNIPHARMA<\/a>, <a href=\"http:\/\/www.pharmos.sk\/\" target=\"_blank\" rel=\"noopener noreferrer\">PHARMOS<\/a><\/em> <\/strong>etc.), \u00a0veterinary (<em><strong><a href=\"http:\/\/www.pharmacopola.sk\/\" target=\"_blank\" rel=\"noopener noreferrer\">PHARMACOPOLA<\/a>, <a href=\"http:\/\/www.topvet.eu\/\" target=\"_blank\" rel=\"noopener noreferrer\">TOPVET<\/a>\u00a0<\/strong><\/em>etc.), dentistry segment ( <em><strong><a href=\"http:\/\/www.eudent.sk\/\" target=\"_blank\" rel=\"noopener noreferrer\">EUDENT<\/a>,<a href=\"http:\/\/www.dentall.sk\/\" target=\"_blank\" rel=\"noopener noreferrer\"> DENTALL<\/a>, <a href=\"http:\/\/sanusdental.sk\/\" target=\"_blank\" rel=\"noopener noreferrer\">SANUS<\/a><\/strong><\/em> etc.), independent pharmacies and pharmacy networks ( <em><strong><a href=\"https:\/\/www.drmax.sk\/\" target=\"_blank\" rel=\"noopener noreferrer\">DR.MAX<\/a>, <a href=\"https:\/\/www.benulekaren.sk\/\" target=\"_blank\" rel=\"noopener noreferrer\">BENU,<\/a> <a href=\"http:\/\/www.schneider-electric.sk\/sk\/\" target=\"_blank\" rel=\"noopener noreferrer\">SCHNEIDER<\/a><\/strong><\/em> etc.), doctors, vets, pet shops (<em><strong><a href=\"https:\/\/www.petcenter.sk\/\" target=\"_blank\" rel=\"noopener noreferrer\">PET CENTER<\/a>, <a href=\"http:\/\/www.superzoo.sk\/\" target=\"_blank\" rel=\"noopener noreferrer\">SUPER\u00a0ZOO<\/a><\/strong><\/em>, etc.) and store networks ( <em><strong><a href=\"http:\/\/tesco.sk\/\" target=\"_blank\" rel=\"noopener noreferrer\">TESCO<\/a>,<a href=\"http:\/\/www.coop.sk\/\" target=\"_blank\" rel=\"noopener noreferrer\">COOP<\/a><\/strong><\/em>, etc.).<\/p>\n[\/vc_column_text][\/vc_column][\/vc_row][vc_row fullwidth=&#8221;true&#8221; fullwidth_content=&#8221;false&#8221; css=&#8221;.vc_custom_1508354547687{background-color: #ebebeb !important;}&#8221;][vc_column width=&#8221;1\/4&#8243;][vc_single_image image=&#8221;664&#8243; img_size=&#8221;full&#8221; alignment=&#8221;center&#8221; onclick=&#8221;custom_link&#8221; link=&#8221;\/outsourcing\/&#8221;][\/vc_column][vc_column width=&#8221;1\/4&#8243;][vc_single_image image=&#8221;2415&#8243; img_size=&#8221;full&#8221; alignment=&#8221;center&#8221; onclick=&#8221;custom_link&#8221; link=&#8221;\/registracia\/&#8221;][\/vc_column][vc_column width=&#8221;1\/4&#8243;][vc_single_image image=&#8221;2414&#8243; img_size=&#8221;full&#8221; alignment=&#8221;center&#8221; onclick=&#8221;custom_link&#8221; link=&#8221;\/logistika\/&#8221;][\/vc_column][vc_column width=&#8221;1\/4&#8243;][vc_single_image image=&#8221;663&#8243; img_size=&#8221;full&#8221; alignment=&#8221;center&#8221; onclick=&#8221;custom_link&#8221; link=&#8221;\/marketing\/&#8221;][\/vc_column][\/vc_row][vc_row fullwidth=&#8221;true&#8221; fullwidth_content=&#8221;false&#8221; css=&#8221;.vc_custom_1508354616018{padding-bottom: 35px !important;background-color: #ebebeb !important;}&#8221;][vc_column width=&#8221;1\/4&#8243;][vc_single_image image=&#8221;659&#8243; img_size=&#8221;full&#8221; alignment=&#8221;center&#8221; onclick=&#8221;custom_link&#8221; link=&#8221;\/asm-management\/&#8221;][\/vc_column][vc_column width=&#8221;1\/4&#8243;][vc_single_image image=&#8221;1730&#8243; img_size=&#8221;full&#8221; alignment=&#8221;center&#8221; onclick=&#8221;custom_link&#8221; link=&#8221;\/kam-management\/&#8221;][\/vc_column][vc_column width=&#8221;1\/4&#8243;][vc_single_image image=&#8221;666&#8243; img_size=&#8221;full&#8221; alignment=&#8221;center&#8221; onclick=&#8221;custom_link&#8221; link=&#8221;\/team-sr\/&#8221;][\/vc_column][vc_column width=&#8221;1\/4&#8243;][vc_single_image image=&#8221;660&#8243; img_size=&#8221;full&#8221; alignment=&#8221;center&#8221; onclick=&#8221;custom_link&#8221; link=&#8221;\/crm-report\/&#8221;][\/vc_column][\/vc_row][vc_row css=&#8221;.vc_custom_1508354758129{padding-top: 35px !important;padding-bottom: 35px !important;}&#8221;][vc_column][mk_fancy_title size=&#8221;22&#8243; font_weight=&#8221;600&#8243; letter_spacing=&#8221;1&#8243; margin_bottom=&#8221;30&#8243; font_family=&#8221;none&#8221; align=&#8221;center&#8221;]OUR VISION<br \/>\n[\/mk_fancy_title][vc_column_text]\n<p style=\"text-align: center;\">Is to help people and animals. We want to provide support, products and services, that will improve and simplify your life. We are always searching for and complementing products to our portfolio, which will help you in everyday life. We work for our clients to make the services better and more efficient.<\/p>\n[\/vc_column_text][\/vc_column][\/vc_row][vc_row fullwidth=&#8221;true&#8221; fullwidth_content=&#8221;false&#8221; css=&#8221;.vc_custom_1508354828240{padding-top: 35px !important;padding-bottom: 35px !important;background-color: #ebebeb !important;}&#8221;][vc_column][mk_fancy_title size=&#8221;22&#8243; font_weight=&#8221;600&#8243; letter_spacing=&#8221;1&#8243; margin_bottom=&#8221;30&#8243; font_family=&#8221;none&#8221; align=&#8221;center&#8221;]SUPPORT AND HELP[\/mk_fancy_title][vc_column_text]\n<p style=\"text-align: center;\">Our mission is to help everyone, who needs it or ask for it. We cooperate with Social Services House and Red Cross, that we support with our products. We work also with animal shelters throughout our country, which are commonly funded by enthusiastic individuals. Our partners are also SLOBODA ZVIERAT, T\u00daLAV\u00e1 LABKA, etc.<\/p>\n[\/vc_column_text][\/vc_column][\/vc_row][vc_row fullwidth=&#8221;true&#8221; fullwidth_content=&#8221;false&#8221; css=&#8221;.vc_custom_1508355507114{padding-top: 35px !important;}&#8221;][vc_column][mk_fancy_title size=&#8221;22&#8243; font_weight=&#8221;600&#8243; letter_spacing=&#8221;1&#8243; margin_bottom=&#8221;30&#8243; font_family=&#8221;none&#8221; align=&#8221;center&#8221;]THE BRANDS WE REPRESENT<br \/>\n[\/mk_fancy_title][\/vc_column][\/vc_row][vc_row fullwidth=&#8221;true&#8221; fullwidth_content=&#8221;false&#8221; el_class=&#8221;ciernobiele&#8221;][vc_column width=&#8221;1\/6&#8243;][vc_single_image image=&#8221;2173&#8243; img_size=&#8221;full&#8221; alignment=&#8221;center&#8221; onclick=&#8221;custom_link&#8221; link=&#8221;https:\/\/avepharma.eu\/akutol\/&#8221; el_class=&#8221;ciernobiele&#8221;][\/vc_column][vc_column width=&#8221;1\/6&#8243;][vc_single_image image=&#8221;2174&#8243; img_size=&#8221;full&#8221; alignment=&#8221;center&#8221; onclick=&#8221;custom_link&#8221; link=&#8221;https:\/\/avepharma.eu\/arpalit\/&#8221; el_class=&#8221;ciernobiele&#8221;][\/vc_column][vc_column width=&#8221;1\/6&#8243;][vc_single_image image=&#8221;2175&#8243; img_size=&#8221;full&#8221; alignment=&#8221;center&#8221; onclick=&#8221;custom_link&#8221; link=&#8221;https:\/\/avepharma.eu\/bioxtra\/&#8221; el_class=&#8221;ciernobiele&#8221;][\/vc_column][vc_column width=&#8221;1\/6&#8243;][vc_single_image image=&#8221;2176&#8243; img_size=&#8221;full&#8221; alignment=&#8221;center&#8221; onclick=&#8221;custom_link&#8221; link=&#8221;https:\/\/avepharma.eu\/cognoscin\/&#8221; el_class=&#8221;ciernobiele&#8221;][\/vc_column][vc_column width=&#8221;1\/6&#8243;][vc_single_image image=&#8221;3578&#8243; img_size=&#8221;full&#8221; alignment=&#8221;center&#8221; onclick=&#8221;custom_link&#8221; el_class=&#8221;ciernobiele&#8221;][\/vc_column][vc_column width=&#8221;1\/6&#8243;][vc_single_image image=&#8221;2178&#8243; img_size=&#8221;full&#8221; alignment=&#8221;center&#8221; onclick=&#8221;custom_link&#8221; link=&#8221;https:\/\/avepharma.eu\/heatpack\/&#8221; el_class=&#8221;ciernobiele&#8221;][\/vc_column][\/vc_row][vc_row fullwidth=&#8221;true&#8221; fullwidth_content=&#8221;false&#8221; css=&#8221;.vc_custom_1508355526671{padding-bottom: 35px !important;}&#8221;][vc_column width=&#8221;1\/6&#8243;][vc_single_image image=&#8221;3361&#8243; img_size=&#8221;full&#8221; alignment=&#8221;center&#8221; onclick=&#8221;custom_link&#8221; link=&#8221;https:\/\/avepharma.eu\/nutrilac\/&#8221; el_class=&#8221;ciernobiele&#8221;][\/vc_column][vc_column width=&#8221;1\/6&#8243;][vc_single_image image=&#8221;2179&#8243; img_size=&#8221;full&#8221; alignment=&#8221;center&#8221; onclick=&#8221;custom_link&#8221; link=&#8221;https:\/\/avepharma.eu\/jodaqua\/&#8221; el_class=&#8221;ciernobiele&#8221;][\/vc_column][vc_column width=&#8221;1\/6&#8243;][vc_single_image image=&#8221;2180&#8243; img_size=&#8221;full&#8221; alignment=&#8221;center&#8221; onclick=&#8221;custom_link&#8221; link=&#8221;https:\/\/avepharma.eu\/perspi-guard\/&#8221; el_class=&#8221;ciernobiele&#8221;][\/vc_column][vc_column width=&#8221;1\/6&#8243;][vc_single_image image=&#8221;2181&#8243; img_size=&#8221;full&#8221; alignment=&#8221;center&#8221; onclick=&#8221;custom_link&#8221; link=&#8221;https:\/\/avepharma.eu\/trioderm-sun\/&#8221; el_class=&#8221;ciernobiele&#8221;][\/vc_column][vc_column width=&#8221;1\/6&#8243;][vc_single_image image=&#8221;2182&#8243; img_size=&#8221;full&#8221; alignment=&#8221;center&#8221; onclick=&#8221;custom_link&#8221; link=&#8221;https:\/\/avepharma.eu\/ts1\/&#8221; el_class=&#8221;ciernobiele&#8221;][\/vc_column][vc_column width=&#8221;1\/6&#8243;][vc_single_image image=&#8221;2968&#8243; img_size=&#8221;60&#215;60&#8243; alignment=&#8221;center&#8221; onclick=&#8221;custom_link&#8221; link=&#8221;https:\/\/avepharma.eu\/nuk\/&#8221; el_class=&#8221;ciernobiele&#8221;][\/vc_column][\/vc_row][vc_row fullwidth=&#8221;true&#8221; fullwidth_content=&#8221;false&#8221; css=&#8221;.vc_custom_1508355526671{padding-bottom: 35px !important;}&#8221;][vc_column width=&#8221;1\/6&#8243;][\/vc_column][vc_column width=&#8221;1\/6&#8243;][\/vc_column][vc_column width=&#8221;1\/6&#8243;][\/vc_column][vc_column width=&#8221;1\/6&#8243;][\/vc_column][vc_column width=&#8221;1\/6&#8243;][\/vc_column][vc_column width=&#8221;1\/6&#8243;][\/vc_column][\/vc_row][vc_row fullwidth=&#8221;true&#8221; fullwidth_content=&#8221;false&#8221; css=&#8221;.vc_custom_1508355600538{padding-top: 35px !important;background-color: #ebebeb !important;}&#8221;][vc_column][mk_fancy_title size=&#8221;22&#8243; font_weight=&#8221;600&#8243; letter_spacing=&#8221;1&#8243; margin_bottom=&#8221;30&#8243; font_family=&#8221;none&#8221; align=&#8221;center&#8221;]COOPERATING WITH US YOU CAN GAIN[\/mk_fancy_title][\/vc_column][\/vc_row][vc_row fullwidth=&#8221;true&#8221; fullwidth_content=&#8221;false&#8221; css=&#8221;.vc_custom_1508355618478{padding-bottom: 35px !important;background-color: #ebebeb !important;}&#8221;][vc_column width=&#8221;1\/4&#8243;][vc_single_image image=&#8221;2419&#8243; img_size=&#8221;full&#8221; alignment=&#8221;center&#8221; onclick=&#8221;custom_link&#8221; link=&#8221;\/spolupracou-ziskate\/&#8221;][\/vc_column][vc_column width=&#8221;1\/4&#8243;][vc_single_image image=&#8221;2418&#8243; img_size=&#8221;full&#8221; alignment=&#8221;center&#8221; onclick=&#8221;custom_link&#8221; link=&#8221;\/spolupracou-ziskate\/&#8221;][\/vc_column][vc_column width=&#8221;1\/4&#8243;][vc_single_image image=&#8221;2417&#8243; img_size=&#8221;full&#8221; alignment=&#8221;center&#8221; onclick=&#8221;custom_link&#8221; link=&#8221;\/spolupracou-ziskate\/&#8221;][\/vc_column][vc_column width=&#8221;1\/4&#8243;][vc_single_image image=&#8221;2416&#8243; img_size=&#8221;full&#8221; alignment=&#8221;center&#8221; onclick=&#8221;custom_link&#8221; link=&#8221;\/spolupracou-ziskate\/&#8221;][\/vc_column][\/vc_row][vc_row css=&#8221;.vc_custom_1508355080852{padding-top: 35px !important;padding-bottom: 15px !important;}&#8221;][vc_column][mk_fancy_title size=&#8221;22&#8243; font_weight=&#8221;600&#8243; letter_spacing=&#8221;1&#8243; font_family=&#8221;none&#8221; align=&#8221;center&#8221;]PARTNERS\u2019 REFERENCIES[\/mk_fancy_title][vc_tta_pageable no_fill_content_area=&#8221;1&#8243; active_section=&#8221;4&#8243;][vc_tta_section title=&#8221;Section 1&#8243; tab_id=&#8221;1488273599405-b3bff50d-0b10&#8243;][vc_column_text]\n<p><em>\u201cAs a UK manufacturer we are pleased to have <strong>AvePharma<\/strong> as our exclusive partner distributor in Slovakia. <strong>AvePharma<\/strong> have shown to be a high quality sales force and we look forward to many years of cooperation.\u201d<\/em><\/p>\n<p><strong><em>\u00a0Johnny Cohen, Director, The Heatpack Company<\/em><\/strong><\/p>\n[\/vc_column_text][\/vc_tta_section][vc_tta_section title=&#8221;Section 2&#8243; tab_id=&#8221;1488273599491-baa5aab4-2829&#8243;][vc_column_text]\n<p><em>\u201cSpole\u010dnost <strong>AvePharma<\/strong> zastupuje dlouhodob\u011b na\u0161i spole\u010dnost AVEFLOR, a.s. na slovensk\u00e9m trhu. Nab\u00edz\u00ed na\u0161e v\u00fdrobky v l\u00e9k\u00e1rn\u00e1ch, u veterin\u00e1rn\u00edch distributor\u016f a v dent\u00e1ln\u00edch depech. Na t\u00e9to spolupr\u00e1ci oce\u0148ujeme pru\u017enost a rychlost, s jakou spole\u010dnost <strong>AvePharma<\/strong> reaguje na na\u0161e pot\u0159eby a po\u017eadavky. Rovn\u011b\u017e oce\u0148ujeme r\u016fst obratu, kter\u00fd je zabezpe\u010den zvy\u0161uj\u00edc\u00edm se prodejem na\u0161ich v\u00fdrobk\u016f.\u201d<\/em><\/p>\n<p><em><strong>Jan Zubat\u00fd, Riadite\u013e\/Managing director, Aveflor, a.s.<\/strong><\/em><\/p>\n[\/vc_column_text][\/vc_tta_section][vc_tta_section title=&#8221;Section&#8221; tab_id=&#8221;1488278851476-423a451f-546d&#8221;][vc_column_text]\n<p><em>\u201cWe are confident that the<strong> AvePharma<\/strong> team have the expertise, professionalism and dedication to consumers needed to successfully integrate our brand into the Slovakian market and uphold our brand\u2019s ethos of providing excellence in terms of efficacy and value.&#8221;<\/em><\/p>\n<p><em><strong>Scott Duffy, Managing Director, Avanor Healthcare Ltd.<\/strong><\/em><\/p>\n[\/vc_column_text][\/vc_tta_section][vc_tta_section title=&#8221;Section&#8221; tab_id=&#8221;1488278883657-3a89b50e-26e5&#8243;][vc_column_text]\n<p><em>&#8220;A J\u00f3daqua Kft., mint a magyar J\u00f3daqua gy\u00f3gyv\u00edz kiz\u00e1r\u00f3lagos kitermel\u00e9si jog\u00e1val rendelkez\u0151 magyar c\u00e9g nagy \u00f6r\u00f6m\u00e9re szolg\u00e1l, hogy Szlov\u00e1ki\u00e1ban kiz\u00e1r\u00f3lagos forgalmaz\u00f3i partneri viszonyt \u00e1pol az <b>AvePharma<\/b> c\u00e9ggel. Szlov\u00e1k partner\u00fcnk igen hat\u00e9kony \u00e9s eredm\u00e9nyes m\u0171k\u00f6d\u00e9se r\u00e9v\u00e9n sikeres nemzetk\u00f6zi egy\u00fcttm\u0171k\u00f6d\u00e9sben van r\u00e9sz\u00fcnk.&#8221;<\/em><\/p>\n<p><em><strong>Dr. Pusk\u00e1s \u00c1ron, J\u00f3daqua Kft.<\/strong><\/em><\/p>\n[\/vc_column_text][\/vc_tta_section][\/vc_tta_pageable][vc_raw_html]JTNDZGl2JTIwZGF0YS1zcGtsdy13aWRnZXQlM0QlMjJ3aWRnZXQtNThlY2U5MWZiNjZkYSUyMiUzRSUzQyUyRmRpdiUzRQ==[\/vc_raw_html][\/vc_column][\/vc_row]","protected":false},"excerpt":{"rendered":"<p>[vc_row full_width=&#8221;stretch_row_content&#8221;][vc_column][vc_column_text css=&#8221;.vc_custom_1602003044701{margin-bottom: 0px !important;}&#8221;][\/vc_column_text][\/vc_column][\/vc_row][vc_row css=&#8221;.vc_custom_1508354201708{padding-top: 35px !important;padding-bottom: 35px !important;}&#8221;][vc_column][mk_fancy_title size=&#8221;22&#8243; font_weight=&#8221;600&#8243; letter_spacing=&#8221;1&#8243; margin_bottom=&#8221;30&#8243; font_family=&#8221;none&#8221; align=&#8221;center&#8221;]COMPANY REPREZENTATION AND OUTSOURCING IN PHARMACY [\/mk_fancy_title][vc_column_text] We are established company, formed by team of skilled specialists with years of experiences in multinational corporations. We operate on the market since 2007. We represent foreign partners and provide complex management and [&hellip;]<\/p>\n","protected":false},"author":4,"featured_media":0,"parent":0,"menu_order":0,"comment_status":"closed","ping_status":"open","template":"","meta":[],"_links":{"self":[{"href":"https:\/\/avepharma.eu\/en\/wp-json\/wp\/v2\/pages\/2"}],"collection":[{"href":"https:\/\/avepharma.eu\/en\/wp-json\/wp\/v2\/pages"}],"about":[{"href":"https:\/\/avepharma.eu\/en\/wp-json\/wp\/v2\/types\/page"}],"author":[{"embeddable":true,"href":"https:\/\/avepharma.eu\/en\/wp-json\/wp\/v2\/users\/4"}],"replies":[{"embeddable":true,"href":"https:\/\/avepharma.eu\/en\/wp-json\/wp\/v2\/comments?post=2"}],"version-history":[{"count":42,"href":"https:\/\/avepharma.eu\/en\/wp-json\/wp\/v2\/pages\/2\/revisions"}],"predecessor-version":[{"id":3628,"href":"https:\/\/avepharma.eu\/en\/wp-json\/wp\/v2\/pages\/2\/revisions\/3628"}],"wp:attachment":[{"href":"https:\/\/avepharma.eu\/en\/wp-json\/wp\/v2\/media?parent=2"}],"curies":[{"name":"wp","href":"https:\/\/api.w.org\/{rel}","templated":true}]}}