{"id":127,"date":"2017-02-11T15:18:16","date_gmt":"2017-02-11T14:18:16","guid":{"rendered":"http:\/\/wordpress.avepharma.eu\/?page_id=127"},"modified":"2022-02-14T15:06:20","modified_gmt":"2022-02-14T14:06:20","slug":"kontakt","status":"publish","type":"page","link":"https:\/\/avepharma.eu\/en\/kontakt\/","title":{"rendered":"CONTACT"},"content":{"rendered":"[vc_row][vc_column width=&#8221;1\/2&#8243;][vc_column_text]<strong>AVEPHARMA, s.r.o.<\/strong><br \/>\nVajnorsk\u00e1 100\/A<br \/>\n(Polus Tower I.)<br \/>\n831 04 Bratislava<\/p>\n<p><strong>TRN:<\/strong> 36793221<br \/>\n<strong>VAT:<\/strong> SK2022395276<br \/>\n<strong>\u010c.\u00fa.:<\/strong> 4005661519\/7500 \u2013 \u010ceskoslovensk\u00e1 obchodn\u00e1 banka, a.s.<br \/>\n<strong>IBAN:<\/strong> SK21 7500 0000 0040 0566 1519<br \/>\n<strong>SWIFT CODE:<\/strong> CEKOSKBX<\/p>\n<p><strong>Tel.:<\/strong>+421 2 212 010 66[\/vc_column_text][vc_column_text]<strong>Office :<\/strong><br \/>\nAnna Turo\u0148ov\u00e1<br \/>\n<strong>Mobil:<\/strong> +421 0915 080 566<br \/>\n<strong>e-mail:<\/strong> avepharma@avepharma.eu<\/p>\n<p><strong>Konate\u013e:<\/strong><br \/>\nIng. Emil Andrej\u010d\u00e1k<br \/>\n<strong>e-mail:<\/strong> andrejcak@avepharma.eu[\/vc_column_text][\/vc_column][vc_column width=&#8221;1\/2&#8243;][mk_contact_form style=&#8221;classic&#8221; phone=&#8221;true&#8221; captcha=&#8221;false&#8221; gdpr_consent_text=&#8221;Beriem na vedomie, \u017ee prev\u00e1dzkovate\u013e osobn\u00fdch \u00fadajov spolo\u010dnos\u0165 AvePharma, s.r.o. sprac\u00fava tieto \u00fadaje za \u00fa\u010delom \u010fal\u0161ej komunik\u00e1cie. <a href=``https:\/\/avepharma.eu\/gdpr\/``>More info of GDPR<\/a>&#8220;][\/vc_column][\/vc_row][vc_row fullwidth=&#8221;true&#8221; fullwidth_content=&#8221;false&#8221;][vc_column][vc_column_text]<iframe style=\"border: 0;\" src=\"https:\/\/www.google.com\/maps\/embed?pb=!1m18!1m12!1m3!1d2661.0099700059345!2d17.13687466520834!3d48.167889107029005!2m3!1f0!2f0!3f0!3m2!1i1024!2i768!4f13.1!3m3!1m2!1s0x476c8ec7c2585eeb%3A0xe7d07b844521231e!2sPolus+Tower+1%2C+Vajnorsk%C3%A1+100%2FA%2C+831+04+Nov%C3%A9+Mesto!5e0!3m2!1ssk!2ssk!4v1507461005143\" width=\"100%\" height=\"180\" frameborder=\"0\" allowfullscreen=\"allowfullscreen\"><\/iframe>[\/vc_column_text][\/vc_column][\/vc_row]","protected":false},"excerpt":{"rendered":"<p>[vc_row][vc_column width=&#8221;1\/2&#8243;][vc_column_text]AVEPHARMA, s.r.o. Vajnorsk\u00e1 100\/A (Polus Tower I.) 831 04 Bratislava TRN: 36793221 VAT: SK2022395276 \u010c.\u00fa.: 4005661519\/7500 \u2013 \u010ceskoslovensk\u00e1 obchodn\u00e1 banka, a.s. IBAN: SK21 7500 0000 0040 0566 1519 SWIFT CODE: CEKOSKBX Tel.:+421 2 212 010 66[\/vc_column_text][vc_column_text]Office : Anna Turo\u0148ov\u00e1 Mobil: +421 0915 080 566 e-mail: avepharma@avepharma.eu Konate\u013e: Ing. Emil Andrej\u010d\u00e1k e-mail: andrejcak@avepharma.eu[\/vc_column_text][\/vc_column][vc_column width=&#8221;1\/2&#8243;][mk_contact_form style=&#8221;classic&#8221; [&hellip;]<\/p>\n","protected":false},"author":4,"featured_media":0,"parent":0,"menu_order":0,"comment_status":"closed","ping_status":"closed","template":"","meta":[],"_links":{"self":[{"href":"https:\/\/avepharma.eu\/en\/wp-json\/wp\/v2\/pages\/127"}],"collection":[{"href":"https:\/\/avepharma.eu\/en\/wp-json\/wp\/v2\/pages"}],"about":[{"href":"https:\/\/avepharma.eu\/en\/wp-json\/wp\/v2\/types\/page"}],"author":[{"embeddable":true,"href":"https:\/\/avepharma.eu\/en\/wp-json\/wp\/v2\/users\/4"}],"replies":[{"embeddable":true,"href":"https:\/\/avepharma.eu\/en\/wp-json\/wp\/v2\/comments?post=127"}],"version-history":[{"count":15,"href":"https:\/\/avepharma.eu\/en\/wp-json\/wp\/v2\/pages\/127\/revisions"}],"predecessor-version":[{"id":3642,"href":"https:\/\/avepharma.eu\/en\/wp-json\/wp\/v2\/pages\/127\/revisions\/3642"}],"wp:attachment":[{"href":"https:\/\/avepharma.eu\/en\/wp-json\/wp\/v2\/media?parent=127"}],"curies":[{"name":"wp","href":"https:\/\/api.w.org\/{rel}","templated":true}]}}