{"id":111,"date":"2017-02-11T15:16:32","date_gmt":"2017-02-11T14:16:32","guid":{"rendered":"http:\/\/wordpress.avepharma.eu\/?page_id=111"},"modified":"2022-02-14T14:50:58","modified_gmt":"2022-02-14T13:50:58","slug":"trioderm-sun","status":"publish","type":"page","link":"https:\/\/avepharma.eu\/en\/trioderm-sun\/","title":{"rendered":"TRIODERM\u00ae SUN"},"content":{"rendered":"[vc_row full_width=&#8221;stretch_row_content&#8221;][vc_column][rev_slider_vc alias=&#8221;trioderm-slider&#8221;][\/vc_column][\/vc_row][vc_row][vc_column][vc_column_text]\n<p style=\"text-align: justify;\"><strong>TRIODERM<\/strong> is a name of a new range of tanning products. The ware are appropriate for every skin type. Contain vitamins nourishing and protecting skin. Minimalize a risk of irration and a sun allergy formation. They don\u2019t contain dyes and they are appropriate for children.<\/p>\n[\/vc_column_text][\/vc_column][\/vc_row][vc_row fullwidth=&#8221;true&#8221; fullwidth_content=&#8221;false&#8221; full_width=&#8221;stretch_row&#8221; css=&#8221;.vc_custom_1620889869953{padding-top: 35px !important;padding-bottom: 35px !important;background-color: #ebebeb !important;}&#8221; el_class=&#8221;skryelimax&#8221;][vc_column width=&#8221;1\/2&#8243;][vc_single_image image=&#8221;1115&#8243; img_size=&#8221;140&#215;330&#8243; alignment=&#8221;center&#8221; onclick=&#8221;link_image&#8221;][\/vc_column][vc_column width=&#8221;1\/2&#8243;][mk_fancy_title size=&#8221;18&#8243; font_family=&#8221;none&#8221;]Trioderm Sun \u00ae SPF 20 200 ml[\/mk_fancy_title][vc_column_text]Suntun loation &#8211; Tanning milk with protective factor SPF20. Appropriate for all kinds of skin. Aplication 360\u00b0 in spray.<\/p>\n<ul>\n<li>Appropriate for children.<\/li>\n<li>Appropriate for sensitive skin.<\/li>\n<li>Waterproof, UVA and UVB filter.<\/li>\n<li>Contains Shea butter and vitamin E<\/li>\n<\/ul>\n[\/vc_column_text][vc_row_inner][vc_column_inner width=&#8221;1\/3&#8243;][\/vc_column_inner][vc_column_inner width=&#8221;1\/3&#8243;][\/vc_column_inner][vc_column_inner width=&#8221;1\/3&#8243;][\/vc_column_inner][\/vc_row_inner][\/vc_column][\/vc_row][vc_row fullwidth=&#8221;true&#8221; fullwidth_content=&#8221;false&#8221; full_width=&#8221;stretch_row&#8221; css=&#8221;.vc_custom_1620889880569{padding-top: 30px !important;padding-bottom: 30px !important;}&#8221; el_class=&#8221;skryelimax&#8221;][vc_column width=&#8221;1\/2&#8243;][mk_fancy_title size=&#8221;18&#8243; font_family=&#8221;none&#8221;]Trioderm \u00ae Sun SPF 30 200ml[\/mk_fancy_title][vc_column_text]Suntun loation &#8211; Tanning milk with protective factor SPF20. Appropriate for all kinds of skin. Aplication 360\u00b0 in spray.<\/p>\n<ul>\n<li>Appropriate for children.<\/li>\n<li>Appropriate for sensitive skin.<\/li>\n<li>Waterproof, UVA and UVB filter.<\/li>\n<li>Contains Shea butter and vitamin E.<\/li>\n<\/ul>\n[\/vc_column_text][vc_row_inner][vc_column_inner width=&#8221;1\/3&#8243;][\/vc_column_inner][vc_column_inner width=&#8221;1\/3&#8243;][\/vc_column_inner][vc_column_inner width=&#8221;1\/3&#8243;][\/vc_column_inner][\/vc_row_inner][\/vc_column][vc_column width=&#8221;1\/2&#8243;][vc_single_image image=&#8221;1116&#8243; img_size=&#8221;140&#215;330&#8243; alignment=&#8221;center&#8221; onclick=&#8221;link_image&#8221;][\/vc_column][\/vc_row][vc_row fullwidth=&#8221;true&#8221; fullwidth_content=&#8221;false&#8221; full_width=&#8221;stretch_row&#8221; css=&#8221;.vc_custom_1620889934333{padding-top: 35px !important;padding-bottom: 35px !important;background-color: #ebebeb !important;}&#8221; el_class=&#8221;skryelimax&#8221;][vc_column width=&#8221;1\/2&#8243;][vc_single_image image=&#8221;1117&#8243; img_size=&#8221;140&#215;330&#8243; alignment=&#8221;center&#8221; onclick=&#8221;link_image&#8221;][\/vc_column][vc_column width=&#8221;1\/2&#8243;][mk_fancy_title size=&#8221;18&#8243; font_family=&#8221;none&#8221;]Trioderm \u00ae Aftersun milk 150 ml<br \/>\n[\/mk_fancy_title][vc_column_text]Aftersun milk &#8211; Milk in spray for a pacification, cooling and hydratation of skin. Contains an oil of apricot kernels, aloe vera, D-Panthenol.<\/p>\n<ul>\n<li>Moisturizes a skin<\/li>\n<li>Relieves feeling of burned skin<\/li>\n<li>Soothes skin after tanning<\/li>\n<li>Appropriate for children and sensitive skin<\/li>\n<\/ul>\n[\/vc_column_text][vc_row_inner][vc_column_inner width=&#8221;1\/3&#8243;][\/vc_column_inner][vc_column_inner width=&#8221;1\/3&#8243;][\/vc_column_inner][vc_column_inner width=&#8221;1\/3&#8243;][\/vc_column_inner][\/vc_row_inner][\/vc_column][\/vc_row][vc_row fullwidth=&#8221;true&#8221; fullwidth_content=&#8221;false&#8221; full_width=&#8221;stretch_row&#8221; css=&#8221;.vc_custom_1620890100102{padding-top: 35px !important;padding-bottom: 35px !important;background-color: #ebebeb !important;}&#8221;][vc_column width=&#8221;1\/2&#8243;][mk_fancy_title size=&#8221;18&#8243; font_family=&#8221;none&#8221;]Trioderm \u00ae Sun Panthenol 150 ml[\/mk_fancy_title][vc_column_text]Spray for burned skin &#8211; Panthenol spray to cool and calm down skin after sunburn. It relieves burning feeling after excessive solar radiation.<\/p>\n<ul>\n<li>Hydrovance hydrates dried skin.<\/li>\n<li>Vitamin E and olive oil treat sunburned skin.<\/li>\n<li>Contains a seabuckhorn and marigold extract.<\/li>\n<\/ul>\n[\/vc_column_text][vc_row_inner][vc_column_inner width=&#8221;1\/3&#8243;][vc_btn title=&#8221;More information&#8221; color=&#8221;green&#8221; link=&#8221;url:https%3A%2F%2Favepharma.sk%2Ftrioderm-sun-panthenol-sprej-150-ml|||&#8221;][\/vc_column_inner][vc_column_inner width=&#8221;1\/3&#8243;][\/vc_column_inner][vc_column_inner width=&#8221;1\/3&#8243;][\/vc_column_inner][\/vc_row_inner][\/vc_column][vc_column width=&#8221;1\/2&#8243;][vc_single_image image=&#8221;1118&#8243; img_size=&#8221;140&#215;330&#8243; alignment=&#8221;center&#8221; onclick=&#8221;link_image&#8221;][\/vc_column][\/vc_row][vc_row fullwidth=&#8221;true&#8221; fullwidth_content=&#8221;false&#8221; css=&#8221;.vc_custom_1620890178149{padding-top: 35px !important;padding-bottom: 35px !important;background-color: #ffffff !important;}&#8221;][vc_column][vc_column_text css=&#8221;.vc_custom_1612894393367{margin-bottom: 0px !important;}&#8221;]\n<p style=\"text-align: justify;\">The products can be bought in: In every good pharmacy, and also in pharmacy nets as: : Dr.MAX, BENU, SCHNEIDER, VA\u0160A LEK\u00c1RE\u0147, LEK\u00c1RE\u0147 PARTNER, LEK\u00c1RE\u0147 PLUS, LEK\u00c1RE\u0147 SOS, MOJA LEK\u00c1RE\u0147 and on <span style=\"color: #008000;\"><a style=\"color: #008000;\" href=\"https:\/\/avepharma.sk\/trioderm\" target=\"_blank\" rel=\"noopener noreferrer\">E-SHOP<\/a>.<\/span><\/p>\n[\/vc_column_text][\/vc_column][\/vc_row]","protected":false},"excerpt":{"rendered":"<p>[vc_row full_width=&#8221;stretch_row_content&#8221;][vc_column][rev_slider_vc alias=&#8221;trioderm-slider&#8221;][\/vc_column][\/vc_row][vc_row][vc_column][vc_column_text] TRIODERM is a name of a new range of tanning products. The ware are appropriate for every skin type. Contain vitamins nourishing and protecting skin. Minimalize a risk of irration and a sun allergy formation. They don\u2019t contain dyes and they are appropriate for children. [\/vc_column_text][\/vc_column][\/vc_row][vc_row fullwidth=&#8221;true&#8221; fullwidth_content=&#8221;false&#8221; full_width=&#8221;stretch_row&#8221; css=&#8221;.vc_custom_1620889869953{padding-top: 35px !important;padding-bottom: [&hellip;]<\/p>\n","protected":false},"author":4,"featured_media":0,"parent":0,"menu_order":0,"comment_status":"closed","ping_status":"closed","template":"","meta":[],"_links":{"self":[{"href":"https:\/\/avepharma.eu\/en\/wp-json\/wp\/v2\/pages\/111"}],"collection":[{"href":"https:\/\/avepharma.eu\/en\/wp-json\/wp\/v2\/pages"}],"about":[{"href":"https:\/\/avepharma.eu\/en\/wp-json\/wp\/v2\/types\/page"}],"author":[{"embeddable":true,"href":"https:\/\/avepharma.eu\/en\/wp-json\/wp\/v2\/users\/4"}],"replies":[{"embeddable":true,"href":"https:\/\/avepharma.eu\/en\/wp-json\/wp\/v2\/comments?post=111"}],"version-history":[{"count":9,"href":"https:\/\/avepharma.eu\/en\/wp-json\/wp\/v2\/pages\/111\/revisions"}],"predecessor-version":[{"id":3640,"href":"https:\/\/avepharma.eu\/en\/wp-json\/wp\/v2\/pages\/111\/revisions\/3640"}],"wp:attachment":[{"href":"https:\/\/avepharma.eu\/en\/wp-json\/wp\/v2\/media?parent=111"}],"curies":[{"name":"wp","href":"https:\/\/api.w.org\/{rel}","templated":true}]}}