{"id":103,"date":"2017-02-11T15:16:01","date_gmt":"2017-02-11T14:16:01","guid":{"rendered":"http:\/\/wordpress.avepharma.eu\/?page_id=103"},"modified":"2022-02-14T14:45:24","modified_gmt":"2022-02-14T13:45:24","slug":"perspi-guard","status":"publish","type":"page","link":"https:\/\/avepharma.eu\/en\/perspi-guard\/","title":{"rendered":"PERSPI-GUARD"},"content":{"rendered":"[vc_row full_width=&#8221;stretch_row_content&#8221;][vc_column][rev_slider_vc alias=&#8221;perpsi-guard-slider&#8221;][\/vc_column][\/vc_row][vc_row][vc_column][vc_column_text css=&#8221;.vc_custom_1612893284233{margin-bottom: 0px !important;}&#8221;]\n<p style=\"text-align: justify;\">Special product range against excessive sweating. Behind the product range Perspi-Guard stands company Avanor Healthcare Ltd., that is expert on personal care. The company is a family business with base in Great Britain. Manufactures and distributes a range of unique products, which are specialy suggested so, they would protect against excessive sweating and other uncomfortable skin deseases.<\/p>\n[\/vc_column_text][\/vc_column][\/vc_row][vc_row fullwidth=&#8221;true&#8221; fullwidth_content=&#8221;false&#8221; full_width=&#8221;stretch_row&#8221; css=&#8221;.vc_custom_1589883499192{padding-top: 35px !important;padding-bottom: 35px !important;background-color: #ebebeb !important;}&#8221;][vc_column width=&#8221;1\/2&#8243;][vc_single_image image=&#8221;1110&#8243; img_size=&#8221;medium&#8221; alignment=&#8221;center&#8221; onclick=&#8221;link_image&#8221;][\/vc_column][vc_column width=&#8221;1\/2&#8243;][mk_fancy_title size=&#8221;18&#8243; font_family=&#8221;none&#8221;]Perspi-Guard Maximum 5 30 ml[\/mk_fancy_title][vc_column_text css=&#8221;.vc_custom_1612893354332{margin-bottom: 0px !important;}&#8221;]Antiperspirant \u2013 Highly effective antiperspiant invented and dedicated for excessive perspiration disturbances.<\/p>\n<ul>\n<li>Strong and effective.<\/li>\n<li>Scentess.<\/li>\n<li>Usage 1-2 times a week.<\/li>\n<\/ul>\n[\/vc_column_text][vc_row_inner][vc_column_inner width=&#8221;1\/3&#8243;][vc_btn title=&#8221;More information&#8221; color=&#8221;green&#8221; link=&#8221;url:https%3A%2F%2Favepharma.sk%2Fperspi-guard-maximum-5-antiperspirant-30-ml|||&#8221;][\/vc_column_inner][vc_column_inner width=&#8221;1\/3&#8243;][\/vc_column_inner][vc_column_inner width=&#8221;1\/3&#8243;][\/vc_column_inner][\/vc_row_inner][\/vc_column][\/vc_row][vc_row fullwidth=&#8221;true&#8221; fullwidth_content=&#8221;false&#8221; full_width=&#8221;stretch_row&#8221; css=&#8221;.vc_custom_1511791123197{padding-top: 35px !important;padding-bottom: 35px !important;background-color: #ffffff !important;}&#8221;][vc_column width=&#8221;1\/2&#8243;][mk_fancy_title size=&#8221;18&#8243; font_family=&#8221;none&#8221;]Perspi-Guard Maximum 5 50 ml[\/mk_fancy_title][vc_column_text css=&#8221;.vc_custom_1612893438106{margin-bottom: 0px !important;}&#8221;]Antiperspirant \u2013 Highly effective antiperspiant invented and dedicated for excessive perspiration disturbances.<\/p>\n<ul>\n<li>Strong and effective.<\/li>\n<li>Scentess.<\/li>\n<li>Usage 1-2 times a week.<\/li>\n<\/ul>\n[\/vc_column_text][vc_row_inner][vc_column_inner width=&#8221;1\/3&#8243;][vc_btn title=&#8221;More information&#8221; color=&#8221;green&#8221; link=&#8221;url:https%3A%2F%2Favepharma.sk%2Fperspi-guard-maximum-5-antiperspirant-50-ml|||&#8221;][\/vc_column_inner][vc_column_inner width=&#8221;1\/3&#8243;][\/vc_column_inner][vc_column_inner width=&#8221;1\/3&#8243;][\/vc_column_inner][\/vc_row_inner][\/vc_column][vc_column width=&#8221;1\/2&#8243;][vc_single_image image=&#8221;1110&#8243; img_size=&#8221;medium&#8221; alignment=&#8221;center&#8221; onclick=&#8221;link_image&#8221;][\/vc_column][\/vc_row][vc_row fullwidth=&#8221;true&#8221; fullwidth_content=&#8221;false&#8221; full_width=&#8221;stretch_row&#8221; css=&#8221;.vc_custom_1589883520652{padding-top: 35px !important;padding-bottom: 35px !important;background-color: #ebebeb !important;}&#8221;][vc_column width=&#8221;1\/2&#8243;][vc_single_image image=&#8221;3413&#8243; img_size=&#8221;medium&#8221; alignment=&#8221;center&#8221; onclick=&#8221;link_image&#8221;][\/vc_column][vc_column width=&#8221;1\/2&#8243;][mk_fancy_title size=&#8221;18&#8243; font_family=&#8221;none&#8221;]Perspi-Guard Maximum 30 ml Antiperspirant ROLL-ON[\/mk_fancy_title][vc_column_text]Vysoko \u00fa\u010dinn\u00fd antiperspirant vyvinut\u00fd a ur\u010den\u00fd pre poruchy nadmern\u00e9ho potenia. Obsahuje Aloe Vera.<\/p>\n<ul>\n<li>Siln\u00fd a \u00fa\u010dinn\u00fd.<\/li>\n<li>Neparfumovan\u00fd.<\/li>\n<li>Pou\u017eitie 1 &#8211; 2 kr\u00e1t t\u00fd\u017edenne.<\/li>\n<\/ul>\n[\/vc_column_text][vc_row_inner][vc_column_inner width=&#8221;1\/3&#8243;][vc_btn title=&#8221;More information&#8221; color=&#8221;green&#8221; link=&#8221;url:https%3A%2F%2Favepharma.sk%2Fperspi-guard-maximum-antiperspirant-roll-on-30-ml|||&#8221;][\/vc_column_inner][vc_column_inner width=&#8221;1\/3&#8243;][\/vc_column_inner][vc_column_inner width=&#8221;1\/3&#8243;][\/vc_column_inner][\/vc_row_inner][\/vc_column][\/vc_row][vc_row fullwidth=&#8221;true&#8221; fullwidth_content=&#8221;false&#8221; full_width=&#8221;stretch_row&#8221; css=&#8221;.vc_custom_1589883536570{padding-top: 35px !important;padding-bottom: 35px !important;background-color: #ffffff !important;}&#8221;][vc_column width=&#8221;1\/2&#8243;][mk_fancy_title size=&#8221;18&#8243; font_family=&#8221;none&#8221;]Perspi-Guard Sensitive 50 ml[\/mk_fancy_title][vc_column_text css=&#8221;.vc_custom_1612892333559{margin-bottom: 0px !important;}&#8221;]Antiperspirant bez hlin\u00edka a alkoholu. <a href=\"https:\/\/avepharma.sk\/perspi-guard-sensitive-antiperspirant-50-ml\">Antiperspirant Sensitive<\/a> je \u0161peci\u00e1lne vyvinut\u00fd produkt proti poteniu pre \u013eud\u00ed so sklonom k alergick\u00fdm reakci\u00e1m poko\u017eky.<\/p>\n<ul>\n<li>Vysoko \u00fa\u010dinn\u00fd.<\/li>\n<li>Nedr\u00e1\u017edi poko\u017eku.<\/li>\n<li>Bez hlin\u00edka a alkoholu.<\/li>\n<\/ul>\n[\/vc_column_text][vc_row_inner][vc_column_inner width=&#8221;1\/3&#8243;][vc_btn title=&#8221;More information&#8221; color=&#8221;green&#8221; link=&#8221;url:https%3A%2F%2Favepharma.sk%2Fperspi-guard-sensitive-antiperspirant-50-ml|||&#8221;][\/vc_column_inner][vc_column_inner width=&#8221;1\/3&#8243;][\/vc_column_inner][vc_column_inner width=&#8221;1\/3&#8243;][\/vc_column_inner][\/vc_row_inner][\/vc_column][vc_column width=&#8221;1\/2&#8243;][vc_single_image image=&#8221;1112&#8243; img_size=&#8221;medium&#8221; alignment=&#8221;center&#8221; onclick=&#8221;link_image&#8221;][\/vc_column][\/vc_row][vc_row fullwidth=&#8221;true&#8221; fullwidth_content=&#8221;false&#8221; full_width=&#8221;stretch_row&#8221; css=&#8221;.vc_custom_1589883597260{padding-top: 30px !important;padding-bottom: 30px !important;background-color: #ebebeb !important;}&#8221;][vc_column width=&#8221;1\/2&#8243;][vc_single_image image=&#8221;3584&#8243; img_size=&#8221;medium&#8221; alignment=&#8221;center&#8221; onclick=&#8221;link_image&#8221;][\/vc_column][vc_column width=&#8221;1\/2&#8243;][mk_fancy_title size=&#8221;18&#8243; font_family=&#8221;none&#8221;]Perspi-Rock Natural 60 g[\/mk_fancy_title][vc_column_text css=&#8221;.vc_custom_1612893588526{margin-bottom: 0px !important;}&#8221;]Deodorant \u2013 Deodorant created from natural mineral salt. 100% organic. Can be used on whole budy for fresh skin and decreased odour.<\/p>\n<ul>\n<li>Bio quality<\/li>\n<li>Doen\u2019t clog pores.<\/li>\n<li>Slowing down bacteria growth.<\/li>\n<li>Made from natural crystals.<\/li>\n<li>Antiseptic effects.<\/li>\n<\/ul>\n[\/vc_column_text][vc_row_inner][vc_column_inner width=&#8221;1\/3&#8243;][vc_btn title=&#8221;More information&#8221; color=&#8221;green&#8221; link=&#8221;url:https%3A%2F%2Favepharma.sk%2Fperspi-rock-deodorant-krystal-100-prirodny-60-g|||&#8221;][\/vc_column_inner][vc_column_inner width=&#8221;1\/3&#8243;][\/vc_column_inner][vc_column_inner width=&#8221;1\/3&#8243;][\/vc_column_inner][\/vc_row_inner][\/vc_column][\/vc_row][vc_row fullwidth=&#8221;true&#8221; fullwidth_content=&#8221;false&#8221; full_width=&#8221;stretch_row&#8221; css=&#8221;.vc_custom_1507474256759{padding-top: 30px !important;padding-bottom: 30px !important;}&#8221;][vc_column width=&#8221;1\/2&#8243;][mk_fancy_title size=&#8221;18&#8243; font_family=&#8221;none&#8221;]Perspi-Shield All day 50ml[\/mk_fancy_title][vc_column_text]Deodorant bez alum\u00ednia a alkoholu. Deodorant ur\u010den\u00fd pre citliv\u00e9 miesta a \u013eud\u00ed, ktor\u00ed h\u013eadaj\u00fa ochranu proti poteniu bez hlin\u00edka a alkoholu.<\/p>\n<ul>\n<li>Ka\u017edodenn\u00e9 pou\u017eitie<\/li>\n<li>Nedr\u00e1\u017edi poko\u017eku<\/li>\n<li>Bez hlin\u00edka a alkoholu<\/li>\n<\/ul>\n[\/vc_column_text][vc_row_inner][vc_column_inner width=&#8221;1\/3&#8243;][vc_btn title=&#8221;More information&#8221; color=&#8221;green&#8221; link=&#8221;url:https%3A%2F%2Favepharma.sk%2Fperspi-shield-all-day-50-ml|||&#8221;][\/vc_column_inner][vc_column_inner width=&#8221;1\/3&#8243;][\/vc_column_inner][vc_column_inner width=&#8221;1\/3&#8243;][\/vc_column_inner][\/vc_row_inner][\/vc_column][vc_column width=&#8221;1\/2&#8243;][vc_single_image image=&#8221;3412&#8243; img_size=&#8221;medium&#8221; alignment=&#8221;center&#8221; onclick=&#8221;link_image&#8221;][\/vc_column][\/vc_row][vc_row fullwidth=&#8221;true&#8221; fullwidth_content=&#8221;false&#8221; full_width=&#8221;stretch_row&#8221; css=&#8221;.vc_custom_1589883792232{padding-top: 30px !important;padding-bottom: 30px !important;background-color: #ebebeb !important;}&#8221;][vc_column width=&#8221;1\/2&#8243;][vc_single_image image=&#8221;3414&#8243; img_size=&#8221;medium&#8221; alignment=&#8221;center&#8221; onclick=&#8221;link_image&#8221;][\/vc_column][vc_column width=&#8221;1\/2&#8243;][mk_fancy_title size=&#8221;18&#8243; font_family=&#8221;none&#8221;]Perspi-Shield 72h protection 50ml[\/mk_fancy_title][vc_column_text]Deodorant bez alum\u00ednia.\u00a0Deodorant ur\u010den\u00fd pre citliv\u00e9 miesta a \u013eud\u00ed, ktor\u00ed h\u013eadaj\u00fa ochranu proti poteniu bez hlin\u00edka.<\/p>\n<ul>\n<li>3 d\u0148ov\u00e1 ochrana<\/li>\n<li>Nedr\u00e1\u017edi poko\u017eku<\/li>\n<li>Bez hlin\u00edka<\/li>\n<\/ul>\n[\/vc_column_text][vc_row_inner][vc_column_inner width=&#8221;1\/3&#8243;][vc_btn title=&#8221;More information&#8221; color=&#8221;green&#8221; link=&#8221;url:https%3A%2F%2Favepharma.sk%2Fperspi-shield-deodorant-72-h-50-ml|||&#8221;][\/vc_column_inner][vc_column_inner width=&#8221;1\/3&#8243;][\/vc_column_inner][vc_column_inner width=&#8221;1\/3&#8243;][\/vc_column_inner][\/vc_row_inner][\/vc_column][\/vc_row][vc_row fullwidth=&#8221;true&#8221; fullwidth_content=&#8221;false&#8221; full_width=&#8221;stretch_row&#8221; css=&#8221;.vc_custom_1589883902681{padding-top: 35px !important;padding-bottom: 35px !important;background-color: #ffffff !important;}&#8221;][vc_column width=&#8221;1\/2&#8243;][mk_fancy_title size=&#8221;18&#8243; font_family=&#8221;none&#8221;]Perspi-Shield Ultra 10 pcs[\/mk_fancy_title][vc_column_text css=&#8221;.vc_custom_1612893754114{margin-bottom: 0px !important;}&#8221;]Underarm pads \u2013 Disposable discreet underarm pads. Protect from unpleasant feeling in our underarm and from the formation of stains on clothes.<\/p>\n<ul>\n<li>Highly absorbent.<\/li>\n<li>Self-adhesive.<\/li>\n<li>Adaptable.<\/li>\n<li>Discreet.<\/li>\n<li>Estetic.<\/li>\n<\/ul>\n[\/vc_column_text][vc_row_inner][vc_column_inner width=&#8221;1\/3&#8243;][vc_btn title=&#8221;More information&#8221; color=&#8221;green&#8221; link=&#8221;url:https%3A%2F%2Favepharma.sk%2Fperspi-shield-podpazusne-vlozky-10-ks|||&#8221;][\/vc_column_inner][vc_column_inner width=&#8221;1\/3&#8243;][\/vc_column_inner][vc_column_inner width=&#8221;1\/3&#8243;][\/vc_column_inner][\/vc_row_inner][\/vc_column][vc_column width=&#8221;1\/2&#8243;][vc_single_image image=&#8221;1113&#8243; img_size=&#8221;medium&#8221; alignment=&#8221;center&#8221; onclick=&#8221;link_image&#8221;][\/vc_column][\/vc_row][vc_row fullwidth=&#8221;true&#8221; fullwidth_content=&#8221;false&#8221; full_width=&#8221;stretch_row&#8221; css=&#8221;.vc_custom_1589883941921{padding-top: 35px !important;padding-bottom: 35px !important;background-color: #ebebeb !important;}&#8221;][vc_column width=&#8221;1\/2&#8243;][vc_single_image image=&#8221;1109&#8243; img_size=&#8221;medium&#8221; alignment=&#8221;center&#8221; onclick=&#8221;link_image&#8221;][\/vc_column][vc_column width=&#8221;1\/2&#8243;][mk_fancy_title size=&#8221;18&#8243; font_family=&#8221;none&#8221;]Perspi-Guard Control 200 ml[\/mk_fancy_title][vc_column_text css=&#8221;.vc_custom_1612893683099{margin-bottom: 0px !important;}&#8221;]Special antibacterial shower cream \u2013 Antibacterial cream cleans a skin, eliminate perspiration and unpleasant body odour on whole body.<\/p>\n<ul>\n<li>Easy application.<\/li>\n<li>Long-range effect.<\/li>\n<li>A prevention.<\/li>\n<\/ul>\n[\/vc_column_text][vc_row_inner][vc_column_inner width=&#8221;1\/3&#8243;][vc_btn title=&#8221;More information&#8221; color=&#8221;green&#8221; link=&#8221;url:https%3A%2F%2Favepharma.sk%2Fperspi-guard-antibakterialny-sprchovy-krem-200-ml|||&#8221;][\/vc_column_inner][vc_column_inner width=&#8221;1\/3&#8243;][\/vc_column_inner][vc_column_inner width=&#8221;1\/3&#8243;][\/vc_column_inner][\/vc_row_inner][\/vc_column][\/vc_row][vc_row fullwidth=&#8221;true&#8221; fullwidth_content=&#8221;false&#8221; css=&#8221;.vc_custom_1589883954283{padding-top: 30px !important;padding-bottom: 30px !important;}&#8221;][vc_column width=&#8221;1\/2&#8243;][mk_fancy_title size=&#8221;18&#8243; font_family=&#8221;none&#8221;]Perspi-Guard Duo Pack[\/mk_fancy_title][vc_column_text css=&#8221;.vc_custom_1612892700989{margin-bottom: 0px !important;}&#8221;]Stop nadmern\u00e9mu poteniu a z\u00e1pachu! Bal\u00ed\u010dek obsahuje antibakteri\u00e1lny sprchov\u00fd kr\u00e9m Perspi-Guard Control 200 ml a antiperspirant Maximum 5 30 ml.<\/p>\n<ul>\n<li>Pre ka\u017ed\u00fd typ poko\u017eky.<\/li>\n<li>Jednoduch\u00e1 aplik\u00e1cia.<\/li>\n<li>Dlhodob\u00fd \u00fa\u010dinok.<\/li>\n<li>Prevencia.<\/li>\n<\/ul>\n[\/vc_column_text][vc_row_inner][vc_column_inner width=&#8221;1\/3&#8243;][vc_btn title=&#8221;More information&#8221; color=&#8221;green&#8221; link=&#8221;url:https%3A%2F%2Favepharma.sk%2Fperspi-guard-duo-pack|||&#8221;][\/vc_column_inner][vc_column_inner width=&#8221;1\/3&#8243;][\/vc_column_inner][vc_column_inner width=&#8221;1\/3&#8243;][\/vc_column_inner][\/vc_row_inner][\/vc_column][vc_column width=&#8221;1\/2&#8243;][vc_single_image image=&#8221;1507&#8243; img_size=&#8221;full&#8221; alignment=&#8221;center&#8221;][\/vc_column][\/vc_row][vc_row fullwidth=&#8221;true&#8221; fullwidth_content=&#8221;false&#8221; css=&#8221;.vc_custom_1589883969746{padding-top: 30px !important;padding-bottom: 30px !important;background-color: #ebebeb !important;}&#8221;][vc_column][mk_fancy_title size=&#8221;18&#8243; font_family=&#8221;none&#8221;]PORUCHY POTENIA[\/mk_fancy_title][vc_column_text]\n<p style=\"text-align: justify;\"><strong>Hyperhydr\u00f3za<\/strong> ( nadmern\u00e9 potenie )<strong><br \/>\n<\/strong>Je be\u017en\u00fd prirodzen\u00fd telesn\u00fd proces, ktor\u00fd umo\u017e\u0148uje telu regulova\u0165 jeho teplotu t\u00fdm, \u017ee stimuluje potn\u00e9 \u017e\u013eazy. \u017dia\u013e existuj\u00fa zdravotn\u00e9 stavy, ktor\u00e9 m\u00f4\u017eu ma\u0165 vplyv na tento proces a\u00a0jedn\u00fdm z\u00a0nich je\u00a0nadmern\u00e9 potenie.\u00a0<strong>Hyperhydr\u00f3za,<\/strong> \u010di\u017ee nadmern\u00e9 potenie alebo\u00a0poruchy potenia\u00a0sa vyzna\u010duje nadmern\u00fdm vylu\u010dovan\u00edm potu po celom tele alebo niektor\u00fdch \u010dastiach tela. Ruky, nohy, podpazu\u0161ie patria medzi najakt\u00edvnej\u0161ie oblasti vzh\u013eadom k\u00a0relat\u00edvne vysokej koncentr\u00e1cii potn\u00fdch \u017eliaz na t\u00fdchto miestach. \u00a0Pr\u00ed\u010diny hyperhidr\u00f3zy s\u00fa naj\u010dastej\u0161ie dedi\u010dnos\u0165 ( \u010dasto sa jedn\u00e1 o\u00a0vroden\u00fa dispoz\u00edciu), taktie\u017e faktormi m\u00f4\u017eu by\u0165 stres, faj\u010denie, pr\u00edjem v\u00e4\u010d\u0161ieho mno\u017estva kofe\u00ednu alebo konzum\u00e1cia p\u00e1liv\u00fdch jed\u00e1l, alebo \u00a0pri hormon\u00e1lnych zmen\u00e1ch napr. v\u00a0puberte alebo v\u00a0menopauze.<\/p>\n<p style=\"text-align: justify;\">Nadmern\u00e9 potenie\u00a0je chronick\u00e9 ochorenie, ktor\u00e9 m\u00f4\u017ee vies\u0165\u00a0k\u00a0vzniku emocion\u00e1lnych a\u00a0soci\u00e1lnych probl\u00e9mov, rovnako ako k\u00a0pracovn\u00e9mu, fyzick\u00e9mu a\u00a0psychick\u00e9mu\u00a0dyskomfortu. Pou\u017e\u00edvan\u00edm produktov zna\u010dky Perspi-guard m\u00f4\u017eete pred\u00eds\u0165 tak\u00fdmto situ\u00e1ci\u00e1m. Zlo\u017eenie produktov \u00a0<strong>Perspi-<\/strong><strong>Guard<\/strong>\u00a0bolo vyvinut\u00e9 lek\u00e1rmi a farmakol\u00f3gmi na z\u00e1klade desa\u0165ro\u010dn\u00e9ho \u0161t\u00fadia klinickej hyperhidr\u00f3zy. S\u00fa v\u0161ak vhodn\u00e9 aj pre be\u017en\u00fd tip potenia, taktie\u017e pre v\u0161etky typy poko\u017eky, pre mu\u017eov aj pre \u017eeny. Nedr\u00e1\u017edia poko\u017eku, nezanech\u00e1vaj\u00fa \u0161kvrny na oble\u010den\u00ed.<\/p>\n[\/vc_column_text][\/vc_column][\/vc_row][vc_row fullwidth=&#8221;true&#8221; fullwidth_content=&#8221;false&#8221; css=&#8221;.vc_custom_1508405549555{padding-top: 30px !important;padding-bottom: 30px !important;background-color: #ebebeb !important;}&#8221;][vc_column][vc_column_text css=&#8221;.vc_custom_1612893888234{margin-bottom: 0px !important;}&#8221;]\n<p style=\"text-align: justify;\"><b><\/b><br \/>\nThe products can be bought in: In every good pharmacy, and also in pharmacy nets as: : Dr.MAX, BENU, SCHNEIDER, VA\u0160A LEK\u00c1RE\u0147, LEK\u00c1RE\u0147 PARTNER, LEK\u00c1RE\u0147 PLUS, LEK\u00c1RE\u0147 SOS, MOJA LEK\u00c1RE\u0147 and on\u00a0<span style=\"color: #008000;\"> <a style=\"color: #008000;\" href=\"https:\/\/avepharma.sk\/perspi-guard\" target=\"_blank\" rel=\"noopener noreferrer\">E-SHOP<\/a>.<\/span><\/p>\n[\/vc_column_text][\/vc_column][\/vc_row]","protected":false},"excerpt":{"rendered":"<p>[vc_row full_width=&#8221;stretch_row_content&#8221;][vc_column][rev_slider_vc alias=&#8221;perpsi-guard-slider&#8221;][\/vc_column][\/vc_row][vc_row][vc_column][vc_column_text css=&#8221;.vc_custom_1612893284233{margin-bottom: 0px !important;}&#8221;] Special product range against excessive sweating. Behind the product range Perspi-Guard stands company Avanor Healthcare Ltd., that is expert on personal care. The company is a family business with base in Great Britain. Manufactures and distributes a range of unique products, which are specialy suggested so, they would protect [&hellip;]<\/p>\n","protected":false},"author":4,"featured_media":0,"parent":0,"menu_order":0,"comment_status":"closed","ping_status":"closed","template":"","meta":[],"_links":{"self":[{"href":"https:\/\/avepharma.eu\/en\/wp-json\/wp\/v2\/pages\/103"}],"collection":[{"href":"https:\/\/avepharma.eu\/en\/wp-json\/wp\/v2\/pages"}],"about":[{"href":"https:\/\/avepharma.eu\/en\/wp-json\/wp\/v2\/types\/page"}],"author":[{"embeddable":true,"href":"https:\/\/avepharma.eu\/en\/wp-json\/wp\/v2\/users\/4"}],"replies":[{"embeddable":true,"href":"https:\/\/avepharma.eu\/en\/wp-json\/wp\/v2\/comments?post=103"}],"version-history":[{"count":24,"href":"https:\/\/avepharma.eu\/en\/wp-json\/wp\/v2\/pages\/103\/revisions"}],"predecessor-version":[{"id":3639,"href":"https:\/\/avepharma.eu\/en\/wp-json\/wp\/v2\/pages\/103\/revisions\/3639"}],"wp:attachment":[{"href":"https:\/\/avepharma.eu\/en\/wp-json\/wp\/v2\/media?parent=103"}],"curies":[{"name":"wp","href":"https:\/\/api.w.org\/{rel}","templated":true}]}}