{"id":102,"date":"2017-02-11T15:15:50","date_gmt":"2017-02-11T14:15:50","guid":{"rendered":"http:\/\/wordpress.avepharma.eu\/?page_id=102"},"modified":"2021-02-09T18:31:50","modified_gmt":"2021-02-09T17:31:50","slug":"kelen","status":"publish","type":"page","link":"https:\/\/avepharma.eu\/en\/kelen\/","title":{"rendered":"KELEN"},"content":{"rendered":"[vc_row full_width=&#8221;stretch_row_content&#8221;][vc_column][vc_single_image image=&#8221;1221&#8243; img_size=&#8221;full&#8221; alignment=&#8221;center&#8221;][\/vc_column][\/vc_row][vc_row css=&#8221;.vc_custom_1508371605117{margin-bottom: 0px !important;padding-bottom: 0px !important;}&#8221;][vc_column][vc_column_text]\n<p style=\"text-align: justify;\">Behind the product is BTC Invest company, which supply several kinds of medical devices from sport medicine, trough surgery, dermatology to safety components. It\u2019s the only manufacturer of cooling sprays in the Eastern Europe and they hold european certificate CE according to the directive 93\/42 \/ EEC.<\/p>\n[\/vc_column_text][\/vc_column][\/vc_row][vc_row fullwidth=&#8221;true&#8221; fullwidth_content=&#8221;false&#8221; full_width=&#8221;stretch_row&#8221; css=&#8221;.vc_custom_1508371527880{padding-top: 35px !important;padding-bottom: 35px !important;background-color: #ebebeb !important;}&#8221;][vc_column width=&#8221;1\/2&#8243;][mk_fancy_title size=&#8221;18&#8243; font_family=&#8221;none&#8221;]Kelen \u00ae 100 ml[\/mk_fancy_title][vc_column_text]Local anestetic. Cooling spray on 100% chlorethylene, that is thanks to it\u2019s cryotherapeutic features intended for lokal cooling \u2013 hit place desensitization or before small surgery.<\/p>\n<ul>\n<li>Local anestetic.<\/li>\n<li>Quickly effective.<\/li>\n<li>High chilling effect.<\/li>\n<li>Cryotherapeutic features.<\/li>\n<\/ul>\n[\/vc_column_text][vc_row_inner][vc_column_inner width=&#8221;1\/3&#8243;][\/vc_column_inner][vc_column_inner width=&#8221;1\/3&#8243;][\/vc_column_inner][vc_column_inner width=&#8221;1\/3&#8243;][\/vc_column_inner][\/vc_row_inner][\/vc_column][vc_column width=&#8221;1\/2&#8243;][vc_single_image image=&#8221;1106&#8243; img_size=&#8221;150&#215;320&#8243; alignment=&#8221;center&#8221; onclick=&#8221;link_image&#8221;][\/vc_column][\/vc_row][vc_row css=&#8221;.vc_custom_1508371556043{padding-top: 35px !important;padding-bottom: 35px !important;}&#8221;][vc_column][vc_column_text css=&#8221;.vc_custom_1612891903069{margin-bottom: 0px !important;}&#8221;]\n<p style=\"text-align: justify;\">The products can be bought in: In every good pharmacy, and also in pharmacy nets as: : Dr.MAX, BENU, SCHNEIDER, VA\u0160A LEK\u00c1RE\u0147, LEK\u00c1RE\u0147 PARTNER, LEK\u00c1RE\u0147 PLUS, LEK\u00c1RE\u0147 SOS, MOJA LEK\u00c1RE\u0147 and on <span style=\"color: #008000;\"><a style=\"color: #008000;\" href=\"https:\/\/avepharma.sk\/\" target=\"_blank\" rel=\"noopener noreferrer\">E-SHOPE<\/a>.<\/span><\/p>\n[\/vc_column_text][\/vc_column][\/vc_row]","protected":false},"excerpt":{"rendered":"<p>[vc_row full_width=&#8221;stretch_row_content&#8221;][vc_column][vc_single_image image=&#8221;1221&#8243; img_size=&#8221;full&#8221; alignment=&#8221;center&#8221;][\/vc_column][\/vc_row][vc_row css=&#8221;.vc_custom_1508371605117{margin-bottom: 0px !important;padding-bottom: 0px !important;}&#8221;][vc_column][vc_column_text] Behind the product is BTC Invest company, which supply several kinds of medical devices from sport medicine, trough surgery, dermatology to safety components. It\u2019s the only manufacturer of cooling sprays in the Eastern Europe and they hold european certificate CE according to the directive 93\/42 [&hellip;]<\/p>\n","protected":false},"author":4,"featured_media":0,"parent":0,"menu_order":0,"comment_status":"closed","ping_status":"closed","template":"","meta":[],"_links":{"self":[{"href":"https:\/\/avepharma.eu\/en\/wp-json\/wp\/v2\/pages\/102"}],"collection":[{"href":"https:\/\/avepharma.eu\/en\/wp-json\/wp\/v2\/pages"}],"about":[{"href":"https:\/\/avepharma.eu\/en\/wp-json\/wp\/v2\/types\/page"}],"author":[{"embeddable":true,"href":"https:\/\/avepharma.eu\/en\/wp-json\/wp\/v2\/users\/4"}],"replies":[{"embeddable":true,"href":"https:\/\/avepharma.eu\/en\/wp-json\/wp\/v2\/comments?post=102"}],"version-history":[{"count":5,"href":"https:\/\/avepharma.eu\/en\/wp-json\/wp\/v2\/pages\/102\/revisions"}],"predecessor-version":[{"id":3515,"href":"https:\/\/avepharma.eu\/en\/wp-json\/wp\/v2\/pages\/102\/revisions\/3515"}],"wp:attachment":[{"href":"https:\/\/avepharma.eu\/en\/wp-json\/wp\/v2\/media?parent=102"}],"curies":[{"name":"wp","href":"https:\/\/api.w.org\/{rel}","templated":true}]}}