{"id":101,"date":"2017-02-11T15:15:40","date_gmt":"2017-02-11T14:15:40","guid":{"rendered":"http:\/\/wordpress.avepharma.eu\/?page_id=101"},"modified":"2022-02-14T14:34:06","modified_gmt":"2022-02-14T13:34:06","slug":"jodaqua","status":"publish","type":"page","link":"https:\/\/avepharma.eu\/en\/jodaqua\/","title":{"rendered":"J\u00d3DAQUA"},"content":{"rendered":"[vc_row full_width=&#8221;stretch_row_content&#8221;][vc_column][rev_slider_vc alias=&#8221;jodaqua-slider&#8221;][\/vc_column][\/vc_row][vc_row fullwidth=&#8221;true&#8221; fullwidth_content=&#8221;false&#8221; full_width=&#8221;stretch_row&#8221; css=&#8221;.vc_custom_1508371183434{padding-top: 35px !important;padding-bottom: 35px !important;background-color: #ebebeb !important;}&#8221;][vc_column width=&#8221;1\/2&#8243;][mk_fancy_title size=&#8221;18&#8243; font_family=&#8221;none&#8221;]J\u00d3DAQUA\u00ae 200 ml<br \/>\n[\/mk_fancy_title][vc_column_text]100% natural iodine. Jodaqua is 100% natural nutrtion supplement with contents of IODINE, thanks to which is possible to prevent of thyroid glant enlargement, fatigue syndrome, metabolism disturbance, physical activity decreas and to support helthy mental growth of a child, yet during a pregnancy.<\/p>\n<ul>\n<li>Natural iodine mineral water.<\/li>\n<li>Double dose usage in pregnancy.<\/li>\n<li>100% biological degradable iodine.<\/li>\n<li>200 recommended daily doses in one bottle.<\/li>\n<\/ul>\n[\/vc_column_text][vc_row_inner][vc_column_inner width=&#8221;1\/3&#8243;][vc_btn title=&#8221;More information&#8221; color=&#8221;green&#8221; link=&#8221;url:https%3A%2F%2Favepharma.sk%2Fjodaqua|||&#8221;][\/vc_column_inner][vc_column_inner width=&#8221;1\/3&#8243;][\/vc_column_inner][vc_column_inner width=&#8221;1\/3&#8243;][\/vc_column_inner][\/vc_row_inner][\/vc_column][vc_column width=&#8221;1\/2&#8243;][vc_single_image image=&#8221;1105&#8243; img_size=&#8221;medium&#8221; alignment=&#8221;center&#8221; onclick=&#8221;link_image&#8221;][\/vc_column][\/vc_row][vc_row css=&#8221;.vc_custom_1507474072988{padding-top: 30px !important;padding-bottom: 30px !important;}&#8221;][vc_column][vc_column_text css=&#8221;.vc_custom_1612890859015{margin-bottom: 0px !important;}&#8221;]\n<p style=\"text-align: justify;\">The products can be bought in: In every good pharmacy, and also in pharmacy nets as: : Dr.MAX, BENU, SCHNEIDER, VA\u0160A LEK\u00c1RE\u0147, LEK\u00c1RE\u0147 PARTNER, LEK\u00c1RE\u0147 PLUS, LEK\u00c1RE\u0147 SOS, MOJA LEK\u00c1RE\u0147 and on <span style=\"color: #008000;\"><a style=\"color: #008000;\" href=\"https:\/\/avepharma.sk\/jodaqu-100-prirodny-jod-200-ml\" target=\"_blank\" rel=\"noopener noreferrer\">E-SHOPE<\/a><\/span>.<\/p>\n[\/vc_column_text][\/vc_column][\/vc_row]","protected":false},"excerpt":{"rendered":"<p>[vc_row full_width=&#8221;stretch_row_content&#8221;][vc_column][rev_slider_vc alias=&#8221;jodaqua-slider&#8221;][\/vc_column][\/vc_row][vc_row fullwidth=&#8221;true&#8221; fullwidth_content=&#8221;false&#8221; full_width=&#8221;stretch_row&#8221; css=&#8221;.vc_custom_1508371183434{padding-top: 35px !important;padding-bottom: 35px !important;background-color: #ebebeb !important;}&#8221;][vc_column width=&#8221;1\/2&#8243;][mk_fancy_title size=&#8221;18&#8243; font_family=&#8221;none&#8221;]J\u00d3DAQUA\u00ae 200 ml [\/mk_fancy_title][vc_column_text]100% natural iodine. Jodaqua is 100% natural nutrtion supplement with contents of IODINE, thanks to which is possible to prevent of thyroid glant enlargement, fatigue syndrome, metabolism disturbance, physical activity decreas and to support helthy mental growth [&hellip;]<\/p>\n","protected":false},"author":4,"featured_media":0,"parent":0,"menu_order":0,"comment_status":"closed","ping_status":"closed","template":"","meta":[],"_links":{"self":[{"href":"https:\/\/avepharma.eu\/en\/wp-json\/wp\/v2\/pages\/101"}],"collection":[{"href":"https:\/\/avepharma.eu\/en\/wp-json\/wp\/v2\/pages"}],"about":[{"href":"https:\/\/avepharma.eu\/en\/wp-json\/wp\/v2\/types\/page"}],"author":[{"embeddable":true,"href":"https:\/\/avepharma.eu\/en\/wp-json\/wp\/v2\/users\/4"}],"replies":[{"embeddable":true,"href":"https:\/\/avepharma.eu\/en\/wp-json\/wp\/v2\/comments?post=101"}],"version-history":[{"count":7,"href":"https:\/\/avepharma.eu\/en\/wp-json\/wp\/v2\/pages\/101\/revisions"}],"predecessor-version":[{"id":3590,"href":"https:\/\/avepharma.eu\/en\/wp-json\/wp\/v2\/pages\/101\/revisions\/3590"}],"wp:attachment":[{"href":"https:\/\/avepharma.eu\/en\/wp-json\/wp\/v2\/media?parent=101"}],"curies":[{"name":"wp","href":"https:\/\/api.w.org\/{rel}","templated":true}]}}