{"id":100,"date":"2017-02-11T15:15:30","date_gmt":"2017-02-11T14:15:30","guid":{"rendered":"http:\/\/wordpress.avepharma.eu\/?page_id=100"},"modified":"2022-02-14T14:33:05","modified_gmt":"2022-02-14T13:33:05","slug":"heatpack","status":"publish","type":"page","link":"https:\/\/avepharma.eu\/en\/heatpack\/","title":{"rendered":"HEATPACK"},"content":{"rendered":"[vc_row full_width=&#8221;stretch_row_content&#8221;][vc_column][vc_single_image image=&#8221;869&#8243; img_size=&#8221;full&#8221; alignment=&#8221;center&#8221;][\/vc_column][\/vc_row][vc_row][vc_column][vc_column_text]\n<p style=\"text-align: justify;\"><strong>The Heatpack company<\/strong> \u2013 is a forward manufacturer of proffesional physiotherapist devices, with more than 10 years of experiences in the segment. They are one of Europeans biggest manufacturer of special wheat and the levander, used in products, while they assimilate the production to costumers\u2018 individual needs in the maximum possible rate.<\/p>\n[\/vc_column_text][\/vc_column][\/vc_row][vc_row fullwidth=&#8221;true&#8221; fullwidth_content=&#8221;false&#8221; full_width=&#8221;stretch_row&#8221; css=&#8221;.vc_custom_1508370685816{padding-top: 35px !important;padding-bottom: 35px !important;background-color: #ebebeb !important;}&#8221;][vc_column width=&#8221;1\/2&#8243;][mk_fancy_title size=&#8221;18&#8243; font_family=&#8221;none&#8221;]HEATPACK Body wrap[\/mk_fancy_title][vc_column_text]Thermotherapy &#8211; Heatpack was invented in cooperation with proffesional physiotherapists and athletes in UK. It\u2019s appropiate for warm and cold therapy for several kinds of body pains.<\/p>\n<ul>\n<li>Dry heat \/ cold.<\/li>\n<li>Quick and practical.<\/li>\n<li>Absorbs pain of muscles, joints and spine.<\/li>\n<\/ul>\n[\/vc_column_text][vc_row_inner][vc_column_inner width=&#8221;1\/3&#8243;][vc_btn title=&#8221;More information&#8221; color=&#8221;green&#8221; link=&#8221;url:https%3A%2F%2Favepharma.sk%2Fheatpack-bedrovy-pas|||&#8221;][\/vc_column_inner][vc_column_inner width=&#8221;1\/3&#8243;][\/vc_column_inner][vc_column_inner width=&#8221;1\/3&#8243;][\/vc_column_inner][\/vc_row_inner][\/vc_column][vc_column width=&#8221;1\/2&#8243;][vc_single_image image=&#8221;1103&#8243; img_size=&#8221;medium&#8221; alignment=&#8221;center&#8221; onclick=&#8221;link_image&#8221;][\/vc_column][\/vc_row][vc_row full_width=&#8221;stretch_row&#8221; css=&#8221;.vc_custom_1508370702355{padding-top: 35px !important;padding-bottom: 35px !important;}&#8221;][vc_column width=&#8221;1\/2&#8243;][vc_single_image image=&#8221;1104&#8243; img_size=&#8221;medium&#8221; alignment=&#8221;center&#8221; onclick=&#8221;link_image&#8221;][\/vc_column][vc_column width=&#8221;1\/2&#8243;][mk_fancy_title size=&#8221;18&#8243; font_family=&#8221;none&#8221;]HEATPACK Neck Wrap<br \/>\n[\/mk_fancy_title][vc_column_text]Thermotherapy &#8211; Heatpack was invented in cooperation with proffesional physiotherapists and athletes in UK. It\u2019s appropiate for warm and cold therapy for several kinds of body pains.<\/p>\n<ul>\n<li>Dry heat \/ cold.<\/li>\n<li>Quick and practical.<\/li>\n<li>Absorbs pain of muscles, joints and spine.<\/li>\n<\/ul>\n[\/vc_column_text][vc_row_inner][vc_column_inner width=&#8221;1\/3&#8243;][vc_btn title=&#8221;More information&#8221; color=&#8221;green&#8221; link=&#8221;url:https%3A%2F%2Favepharma.sk%2Fheatpack-krcny-golier|||&#8221;][\/vc_column_inner][vc_column_inner width=&#8221;1\/3&#8243;][\/vc_column_inner][vc_column_inner width=&#8221;1\/3&#8243;][\/vc_column_inner][\/vc_row_inner][\/vc_column][\/vc_row][vc_row css=&#8221;.vc_custom_1508370813773{padding-top: 35px !important;padding-bottom: 35px !important;}&#8221;][vc_column][vc_column_text css=&#8221;.vc_custom_1612890045081{margin-bottom: 0px !important;}&#8221;]\n<p style=\"text-align: justify;\">The products can be bought in:<br \/>\nIn every good pharmacy, and also in pharmacy nets as: : Dr.MAX, BENU, SCHNEIDER, VA\u0160A LEK\u00c1RE\u0147, LEK\u00c1RE\u0147 PARTNER, LEK\u00c1RE\u0147 PLUS, LEK\u00c1RE\u0147 SOS, MOJA LEK\u00c1RE\u0147 and on <span style=\"color: #008000;\"><a style=\"color: #008000;\" href=\"https:\/\/avepharma.sk\" target=\"_blank\" rel=\"noopener noreferrer\">E-SHOPE<\/a>.<\/span><\/p>\n[\/vc_column_text][\/vc_column][\/vc_row]","protected":false},"excerpt":{"rendered":"<p>[vc_row full_width=&#8221;stretch_row_content&#8221;][vc_column][vc_single_image image=&#8221;869&#8243; img_size=&#8221;full&#8221; alignment=&#8221;center&#8221;][\/vc_column][\/vc_row][vc_row][vc_column][vc_column_text] The Heatpack company \u2013 is a forward manufacturer of proffesional physiotherapist devices, with more than 10 years of experiences in the segment. They are one of Europeans biggest manufacturer of special wheat and the levander, used in products, while they assimilate the production to costumers\u2018 individual needs in the maximum [&hellip;]<\/p>\n","protected":false},"author":4,"featured_media":0,"parent":0,"menu_order":0,"comment_status":"closed","ping_status":"closed","template":"","meta":[],"_links":{"self":[{"href":"https:\/\/avepharma.eu\/en\/wp-json\/wp\/v2\/pages\/100"}],"collection":[{"href":"https:\/\/avepharma.eu\/en\/wp-json\/wp\/v2\/pages"}],"about":[{"href":"https:\/\/avepharma.eu\/en\/wp-json\/wp\/v2\/types\/page"}],"author":[{"embeddable":true,"href":"https:\/\/avepharma.eu\/en\/wp-json\/wp\/v2\/users\/4"}],"replies":[{"embeddable":true,"href":"https:\/\/avepharma.eu\/en\/wp-json\/wp\/v2\/comments?post=100"}],"version-history":[{"count":5,"href":"https:\/\/avepharma.eu\/en\/wp-json\/wp\/v2\/pages\/100\/revisions"}],"predecessor-version":[{"id":3637,"href":"https:\/\/avepharma.eu\/en\/wp-json\/wp\/v2\/pages\/100\/revisions\/3637"}],"wp:attachment":[{"href":"https:\/\/avepharma.eu\/en\/wp-json\/wp\/v2\/media?parent=100"}],"curies":[{"name":"wp","href":"https:\/\/api.w.org\/{rel}","templated":true}]}}